{"id":5110,"date":"2025-06-15T16:28:18","date_gmt":"2025-06-15T16:28:18","guid":{"rendered":"https:\/\/lepika.si\/?post_type=product&#038;p=5110"},"modified":"2025-06-15T16:28:18","modified_gmt":"2025-06-15T16:28:18","slug":"pilice-nalepke-180-paket-20-kom","status":"publish","type":"product","link":"https:\/\/lepika.si\/en\/product\/pilice-nalepke-180-paket-20-kom\/","title":{"rendered":"Pilice nalepke 180 (paket 20 kom.)"},"content":{"rendered":"<p>Zamenljive pilice &#8211; nalepke za profesionalno pilico za nohte s kovinskim jedrom olaj\u0161ajo delo in hkrati zagotavljajo sterilnost.\u00a0 Granulacija 180 in priljubljena oblika polmeseca je idealna za kraj\u0161anje in pripravo naravne nohtne plo\u0161\u010de ter oblikovanje geliranih nohtov. Odli\u010dna za vse vrste materiala za nohte.<\/p>\n<p>Ergonomska oblika<br \/>\nOblika polmeseca je edinstvena, ergonomska kombinacija dveh priljubljenih oblik pilic \u2013 ravne in banane, ki zagotavlja udobje med delom in natan\u010dno obdelavo okoli obnohtne ko\u017eice ter dosega te\u017eko dostopna mesta.<\/p>\n<p>Pakiranje vsebuje 20 kosov.<\/p>","protected":false},"excerpt":{"rendered":"<p>Zamenljive pilice &#8211; nalepke za profesionalno pilico za nohte s kovinskim jedrom olaj\u0161ajo delo in hkrati zagotavljajo sterilnost.\u00a0 Granulacija 180 in priljubljena oblika polmeseca je idealna za kraj\u0161anje in pripravo naravne nohtne plo\u0161\u010de ter oblikovanje geliranih nohtov. Odli\u010dna za vse vrste materiala za nohte.<\/p>\n<p>Ergonomska oblika<br \/>\nOblika polmeseca je edinstvena, ergonomska kombinacija dveh priljubljenih oblik pilic \u2013 ravne in banane, ki zagotavlja udobje med delom in natan\u010dno obdelavo okoli obnohtne ko\u017eice ter dosega te\u017eko dostopna mesta.<\/p>\n<p>Pakiranje vsebuje 20 kosov.<\/p>","protected":false},"featured_media":5111,"template":"","meta":{"site-sidebar-layout":"default","site-content-layout":"","ast-site-content-layout":"default","site-content-style":"default","site-sidebar-style":"default","ast-global-header-display":"","ast-banner-title-visibility":"","ast-main-header-display":"","ast-hfb-above-header-display":"","ast-hfb-below-header-display":"","ast-hfb-mobile-header-display":"","site-post-title":"","ast-breadcrumbs-content":"","ast-featured-img":"","footer-sml-layout":"","theme-transparent-header-meta":"default","adv-header-id-meta":"","stick-header-meta":"","header-above-stick-meta":"","header-main-stick-meta":"","header-below-stick-meta":"","astra-migrate-meta-layouts":"set","ast-page-background-enabled":"default","ast-page-background-meta":{"desktop":{"background-color":"","background-image":"","background-repeat":"repeat","background-position":"center center","background-size":"auto","background-attachment":"scroll","background-type":"","background-media":"","overlay-type":"","overlay-color":"","overlay-opacity":"","overlay-gradient":""},"tablet":{"background-color":"","background-image":"","background-repeat":"repeat","background-position":"center center","background-size":"auto","background-attachment":"scroll","background-type":"","background-media":"","overlay-type":"","overlay-color":"","overlay-opacity":"","overlay-gradient":""},"mobile":{"background-color":"","background-image":"","background-repeat":"repeat","background-position":"center center","background-size":"auto","background-attachment":"scroll","background-type":"","background-media":"","overlay-type":"","overlay-color":"","overlay-opacity":"","overlay-gradient":""}},"ast-content-background-meta":{"desktop":{"background-color":"var(--ast-global-color-5)","background-image":"","background-repeat":"repeat","background-position":"center center","background-size":"auto","background-attachment":"scroll","background-type":"","background-media":"","overlay-type":"","overlay-color":"","overlay-opacity":"","overlay-gradient":""},"tablet":{"background-color":"var(--ast-global-color-5)","background-image":"","background-repeat":"repeat","background-position":"center center","background-size":"auto","background-attachment":"scroll","background-type":"","background-media":"","overlay-type":"","overlay-color":"","overlay-opacity":"","overlay-gradient":""},"mobile":{"background-color":"var(--ast-global-color-5)","background-image":"","background-repeat":"repeat","background-position":"center center","background-size":"auto","background-attachment":"scroll","background-type":"","background-media":"","overlay-type":"","overlay-color":"","overlay-opacity":"","overlay-gradient":""}}},"product_brand":[],"product_cat":[73,74,78],"product_tag":[],"class_list":{"0":"post-5110","1":"product","2":"type-product","3":"status-publish","4":"has-post-thumbnail","6":"product_cat-manikira","7":"product_cat-potrosni-material","8":"product_cat-pripomocki","9":"desktop-align-left","10":"tablet-align-left","11":"mobile-align-left","13":"first","14":"instock","15":"taxable","16":"shipping-taxable","17":"purchasable","18":"product-type-simple"},"_links":{"self":[{"href":"https:\/\/lepika.si\/en\/wp-json\/wp\/v2\/product\/5110","targetHints":{"allow":["GET"]}}],"collection":[{"href":"https:\/\/lepika.si\/en\/wp-json\/wp\/v2\/product"}],"about":[{"href":"https:\/\/lepika.si\/en\/wp-json\/wp\/v2\/types\/product"}],"version-history":[{"count":1,"href":"https:\/\/lepika.si\/en\/wp-json\/wp\/v2\/product\/5110\/revisions"}],"predecessor-version":[{"id":5114,"href":"https:\/\/lepika.si\/en\/wp-json\/wp\/v2\/product\/5110\/revisions\/5114"}],"wp:featuredmedia":[{"embeddable":true,"href":"https:\/\/lepika.si\/en\/wp-json\/wp\/v2\/media\/5111"}],"wp:attachment":[{"href":"https:\/\/lepika.si\/en\/wp-json\/wp\/v2\/media?parent=5110"}],"wp:term":[{"taxonomy":"product_brand","embeddable":true,"href":"https:\/\/lepika.si\/en\/wp-json\/wp\/v2\/product_brand?post=5110"},{"taxonomy":"product_cat","embeddable":true,"href":"https:\/\/lepika.si\/en\/wp-json\/wp\/v2\/product_cat?post=5110"},{"taxonomy":"product_tag","embeddable":true,"href":"https:\/\/lepika.si\/en\/wp-json\/wp\/v2\/product_tag?post=5110"}],"curies":[{"name":"wp","href":"https:\/\/api.w.org\/{rel}","templated":true}]}}