{"id":5115,"date":"2025-06-16T19:44:51","date_gmt":"2025-06-16T19:44:51","guid":{"rendered":"https:\/\/lepika.si\/?post_type=product&#038;p=5115"},"modified":"2025-06-16T19:44:51","modified_gmt":"2025-06-16T19:44:51","slug":"pilica-kovinska-baza","status":"publish","type":"product","link":"https:\/\/lepika.si\/en\/product\/pilica-kovinska-baza\/","title":{"rendered":"Pilica kovinska baza"},"content":{"rendered":"<p>Kovinska osnova za pilico za nohte<br \/>\nKovinska osnova in pilice &#8211; nalepke so nepogre\u0161ljivo orodje v vsakem salonu. Mo\u017enost uporabe zamenljivih nalepk omogo\u010da hitro in enostavno delo. Uporaba materialov, ki zagotavljajo sterilnost in so za enkratno uporabo, omogo\u010dajo vzdr\u017eevanje visokih higienskih standardov in opravljanje dela v varnih pogojih.<\/p>\n<p>Ergonomska oblika kovinske osnove omogo\u010da, da je delo z njo ne le udobno, ampak tudi natan\u010dno. Omogo\u010da dostop do te\u017eko dostopnih mest, kar je klju\u010dnega pomena pri delu stilista. Zamenljivi nastavki za pilico so na voljo v razli\u010dnih granulacijah, zaradi \u010desar so popolni za razli\u010dne faze oblikovanja nohtov. Omogo\u010dajo natan\u010dno glajenje, matiranje in odstranjevanje nepravilnosti. Njihova prilagodljivost in visoka kakovost izdelave zagotavljata udobno uporabo.<\/p>\n<p>Paket vsebuje: 1 kovinsko osnovo<br \/>\nZamenljive pilice se prodajajo lo\u010deno.<\/p>","protected":false},"excerpt":{"rendered":"<p>Kovinska osnova za pilico za nohte<br \/>\nKovinska osnova in pilice &#8211; nalepke so nepogre\u0161ljivo orodje v vsakem salonu. Mo\u017enost uporabe zamenljivih nalepk omogo\u010da hitro in enostavno delo. Uporaba materialov, ki zagotavljajo sterilnost in so za enkratno uporabo, omogo\u010dajo vzdr\u017eevanje visokih higienskih standardov in opravljanje dela v varnih pogojih.<\/p>","protected":false},"featured_media":5116,"template":"","meta":{"site-sidebar-layout":"default","site-content-layout":"","ast-site-content-layout":"default","site-content-style":"default","site-sidebar-style":"default","ast-global-header-display":"","ast-banner-title-visibility":"","ast-main-header-display":"","ast-hfb-above-header-display":"","ast-hfb-below-header-display":"","ast-hfb-mobile-header-display":"","site-post-title":"","ast-breadcrumbs-content":"","ast-featured-img":"","footer-sml-layout":"","theme-transparent-header-meta":"default","adv-header-id-meta":"","stick-header-meta":"","header-above-stick-meta":"","header-main-stick-meta":"","header-below-stick-meta":"","astra-migrate-meta-layouts":"set","ast-page-background-enabled":"default","ast-page-background-meta":{"desktop":{"background-color":"","background-image":"","background-repeat":"repeat","background-position":"center center","background-size":"auto","background-attachment":"scroll","background-type":"","background-media":"","overlay-type":"","overlay-color":"","overlay-opacity":"","overlay-gradient":""},"tablet":{"background-color":"","background-image":"","background-repeat":"repeat","background-position":"center center","background-size":"auto","background-attachment":"scroll","background-type":"","background-media":"","overlay-type":"","overlay-color":"","overlay-opacity":"","overlay-gradient":""},"mobile":{"background-color":"","background-image":"","background-repeat":"repeat","background-position":"center center","background-size":"auto","background-attachment":"scroll","background-type":"","background-media":"","overlay-type":"","overlay-color":"","overlay-opacity":"","overlay-gradient":""}},"ast-content-background-meta":{"desktop":{"background-color":"var(--ast-global-color-5)","background-image":"","background-repeat":"repeat","background-position":"center center","background-size":"auto","background-attachment":"scroll","background-type":"","background-media":"","overlay-type":"","overlay-color":"","overlay-opacity":"","overlay-gradient":""},"tablet":{"background-color":"var(--ast-global-color-5)","background-image":"","background-repeat":"repeat","background-position":"center center","background-size":"auto","background-attachment":"scroll","background-type":"","background-media":"","overlay-type":"","overlay-color":"","overlay-opacity":"","overlay-gradient":""},"mobile":{"background-color":"var(--ast-global-color-5)","background-image":"","background-repeat":"repeat","background-position":"center center","background-size":"auto","background-attachment":"scroll","background-type":"","background-media":"","overlay-type":"","overlay-color":"","overlay-opacity":"","overlay-gradient":""}}},"product_brand":[],"product_cat":[73,74],"product_tag":[],"class_list":{"0":"post-5115","1":"product","2":"type-product","3":"status-publish","4":"has-post-thumbnail","6":"product_cat-manikira","7":"product_cat-potrosni-material","8":"desktop-align-left","9":"tablet-align-left","10":"mobile-align-left","12":"first","13":"instock","14":"taxable","15":"shipping-taxable","16":"purchasable","17":"product-type-simple"},"_links":{"self":[{"href":"https:\/\/lepika.si\/en\/wp-json\/wp\/v2\/product\/5115","targetHints":{"allow":["GET"]}}],"collection":[{"href":"https:\/\/lepika.si\/en\/wp-json\/wp\/v2\/product"}],"about":[{"href":"https:\/\/lepika.si\/en\/wp-json\/wp\/v2\/types\/product"}],"version-history":[{"count":1,"href":"https:\/\/lepika.si\/en\/wp-json\/wp\/v2\/product\/5115\/revisions"}],"predecessor-version":[{"id":5118,"href":"https:\/\/lepika.si\/en\/wp-json\/wp\/v2\/product\/5115\/revisions\/5118"}],"wp:featuredmedia":[{"embeddable":true,"href":"https:\/\/lepika.si\/en\/wp-json\/wp\/v2\/media\/5116"}],"wp:attachment":[{"href":"https:\/\/lepika.si\/en\/wp-json\/wp\/v2\/media?parent=5115"}],"wp:term":[{"taxonomy":"product_brand","embeddable":true,"href":"https:\/\/lepika.si\/en\/wp-json\/wp\/v2\/product_brand?post=5115"},{"taxonomy":"product_cat","embeddable":true,"href":"https:\/\/lepika.si\/en\/wp-json\/wp\/v2\/product_cat?post=5115"},{"taxonomy":"product_tag","embeddable":true,"href":"https:\/\/lepika.si\/en\/wp-json\/wp\/v2\/product_tag?post=5115"}],"curies":[{"name":"wp","href":"https:\/\/api.w.org\/{rel}","templated":true}]}}