{"id":5138,"date":"2025-06-16T20:21:35","date_gmt":"2025-06-16T20:21:35","guid":{"rendered":"https:\/\/lepika.si\/?post_type=product&#038;p=5138"},"modified":"2025-08-25T15:16:24","modified_gmt":"2025-08-25T15:16:24","slug":"keraveg-lash-brow-lift-set","status":"publish","type":"product","link":"https:\/\/lepika.si\/en\/product\/keraveg-lash-brow-lift-set\/","title":{"rendered":"Elan KeraVEG lash &#038; brow lift set"},"content":{"rendered":"<p>1. Serum za lash &amp; bro lift KeraSoft, 1. korak, je zasnovan za PRVO fazo postopka.<\/p>\n<p>\u2013 zmeh\u010da obrvi in \u200b\u200btrepalnice;<br \/>\n\u2013 naredi dla\u010dice bolj elasti\u010dne in pro\u017ene, tako da lahko zlahka prevzamejo novo obliko;<br \/>\n\u2013 negovalni kompleks na osnovi veganskih beljakovin in jojobinega olja pomagajo za\u0161\u010dititi obrvi in \u200b\u200btrepalnice med tretmajem ter prepre\u010duje njihovo dehidracijo in lomljenje.<\/p>\n<p>2. Serum za fiksiranje trepalnic in obrvi KeraBoost, 2. korak, je zasnovan za DRUGO fazo postopka.<\/p>\n<p>\u2013 fiksira novo obliko in smer dla\u010dic;<br \/>\n\u2013 v tej fazi se lahko uporablja kot samostojen izdelek ali skupaj z barvo za trepalnice KeraTint, kar omogo\u010da kombiniranje dviga in barvanja trepalnic ter znatno skraj\u0161anje \u010dasa celotnega postopka;<br \/>\n\u2013 veganske beljakovine in glicerin imata negovalni u\u010dinek.<\/p>\n<p>3. Barva za trepalnice KeraTint lahko Uporablja se lahko kot DRUGI korak v postopku dvigovanja trepalnic (s predhodnim me\u0161anjem s KeraBoost Step 2) ali kot samostojno barvanje :<\/p>\n<p>\u2013 zagotavlja hitro in intenzivno barvanje trepalnic;<br \/>\n\u2013 omogo\u010da odli\u010dne rezultate zaradi edinstvene mo\u017enosti kombiniranja dvigovanja in barvanja trepalnic;<br \/>\n\u2013 veganski proteini in izvle\u010dek son\u010dni\u010dnih semen zagotavljajo dodatno nego trepalnic med tretmajem.<\/p>\n<p>4. KeraCare Lash and Brow Caring Serum Step 3 je zasnovan za TRETJI korak.<\/p>\n<p>\u2013 zagotavlja trepalnicam in obrvem intenzivno nego in vla\u017eenje zaradi kompleksa beljakovin;<br \/>\n\u2013 ceramidi pomagajo krepiti dla\u010dice in obnoviti njihovo hidrolipidno ravnovesje;<br \/>\n\u2013 jojobino olje ima za\u0161\u010ditni in antioksidativni u\u010dinek;<br \/>\n\u2013 lahko se uporablja za zmanj\u0161anje potemnenja obrvi pred barvanjem.<\/p>\n<p><strong>UPORABA:<\/strong><\/p>\n<p>KORAKI POSTOPKA LAMINACIJE OBRVI<\/p>\n<p>1) Analizirajte stanje dla\u010dic stranke<\/p>\n<p>Dolo\u010dite \u010das delovanja seruma za dvig trepalnic in obrvi KeraSoft, 1. korak, v skladu s spodnjimi navodili:<\/p>\n<p><strong>1. vrsta:<\/strong> dla\u010dice obrvi so debele, koni\u010daste, ki niso bile predhodno kemi\u010dno obdelane (barvanje ali beljenje obrvi) \u2013 \u010das delovanja je 8\u201310 minut;<\/p>\n<p><strong>2. vrsta:<\/strong> dla\u010dice obrvi so srednje debele, naravne, zdrave ali so bile predhodno kemi\u010dno obdelane (barvanje ali beljenje obrvi) \u2013 \u010das delovanja je 5\u20137 minut.<\/p>\n<p>OPOMBA! Najdalj\u0161i \u010das delovanja seruma za dvig trepalnic in obrvi KeraSoft, 1. korak, je 10 minut. Temperatura zraka v prostoru neposredno vpliva na hitrost delovanja raztopine. Vi\u0161ja kot je temperatura, kraj\u0161i je \u010das reakcije.<\/p>\n<p>\u010cas delovanja seruma za u\u010dvrstitev trepalnic in obrvi KeraBoost, korak 2, je 7 minut in ni odvisen od stanja dlak stranke ter \u010dasa delovanja seruma za dvig trepalnic in obrvi KeraSoft, korak 1.<\/p>\n<p>2) Pripravite obrvi na postopek laminiranja<\/p>\n<p>Pred postopkom laminiranja obrvi uporabite peno <a href=\"https:\/\/lepika.si\/en\/product\/elan-cleansing-mousse-2-0\/\">\u00ab\u00c9LAN DETOX-MOUSSE\u00bb<\/a>. Peno odstranite z vatno blazinico, navla\u017eeno z vodo.<\/p>\n<p>3) Oblikujte obrvi \u2013 serum za dvig trepalnic in obrvi KeraSoft, korak 1<\/p>\n<p>OPOMBA! \u010ce ima stranka tanko in ob\u010dutljivo ko\u017eo, je treba na obrvi nanesti tanko plast kreme z arganovim oljem \u00c9LAN SKIN PROTECTOR, na ko\u017eo okoli obrvi pa debelej\u0161o plast.<\/p>\n<p>3.1 Na obrvi nanesite KeraSoft Lash and Brow Lifting Serum Step 1. \u010cas delovanja je 5\u201310 minut.<\/p>\n<p>3.2 Odve\u010dni izdelek odstranite z vatno blazinico, navla\u017eeno z vodo.<\/p>\n<p>OPOMBA! Pri oblikovanju oblike obrvi je pomembno upo\u0161tevati smer rasti obrvi. Sprememba oblike obrvi mora biti gladka, da se dla\u010dice ne zvijejo.<\/p>\n<p>4) Fiksirajte smer obrvi \u2013 KeraBoost Lash and Brow Fixing Serum Step 2<\/p>\n<p>4.1 Na obrvi nanesite KeraBoost Lash and Brow Fixing Serum Step 2 in ga razporedite po obrveh, pri \u010demer dla\u010dice usmerite v pravo smer. \u010cas delovanja je 7 minut.<\/p>\n<p>4.2 Odve\u010dni izdelek odstranite z vatno blazinico, navla\u017eeno z vodo, ali z \u00ab\u00c9LAN DETOX-MOUSSE\u00bb. \u010ce uporabljate \u00ab\u00c9LAN DETOX-MOUSSE\u00bb, peno odstranite z vatno blazinico, navla\u017eeno z vodo.<\/p>\n<p>5) Nega obrvi \u2013 KeraCare Lash and Brow Caring Serum Step 3<\/p>\n<p>Po uporabi KeraBoost Lash and Brow Fixing Serum Step 2 ali barvanju obrvi nanesite KeraCare Lash and Brow Caring Serum Step 3 na predhodno o\u010di\u0161\u010den predel obrvi in \u200b\u200bga enakomerno razporedite. Pustite delovati, dokler se popolnoma ne vpije. Ne izpirajte.<\/p>\n<p>OPOMBA! \u010ce je barvanje obrvi na\u010drtovano po laminiranju obrvi, je treba po nanosu \u00c9LAN COLOUR FIX na obrvi nanesti serum KeraCare Lash and Brow Caring Serum Step 3.<\/p>\n<p>KORAKI POSTOPKA DVIGOVANJA TREPALNIC<\/p>\n<p>1) Analizirajte stanje trepalnic stranke<\/p>\n<p>Dolo\u010dite \u010das obdelave in vrsto raztopine \u2013 KeraSoft Lash and Brow Lifting Serum Step 1 ali KeraSoft Lash Lifting Serum Step 1 v skladu s spodnjimi navodili:<\/p>\n<p>1. vrsta: trepalnice so debele in ravne, ki niso bile predhodno kemi\u010dno obdelane (dvigovanje trepalnic, barvanje ali beljenje) \u2012 KeraSoft Lash Lifting Serum Step 1, \u010das obdelave je 8\u201310 minut;<\/p>\n<p>2. vrsta: trepalnice so srednje debele ali tanke, ki niso bile predhodno kemi\u010dno obdelane (dvigovanje trepalnic, barvanje ali beljenje) \u2012 KeraSoft Lash Lifting Serum Step 1, \u010das obdelave je 5\u20137 minut;<\/p>\n<p>3. vrsta: trepalnice so srednje debele, ki so bile predhodno kemi\u010dno obdelane (dvigovanje trepalnic, barvanje ali beljenje) \u2012 KeraSof<\/p>","protected":false},"excerpt":{"rendered":"<p>Profesionalni komplet za postopek dvigovanja trepalnic in laminiranja obrvi z inovativnim sistemom KeraVEG. Komplet vsebuje:<\/p>\n<p>1. KeraSoft serum za dvigovanje trepalnic in obrvi, korak 1 (10 ml) \u2014 1 kos.<\/p>\n<p>2. KeraBoost serum za fiksiranje trepalnic in obrvi, korak 2 (30 ml) \u2014 1 kos.<\/p>\n<p>3. KeraTint barva za trepalnice (10 ml) \u2014 1 kos.<\/p>\n<p>4. KeraCare serum za nego trepalnic in obrvi, korak 3 (10 ml) \u2014 1 kos.<\/p>","protected":false},"featured_media":5139,"template":"","meta":{"site-sidebar-layout":"default","site-content-layout":"","ast-site-content-layout":"default","site-content-style":"default","site-sidebar-style":"default","ast-global-header-display":"","ast-banner-title-visibility":"","ast-main-header-display":"","ast-hfb-above-header-display":"","ast-hfb-below-header-display":"","ast-hfb-mobile-header-display":"","site-post-title":"","ast-breadcrumbs-content":"","ast-featured-img":"","footer-sml-layout":"","theme-transparent-header-meta":"default","adv-header-id-meta":"","stick-header-meta":"","header-above-stick-meta":"","header-main-stick-meta":"","header-below-stick-meta":"","astra-migrate-meta-layouts":"set","ast-page-background-enabled":"default","ast-page-background-meta":{"desktop":{"background-color":"","background-image":"","background-repeat":"repeat","background-position":"center center","background-size":"auto","background-attachment":"scroll","background-type":"","background-media":"","overlay-type":"","overlay-color":"","overlay-opacity":"","overlay-gradient":""},"tablet":{"background-color":"","background-image":"","background-repeat":"repeat","background-position":"center center","background-size":"auto","background-attachment":"scroll","background-type":"","background-media":"","overlay-type":"","overlay-color":"","overlay-opacity":"","overlay-gradient":""},"mobile":{"background-color":"","background-image":"","background-repeat":"repeat","background-position":"center center","background-size":"auto","background-attachment":"scroll","background-type":"","background-media":"","overlay-type":"","overlay-color":"","overlay-opacity":"","overlay-gradient":""}},"ast-content-background-meta":{"desktop":{"background-color":"var(--ast-global-color-5)","background-image":"","background-repeat":"repeat","background-position":"center center","background-size":"auto","background-attachment":"scroll","background-type":"","background-media":"","overlay-type":"","overlay-color":"","overlay-opacity":"","overlay-gradient":""},"tablet":{"background-color":"var(--ast-global-color-5)","background-image":"","background-repeat":"repeat","background-position":"center center","background-size":"auto","background-attachment":"scroll","background-type":"","background-media":"","overlay-type":"","overlay-color":"","overlay-opacity":"","overlay-gradient":""},"mobile":{"background-color":"var(--ast-global-color-5)","background-image":"","background-repeat":"repeat","background-position":"center center","background-size":"auto","background-attachment":"scroll","background-type":"","background-media":"","overlay-type":"","overlay-color":"","overlay-opacity":"","overlay-gradient":""}}},"product_brand":[],"product_cat":[72,71,86],"product_tag":[],"class_list":{"0":"post-5138","1":"product","2":"type-product","3":"status-publish","4":"has-post-thumbnail","6":"product_cat-obrvi","7":"product_cat-trepalnice","8":"product_cat-vihanje-trepalnic","9":"desktop-align-left","10":"tablet-align-left","11":"mobile-align-left","13":"first","14":"instock","15":"taxable","16":"shipping-taxable","17":"purchasable","18":"product-type-simple"},"_links":{"self":[{"href":"https:\/\/lepika.si\/en\/wp-json\/wp\/v2\/product\/5138","targetHints":{"allow":["GET"]}}],"collection":[{"href":"https:\/\/lepika.si\/en\/wp-json\/wp\/v2\/product"}],"about":[{"href":"https:\/\/lepika.si\/en\/wp-json\/wp\/v2\/types\/product"}],"version-history":[{"count":4,"href":"https:\/\/lepika.si\/en\/wp-json\/wp\/v2\/product\/5138\/revisions"}],"predecessor-version":[{"id":5240,"href":"https:\/\/lepika.si\/en\/wp-json\/wp\/v2\/product\/5138\/revisions\/5240"}],"wp:featuredmedia":[{"embeddable":true,"href":"https:\/\/lepika.si\/en\/wp-json\/wp\/v2\/media\/5139"}],"wp:attachment":[{"href":"https:\/\/lepika.si\/en\/wp-json\/wp\/v2\/media?parent=5138"}],"wp:term":[{"taxonomy":"product_brand","embeddable":true,"href":"https:\/\/lepika.si\/en\/wp-json\/wp\/v2\/product_brand?post=5138"},{"taxonomy":"product_cat","embeddable":true,"href":"https:\/\/lepika.si\/en\/wp-json\/wp\/v2\/product_cat?post=5138"},{"taxonomy":"product_tag","embeddable":true,"href":"https:\/\/lepika.si\/en\/wp-json\/wp\/v2\/product_tag?post=5138"}],"curies":[{"name":"wp","href":"https:\/\/api.w.org\/{rel}","templated":true}]}}