{"id":5143,"date":"2025-06-16T20:38:25","date_gmt":"2025-06-16T20:38:25","guid":{"rendered":"https:\/\/lepika.si\/?post_type=product&#038;p=5143"},"modified":"2025-08-25T15:16:16","modified_gmt":"2025-08-25T15:16:16","slug":"lash-lift-set-supersonic-2-0-clear","status":"publish","type":"product","link":"https:\/\/lepika.si\/en\/product\/lash-lift-set-supersonic-2-0-clear\/","title":{"rendered":"Elan Lash Lift Set SUPERSONIC clear"},"content":{"rendered":"<p>Serum 1 &#8211; PROZORNA razli\u010dica:<\/p>\n<p>Serum 1 je raztopina, ki se uporablja za PRVI del postopka upogibanja obrvi in \u200b\u200btrepalnic. Izdelek zmeh\u010da lasno povrhnjico, odpre luske povrhnjice in prodre globoko v dla\u010dice. Zaradi kombinacije dveh razli\u010dnih spro\u0161\u010dujo\u010dih in dveh razli\u010dnih alkalizirajo\u010dih snovi serum hitro in u\u010dinkovito preoblikuje disulfidne vezi v dla\u010dicah, s \u010dimer skraj\u0161a \u010das postopka. Negujo\u010d kompleks na osnovi keratina in kolagena \u0161\u010diti dla\u010dice pred dehidracijo in krhkostjo ter ohranja vlago v njih.<\/p>\n<p>Serum 2:<\/p>\n<p>Serum 2 je raztopina, ki se uporablja za DRUGI del postopka upogibanja obrvi in \u200b\u200btrepalnic. Idealna formulacija izdelka zagotavlja maksimalno interakcijo s Serumom 1, olaj\u0161a fiksacijo novo nastalih vezi v dla\u010dicah in zagotavlja pri\u010dakovani rezultat. Negujo\u010di kompleks na osnovi polimerov in arganovega olja v kombinaciji s hidroliziranim kolagenom zagotavlja vrhunsko za\u0161\u010dito dla\u010dic.<\/p>\n<p>Multivitor\/3. korak:<\/p>\n<p>Multivitor je raztopina, ki se uporablja za TRETJI (zadnji) del postopka upogibanja obrvi in \u200b\u200btrepalnic. Patentirana komponenta MULTIVIT SHUTTLE v kombinaciji s sestavinami soje in p\u0161enice ter betainom, keratinom in za\u0161\u010ditnimi polimeri zagotavlja u\u010dinkovito regeneracijo dlak in njihov naravni pH.<\/p>\n<p>SESTAVINE:<\/p>\n<p>Aqua, Thioglycolic Acid, Cysteamine Hcl, Cetearyl Alcohol, Ammonium Hydroxide, Ethanolamine, Propylene Glycol, Paraffinum Liquidum, Ethylhexyl Stearate, Parfum, Cetrimonium Chloride, Mica, Sodium Erythorbate, Ceteareth-20, Sodium Sulfite, Diazolidinyl Urea, Methylparaben, Propylparaben, Disodium Edta, Polyquaternium-22, Collagen, Iodopropynyl Butylcarbamate, Hydrolyzed Keratin, Triethoxycaprylylsilane, Lauroyl Lysine, Ci 45410.<\/p>","protected":false},"excerpt":{"rendered":"<p>Profesionalni komplet za postopek upogibanja trepalnic.<\/p>\n<p>Profesionalni komplet je sestavljen iz:<\/p>\n<p>1. Sistem za upogibanje trepalnic \u00abSUPERSONIC 2.0\u00bb Serum 1 clear (10 ml) \u2014 1 kos.<\/p>\n<p>2. Sistem za upogibanje obrvi in \u200b\u200btrepalnic \u00abSUPERSONIC 2.0\u00bb Serum 2 (10 ml) \u2014 1 kos.<\/p>\n<p>3. Sistem za upogibanje obrvi in \u200b\u200btrepalnic \u00abSUPERSONIC 2.0\u00bb Multivitor (10 ml) \u2014 1 kos.<\/p>\n<p>Komplet za dvigovanje trepalnic SUPERSONIC 2.0 Professional Lash Lift vsebuje Serum 1, Serum 2 in Serum 3 Multivitor.<br \/>\nOpomba! Strokovni sistem za upogibanje obrvi in \u200b\u200btrepalnic \u00abSUPERSONIC\u00bb je zasnovan izklju\u010dno za profesionalno uporabo!<br \/>\nOpomba! Serum 1, Serum 2 in Serum 3 Multivitor je treba uporabljati v kombinaciji.<\/p>\n<p>Rok uporabe: 24 mesecev<br \/>\nObdobje po odprtju: 6 mesecev<\/p>","protected":false},"featured_media":5144,"template":"","meta":{"site-sidebar-layout":"default","site-content-layout":"","ast-site-content-layout":"default","site-content-style":"default","site-sidebar-style":"default","ast-global-header-display":"","ast-banner-title-visibility":"","ast-main-header-display":"","ast-hfb-above-header-display":"","ast-hfb-below-header-display":"","ast-hfb-mobile-header-display":"","site-post-title":"","ast-breadcrumbs-content":"","ast-featured-img":"","footer-sml-layout":"","theme-transparent-header-meta":"default","adv-header-id-meta":"","stick-header-meta":"","header-above-stick-meta":"","header-main-stick-meta":"","header-below-stick-meta":"","astra-migrate-meta-layouts":"set","ast-page-background-enabled":"default","ast-page-background-meta":{"desktop":{"background-color":"","background-image":"","background-repeat":"repeat","background-position":"center center","background-size":"auto","background-attachment":"scroll","background-type":"","background-media":"","overlay-type":"","overlay-color":"","overlay-opacity":"","overlay-gradient":""},"tablet":{"background-color":"","background-image":"","background-repeat":"repeat","background-position":"center center","background-size":"auto","background-attachment":"scroll","background-type":"","background-media":"","overlay-type":"","overlay-color":"","overlay-opacity":"","overlay-gradient":""},"mobile":{"background-color":"","background-image":"","background-repeat":"repeat","background-position":"center center","background-size":"auto","background-attachment":"scroll","background-type":"","background-media":"","overlay-type":"","overlay-color":"","overlay-opacity":"","overlay-gradient":""}},"ast-content-background-meta":{"desktop":{"background-color":"var(--ast-global-color-5)","background-image":"","background-repeat":"repeat","background-position":"center center","background-size":"auto","background-attachment":"scroll","background-type":"","background-media":"","overlay-type":"","overlay-color":"","overlay-opacity":"","overlay-gradient":""},"tablet":{"background-color":"var(--ast-global-color-5)","background-image":"","background-repeat":"repeat","background-position":"center center","background-size":"auto","background-attachment":"scroll","background-type":"","background-media":"","overlay-type":"","overlay-color":"","overlay-opacity":"","overlay-gradient":""},"mobile":{"background-color":"var(--ast-global-color-5)","background-image":"","background-repeat":"repeat","background-position":"center center","background-size":"auto","background-attachment":"scroll","background-type":"","background-media":"","overlay-type":"","overlay-color":"","overlay-opacity":"","overlay-gradient":""}}},"product_brand":[],"product_cat":[87,72,71,86],"product_tag":[],"class_list":{"0":"post-5143","1":"product","2":"type-product","3":"status-publish","4":"has-post-thumbnail","6":"product_cat-laminacija-obrvi","7":"product_cat-obrvi","8":"product_cat-trepalnice","9":"product_cat-vihanje-trepalnic","10":"desktop-align-left","11":"tablet-align-left","12":"mobile-align-left","14":"first","15":"instock","16":"taxable","17":"shipping-taxable","18":"purchasable","19":"product-type-simple"},"_links":{"self":[{"href":"https:\/\/lepika.si\/en\/wp-json\/wp\/v2\/product\/5143","targetHints":{"allow":["GET"]}}],"collection":[{"href":"https:\/\/lepika.si\/en\/wp-json\/wp\/v2\/product"}],"about":[{"href":"https:\/\/lepika.si\/en\/wp-json\/wp\/v2\/types\/product"}],"version-history":[{"count":4,"href":"https:\/\/lepika.si\/en\/wp-json\/wp\/v2\/product\/5143\/revisions"}],"predecessor-version":[{"id":5243,"href":"https:\/\/lepika.si\/en\/wp-json\/wp\/v2\/product\/5143\/revisions\/5243"}],"wp:featuredmedia":[{"embeddable":true,"href":"https:\/\/lepika.si\/en\/wp-json\/wp\/v2\/media\/5144"}],"wp:attachment":[{"href":"https:\/\/lepika.si\/en\/wp-json\/wp\/v2\/media?parent=5143"}],"wp:term":[{"taxonomy":"product_brand","embeddable":true,"href":"https:\/\/lepika.si\/en\/wp-json\/wp\/v2\/product_brand?post=5143"},{"taxonomy":"product_cat","embeddable":true,"href":"https:\/\/lepika.si\/en\/wp-json\/wp\/v2\/product_cat?post=5143"},{"taxonomy":"product_tag","embeddable":true,"href":"https:\/\/lepika.si\/en\/wp-json\/wp\/v2\/product_tag?post=5143"}],"curies":[{"name":"wp","href":"https:\/\/api.w.org\/{rel}","templated":true}]}}