{"id":5153,"date":"2025-06-16T21:02:28","date_gmt":"2025-06-16T21:02:28","guid":{"rendered":"https:\/\/lepika.si\/?post_type=product&#038;p=5153"},"modified":"2025-08-25T15:15:56","modified_gmt":"2025-08-25T15:15:56","slug":"elanbrow-gel-tint-cold-blond","status":"publish","type":"product","link":"https:\/\/lepika.si\/en\/product\/elanbrow-gel-tint-cold-blond\/","title":{"rendered":"Elan Brow Gel Tint Cold Blond 10ml"},"content":{"rendered":"<p>Prednosti:<br \/>\n\u2013 Enakomerno barvanje<br \/>\n\u2013 Enostaven nanos<br \/>\n\u2013 Dodatna nega obrvi med postopkom zaradi veganskih beljakovin<br \/>\n\u2013 Naravna barvna paleta<\/p>\n<p>Razmerje me\u0161anja z razvijalcem je 1:1. Samo za profesionalno uporabo.<\/p>\n<p>Rok uporabe: 24 mesecev<\/p>\n<p>Obdobje po odprtju: 3 mesece<\/p>\n<p><strong>UPORABA:<\/strong><\/p>\n<p>KORAKI BARVANJA OBRVI<\/p>\n<p>1. Priprava na postopek barvanja obrvi<\/p>\n<p>Pred barvanjem obrvi o\u010distite dla\u010dice in ko\u017eo z <a href=\"https:\/\/lepika.si\/en\/product\/elan-cleansing-mousse-2-0\/\">\u00c9LAN DETOX-MOUSSE.<\/a> Peno odstranite z vatno blazinico, navla\u017eeno z vodo.<\/p>\n<p>2. Oblikovanje obrvi<\/p>\n<p>Oblikujte obrvi s katerim koli izdelkom, primernim za ta namen.<\/p>\n<p>3. Priprava me\u0161anice za barvanje<\/p>\n<p>Gel za barvanje obrvi zme\u0161ajte z <a href=\"https:\/\/lepika.si\/en\/product\/elan-razvijalec-1\/\">1 % oksidantom<\/a> v nekovinski posodi v razmerju 1:1.<\/p>\n<p>OPOMBA! Barva barve se lahko po odprtju embala\u017ee zaradi stika z zrakom razlikuje od svetlo rjave do \u010drne. To je normalno za sestavo barve in ne vpliva na rezultat barvanja obrvi ali na ponovljivost tega rezultata ob ob\u010dasni uporabi iste me\u0161anice za barvanje.<\/p>\n<p>4. Barvanje obrvi<\/p>\n<p>Barvo nanesite na obrvi glede na oblikovano obliko. \u010cas delovanja je 5\u201315 minut (odvisno od \u017eelenega rezultata). Po \u010dasu delovanja odstranite barvo z vatno blazinico, navla\u017eeno z vodo ali \u00c9LAN DETOX-MOUSSE. \u010ce uporabljate peno, odstranite preostalo peno z vatno blazinico, navla\u017eeno z vodo.<\/p>\n<p>OPOMBA! \u010ce barva prese\u017ee \u017eeleno obliko, jo takoj odstranite z vatno blazinico, navla\u017eeno z vodo ali odstranjevalcem \u00c9LAN, da prepre\u010dite, da bi se barva na ko\u017ei posu\u0161ila.<\/p>\n<p>5. Zaklju\u010dek postopka barvanja obrvi<\/p>\n<p>Za utrditev dose\u017eenega rezultata nanesite teko\u010dino za fiksiranje barve \u00c9LAN \u00abCOLOUR FIX\u00bb.<\/p>\n<p>PREVIDNOSTNI UKREPI<\/p>\n<p>Oksidant vsebuje vodikov peroksid. Gel za obrvi vsebuje fenilendiamine. Pred uporabo 48 ur prej opravite test na alergijo: zme\u0161ajte 2 kapljici barve in oksidanta ter me\u0161anico nanesite na majhen predel ko\u017ee na notranji strani komolca. \u010ce na ko\u017ei ni rde\u010dice, otekline ali dra\u017eenja, lahko nadaljujete z barvanjem.<\/p>\n<p>Razmerje me\u0161anja je 1:1. Samo za profesionalno uporabo. Barve za lase lahko povzro\u010dijo hude alergijske reakcije. Preberite in upo\u0161tevajte navodila za uporabo. Ta izdelek ni namenjen osebam, mlaj\u0161im od 16 let. Za\u010dasna tetova\u017ea s \u010drno kano lahko pove\u010da tveganje za alergijo. Ne uporabljajte barve, \u010de imate:<\/p>\n<p>\u2014 izpu\u0161\u010daj na obrazu ali ob\u010dutljivo, razdra\u017eeno ali po\u0161kodovano ko\u017eo lasi\u0161\u010da;<br \/>\n\u2014 kakr\u0161no koli reakcijo po barvanju las;<br \/>\n\u2014 reakcijo na za\u010dasno tetova\u017eo s \u010drno kano v preteklosti.<\/p>\n<p>Uporabljajte za\u0161\u010ditne rokavice. Med delom z izdelkom ne uporabljajte kovinskih predmetov. Ne uporabljajte ga za barvanje trepalnic. Samo za zunanjo uporabo. Izogibajte se stiku z o\u010dmi. \u010ce izdelek pride v o\u010di, jih takoj sperite z vodo.<\/p>\n<p>Po nanosu temeljito sperite. V primeru alergijske reakcije se posvetujte z dermatologom.<\/p>\n<p>SESTAVINE:<\/p>\n<p>AQUA, ETHOXYDIGLYCOL, PROPYLENE GLYCOL, TOLUENE-2,5-DIAMINE SULFATE, P-PHENYLENEDIAMINE, SODIUM LAURETH SULFATE, HYDROXYETHYLCELLULOSE, RESORCINOL, 4-AMINO-M-CRESOL, SODIUM ERYTHORBATE, HYDROLYZED VEGETABLE PROTEIN, PHENOXYETHANOL, ETHYLHEXYLGLYCERIN, AMMONIUM ACRYLOYLDIMETHYLTAURATE\/VP COPOLYMER, SODIUM HYDROXIDE, SODIUM CARBONATE, SODIUM CHLORIDE, BENZYL ALCOHOL, DEHYDROACETIC ACID, M-AMINOPHENOL, 2,4-DIAMINOPHENOXYETHANOL HCL, 2,6-DIAMINOPYRIDINE, 4-AMINO-2-HYDROXYTOLUENE.<\/p>","protected":false},"excerpt":{"rendered":"<p>Gel barva zagotavlja dolgotrajen u\u010dinek enakomerno pokritih obrvi in \u200b\u200bjim nudi dodatno nego.<\/p>\n<p>Deluje v kombinaciji z \u00c9LAN Oxidant 1%.<\/p>\n<p>Koli\u010dina: 10ml<\/p>","protected":false},"featured_media":5154,"template":"","meta":{"site-sidebar-layout":"default","site-content-layout":"","ast-site-content-layout":"default","site-content-style":"default","site-sidebar-style":"default","ast-global-header-display":"","ast-banner-title-visibility":"","ast-main-header-display":"","ast-hfb-above-header-display":"","ast-hfb-below-header-display":"","ast-hfb-mobile-header-display":"","site-post-title":"","ast-breadcrumbs-content":"","ast-featured-img":"","footer-sml-layout":"","theme-transparent-header-meta":"default","adv-header-id-meta":"","stick-header-meta":"","header-above-stick-meta":"","header-main-stick-meta":"","header-below-stick-meta":"","astra-migrate-meta-layouts":"set","ast-page-background-enabled":"default","ast-page-background-meta":{"desktop":{"background-color":"","background-image":"","background-repeat":"repeat","background-position":"center center","background-size":"auto","background-attachment":"scroll","background-type":"","background-media":"","overlay-type":"","overlay-color":"","overlay-opacity":"","overlay-gradient":""},"tablet":{"background-color":"","background-image":"","background-repeat":"repeat","background-position":"center center","background-size":"auto","background-attachment":"scroll","background-type":"","background-media":"","overlay-type":"","overlay-color":"","overlay-opacity":"","overlay-gradient":""},"mobile":{"background-color":"","background-image":"","background-repeat":"repeat","background-position":"center center","background-size":"auto","background-attachment":"scroll","background-type":"","background-media":"","overlay-type":"","overlay-color":"","overlay-opacity":"","overlay-gradient":""}},"ast-content-background-meta":{"desktop":{"background-color":"var(--ast-global-color-5)","background-image":"","background-repeat":"repeat","background-position":"center center","background-size":"auto","background-attachment":"scroll","background-type":"","background-media":"","overlay-type":"","overlay-color":"","overlay-opacity":"","overlay-gradient":""},"tablet":{"background-color":"var(--ast-global-color-5)","background-image":"","background-repeat":"repeat","background-position":"center center","background-size":"auto","background-attachment":"scroll","background-type":"","background-media":"","overlay-type":"","overlay-color":"","overlay-opacity":"","overlay-gradient":""},"mobile":{"background-color":"var(--ast-global-color-5)","background-image":"","background-repeat":"repeat","background-position":"center center","background-size":"auto","background-attachment":"scroll","background-type":"","background-media":"","overlay-type":"","overlay-color":"","overlay-opacity":"","overlay-gradient":""}}},"product_brand":[81],"product_cat":[87,88,72],"product_tag":[],"class_list":{"0":"post-5153","1":"product","2":"type-product","3":"status-publish","4":"has-post-thumbnail","6":"product_brand-elan","7":"product_cat-laminacija-obrvi","8":"product_cat-oblikovanje-obrvi","9":"product_cat-obrvi","10":"desktop-align-left","11":"tablet-align-left","12":"mobile-align-left","14":"first","15":"instock","16":"taxable","17":"shipping-taxable","18":"purchasable","19":"product-type-simple"},"_links":{"self":[{"href":"https:\/\/lepika.si\/en\/wp-json\/wp\/v2\/product\/5153","targetHints":{"allow":["GET"]}}],"collection":[{"href":"https:\/\/lepika.si\/en\/wp-json\/wp\/v2\/product"}],"about":[{"href":"https:\/\/lepika.si\/en\/wp-json\/wp\/v2\/types\/product"}],"version-history":[{"count":4,"href":"https:\/\/lepika.si\/en\/wp-json\/wp\/v2\/product\/5153\/revisions"}],"predecessor-version":[{"id":5238,"href":"https:\/\/lepika.si\/en\/wp-json\/wp\/v2\/product\/5153\/revisions\/5238"}],"wp:featuredmedia":[{"embeddable":true,"href":"https:\/\/lepika.si\/en\/wp-json\/wp\/v2\/media\/5154"}],"wp:attachment":[{"href":"https:\/\/lepika.si\/en\/wp-json\/wp\/v2\/media?parent=5153"}],"wp:term":[{"taxonomy":"product_brand","embeddable":true,"href":"https:\/\/lepika.si\/en\/wp-json\/wp\/v2\/product_brand?post=5153"},{"taxonomy":"product_cat","embeddable":true,"href":"https:\/\/lepika.si\/en\/wp-json\/wp\/v2\/product_cat?post=5153"},{"taxonomy":"product_tag","embeddable":true,"href":"https:\/\/lepika.si\/en\/wp-json\/wp\/v2\/product_tag?post=5153"}],"curies":[{"name":"wp","href":"https:\/\/api.w.org\/{rel}","templated":true}]}}