{"id":5166,"date":"2025-06-18T17:47:18","date_gmt":"2025-06-18T17:47:18","guid":{"rendered":"https:\/\/lepika.si\/?post_type=product&#038;p=5166"},"modified":"2025-08-25T15:14:46","modified_gmt":"2025-08-25T15:14:46","slug":"elan-razvijalec-1","status":"publish","type":"product","link":"https:\/\/lepika.si\/en\/product\/elan-razvijalec-1\/","title":{"rendered":"Elan razvijalec 1%"},"content":{"rendered":"<p><strong>UPORABA:<\/strong><\/p>\n<p>KORAKI BARVANJA OBRVI<\/p>\n<p>1. Priprava na postopek barvanja obrvi<br \/>\nPred barvanjem obrvi o\u010distite dla\u010dice in ko\u017eo z <a href=\"https:\/\/lepika.si\/en\/product\/elan-cleansing-mousse-2-0\/\">ELAN DETOX-MOUSSE.<\/a> Peno odstranite z vatno blazinico, navla\u017eeno z vodo.<\/p>\n<p>2. Oblikovanje obrvi<br \/>\nOblikujte obrvi s katerim koli izdelkom, primernim za ta namen.<\/p>\n<p>3. Priprava barvne me\u0161anice<br \/>\nGEL ZA OBRVI zme\u0161ajte z 1 % OKSIDANTOM v nekovinski posodi v razmerju 1:1.<br \/>\nOPOMBA! Barva barve se lahko po odprtju embala\u017ee zaradi stika z zrakom razlikuje od svetlo rjave do \u010drne. To je normalno za sestavo barve in ne vpliva na rezultat barvanja obrvi ali na ponovljivost tega rezultata ob ob\u010dasni uporabi iste barvne me\u0161anice.<\/p>\n<p>4. Barvanje obrvi<br \/>\nBarvo nanesite na obrvi glede na oblikovano obliko. \u010cas delovanja je 5\u201315 minut (odvisno od \u017eelenega rezultata). Po \u010dasu delovanja odstranite barvo z vatno blazinico, navla\u017eeno z vodo, ali ELAN DETOX-MOUSSE. \u010ce uporabljate peno, odstranite preostalo peno z vatno blazinico, navla\u017eeno z vodo.<br \/>\nOPOMBA! \u010ce barva prese\u017ee \u017eeleno obliko, jo takoj odstranite z vatno blazinico, navla\u017eeno z vodo, ali odstranjevalcem tonerja ELAN (NOCOLOR ali <a href=\"https:\/\/lepika.si\/en\/product\/elan-smart-skin-colour-remover-2-0\/\">Smart Skin COLOUR REMOVER<\/a> ali Skin Colour CREAM REMOVER), da prepre\u010dite, da bi se barva na ko\u017ei posu\u0161ila.<br \/>\n5. Zaklju\u010dek postopka barvanja obrvi<br \/>\nZa utrditev dose\u017eenega rezultata nanesite na obrvi fiksirno teko\u010dino za barvo ELAN COLOUR FIX.<\/p>\n<p>PREVIDNOSTNI UKREPI<\/p>\n<p>Oksidant vsebuje vodikov peroksid. Gel za barvanje obrvi vsebuje fenilendiamine. Pred uporabo 48 ur prej opravite test na alergijo: zme\u0161ajte 2 kapljici barve in oksidanta ter me\u0161anico nanesite na majhen predel ko\u017ee na notranji strani komolca. \u010ce na ko\u017ei ni rde\u010dice, otekline ali dra\u017eenja, lahko nadaljujete z barvanjem.<br \/>\nRazmerje me\u0161anja je 1:1. Samo za profesionalno uporabo. Barve za lase lahko povzro\u010dijo hude alergijske reakcije. Preberite in upo\u0161tevajte navodila za uporabo. Ta izdelek ni namenjen osebam, mlaj\u0161im od 16 let. Za\u010dasna tetova\u017ea s \u00bb\u010drno kano\u00ab lahko pove\u010da tveganje za alergijo. Ne uporabljajte barve, \u010de imate:<\/p>\n<p>&#8211; izpu\u0161\u010daj na obrazu ali ob\u010dutljivo, razdra\u017eeno ali po\u0161kodovano ko\u017eo lasi\u0161\u010da;<br \/>\n&#8211; kakr\u0161no koli reakcijo po barvanju las;<br \/>\n&#8211; reakcijo na za\u010dasno tetova\u017eo s \u00bb\u010drno kano\u00ab v preteklosti.<\/p>\n<p>Uporabljajte za\u0161\u010ditne rokavice. Med delom z izdelkom ne uporabljajte kovinskih predmetov. Ne uporabljajte za barvanje trepalnic. Samo za zunanjo uporabo. Izogibajte se stiku z o\u010dmi. \u010ce izdelek pride v o\u010di, jih takoj sperite z vodo. Po nanosu temeljito sperite. V primeru alergijske reakcije se posvetujte z dermatologom.<\/p>\n<p>SESTAVINE:<\/p>\n<p>AQUA, CETEARYL ALCOHOL, GLYCERIN, CETEARETH-20, PARAFFINUM LIQUIDUM, ETHYLHEXYL STEARATE, HYDROGEN PEROXIDE, ARGANIA SPINOSA KERNEL OIL, HYDROLYZED COLLAGEN, CETRIMONIUM CHLORIDE, SODIUM STANNATE, TETRASODIUM PYROPHOSPHATE, DISODIUM EDTA, CITRIC ACID, PHOSPHORIC ACID, SODIUM CARBONATE, SODIUM HYDROXIDE.<\/p>","protected":false},"excerpt":{"rendered":"<p>Razvijalec 1% je posebej zasnovan za me\u0161anje z gelom za obrvi \u00c9LAN professional line. Zagotavlja ne\u017eno barvanje dla\u010dic in dolgotrajen rezultat na ko\u017ei.<\/p>\n<p>Koli\u010dina:<br \/>\n30 ml<\/p>","protected":false},"featured_media":5167,"template":"","meta":{"site-sidebar-layout":"default","site-content-layout":"","ast-site-content-layout":"default","site-content-style":"default","site-sidebar-style":"default","ast-global-header-display":"","ast-banner-title-visibility":"","ast-main-header-display":"","ast-hfb-above-header-display":"","ast-hfb-below-header-display":"","ast-hfb-mobile-header-display":"","site-post-title":"","ast-breadcrumbs-content":"","ast-featured-img":"","footer-sml-layout":"","theme-transparent-header-meta":"default","adv-header-id-meta":"","stick-header-meta":"","header-above-stick-meta":"","header-main-stick-meta":"","header-below-stick-meta":"","astra-migrate-meta-layouts":"set","ast-page-background-enabled":"default","ast-page-background-meta":{"desktop":{"background-color":"","background-image":"","background-repeat":"repeat","background-position":"center center","background-size":"auto","background-attachment":"scroll","background-type":"","background-media":"","overlay-type":"","overlay-color":"","overlay-opacity":"","overlay-gradient":""},"tablet":{"background-color":"","background-image":"","background-repeat":"repeat","background-position":"center center","background-size":"auto","background-attachment":"scroll","background-type":"","background-media":"","overlay-type":"","overlay-color":"","overlay-opacity":"","overlay-gradient":""},"mobile":{"background-color":"","background-image":"","background-repeat":"repeat","background-position":"center center","background-size":"auto","background-attachment":"scroll","background-type":"","background-media":"","overlay-type":"","overlay-color":"","overlay-opacity":"","overlay-gradient":""}},"ast-content-background-meta":{"desktop":{"background-color":"var(--ast-global-color-5)","background-image":"","background-repeat":"repeat","background-position":"center center","background-size":"auto","background-attachment":"scroll","background-type":"","background-media":"","overlay-type":"","overlay-color":"","overlay-opacity":"","overlay-gradient":""},"tablet":{"background-color":"var(--ast-global-color-5)","background-image":"","background-repeat":"repeat","background-position":"center center","background-size":"auto","background-attachment":"scroll","background-type":"","background-media":"","overlay-type":"","overlay-color":"","overlay-opacity":"","overlay-gradient":""},"mobile":{"background-color":"var(--ast-global-color-5)","background-image":"","background-repeat":"repeat","background-position":"center center","background-size":"auto","background-attachment":"scroll","background-type":"","background-media":"","overlay-type":"","overlay-color":"","overlay-opacity":"","overlay-gradient":""}}},"product_brand":[],"product_cat":[87,88,72,71,86],"product_tag":[],"class_list":{"0":"post-5166","1":"product","2":"type-product","3":"status-publish","4":"has-post-thumbnail","6":"product_cat-laminacija-obrvi","7":"product_cat-oblikovanje-obrvi","8":"product_cat-obrvi","9":"product_cat-trepalnice","10":"product_cat-vihanje-trepalnic","11":"desktop-align-left","12":"tablet-align-left","13":"mobile-align-left","15":"first","16":"instock","17":"taxable","18":"shipping-taxable","19":"purchasable","20":"product-type-simple"},"_links":{"self":[{"href":"https:\/\/lepika.si\/en\/wp-json\/wp\/v2\/product\/5166","targetHints":{"allow":["GET"]}}],"collection":[{"href":"https:\/\/lepika.si\/en\/wp-json\/wp\/v2\/product"}],"about":[{"href":"https:\/\/lepika.si\/en\/wp-json\/wp\/v2\/types\/product"}],"version-history":[{"count":3,"href":"https:\/\/lepika.si\/en\/wp-json\/wp\/v2\/product\/5166\/revisions"}],"predecessor-version":[{"id":5234,"href":"https:\/\/lepika.si\/en\/wp-json\/wp\/v2\/product\/5166\/revisions\/5234"}],"wp:featuredmedia":[{"embeddable":true,"href":"https:\/\/lepika.si\/en\/wp-json\/wp\/v2\/media\/5167"}],"wp:attachment":[{"href":"https:\/\/lepika.si\/en\/wp-json\/wp\/v2\/media?parent=5166"}],"wp:term":[{"taxonomy":"product_brand","embeddable":true,"href":"https:\/\/lepika.si\/en\/wp-json\/wp\/v2\/product_brand?post=5166"},{"taxonomy":"product_cat","embeddable":true,"href":"https:\/\/lepika.si\/en\/wp-json\/wp\/v2\/product_cat?post=5166"},{"taxonomy":"product_tag","embeddable":true,"href":"https:\/\/lepika.si\/en\/wp-json\/wp\/v2\/product_tag?post=5166"}],"curies":[{"name":"wp","href":"https:\/\/api.w.org\/{rel}","templated":true}]}}