{"id":5173,"date":"2025-06-18T18:14:48","date_gmt":"2025-06-18T18:14:48","guid":{"rendered":"https:\/\/lepika.si\/?post_type=product&#038;p=5173"},"modified":"2025-08-25T15:14:20","modified_gmt":"2025-08-25T15:14:20","slug":"elan-deep-brow-tint-2-0-05-spicy-warm-brown-10ml","status":"publish","type":"product","link":"https:\/\/lepika.si\/en\/product\/elan-deep-brow-tint-2-0-05-spicy-warm-brown-10ml\/","title":{"rendered":"Elan Deep Brow Tint 2.0 05 SPICY warm brown 10ml"},"content":{"rendered":"<p>Prednosti barve &#8220;Deep Brow Tint 2.0&#8221;:<\/p>\n<p>\u2013 zagotavlja kvalitetno barvanje obrvi;<\/p>\n<p>\u2013 me\u0161anica za barvanje ima nevtralen pH, zato dla\u010dice niso po\u0161kodovane in ko\u017ea med postopkom ni preve\u010d izsu\u0161ena;<\/p>\n<p>\u2013 sestava vklju\u010duje kompleks na osnovi izvle\u010dka son\u010dni\u010dnih semen, ki dla\u010dicam zagotavlja dodatno nego;<\/p>\n<p>\u2013 barva ima prijeten vonj, zaradi \u010desar je postopek bolj udoben.<\/p>\n<p>Rok uporabe: 24 mesecev.<br \/>\nObdobje po odprtju: 3 mesece.<\/p>\n<p><strong>UPORABA:<\/strong><\/p>\n<p>FAZE BARVANJA OBRVI<\/p>\n<p>1) Priprava na postopek barvanja<\/p>\n<p>Pred barvanjem ali oblikovanjem obrvi uporabite <a href=\"https:\/\/lepika.si\/en\/product\/elan-cleansing-mousse-2-0\/\">ELAN DETOX-MOUSSE<\/a> za razma\u0161\u010devanje dla\u010dic in ko\u017ee. Peno odstranite z vatno blazinico, navla\u017eeno z vodo.<\/p>\n<p>2) Oblikovanje obrvi<\/p>\n<p>Obrvi oblikujte s katerim koli primernim izdelkom za ta namen.<\/p>\n<p>3) Priprava me\u0161anice za barvanje<\/p>\n<p>Barvo za obrvi \u00abDeep Brow Tint 2.0\u00bb zme\u0161ajte z <a href=\"https:\/\/lepika.si\/en\/product\/elan-razvijalec-2\/\">2 % oksidativno emulzijo<\/a> v razmerju 1:1 v nekovinski posodi.<\/p>\n<p>OPOMBA! Barva barve v stekleni\u010dki\/tubi se lahko po odprtju embala\u017ee razlikuje od svetlo rjave do \u010drne zaradi izpostavljenosti izdelka zraku. To odstopanje je normalno za uporabljena barvila in ne vpliva na rezultat barvanja obrvi ali na doslednost tega rezultata pri ve\u010dkratni uporabi iste me\u0161anice za barvanje.<\/p>\n<p>OPOMBA! Ve\u010d koncentrata boosterja uporabite, bli\u017eje bo kon\u010dni odtenek barvi boosterja (modra ali oran\u017ena).<\/p>\n<p>4) Barvanje obrvi<\/p>\n<p>Me\u0161anico za barvanje nanesite na obrvi glede na \u017eeleno obliko. Odvisno od \u017eelenega rezultata pustite barvo delovati 5\u201310 minut. Po dolo\u010denem \u010dasu odstranite odve\u010dno barvo z vatirano blazinico, navla\u017eeno z vodo. \u010ce je barva presegla \u017eeleno obliko, odve\u010dno barvo odstranite z vatirano pal\u010dko, navla\u017eeno z ELAN SKIN COLOR REMOVER.<\/p>\n<p>5) Zaklju\u010dek postopka barvanja obrvi<\/p>\n<p>Za utrditev dose\u017eenega rezultata nanesite ELAN COLOUR FIX na obrvi.<\/p>\n<p>PREVIDNOSTNI UKREPI<\/p>\n<p>Oksidacijska emulzija vsebuje vodikov peroksid. Barva za obrvi in \u200b\u200bkoncentrat za po\u017eivitev vsebujeta p-fenilendiamin, p-fenilendiamin (toluen diamine) in rezorcinol.<\/p>\n<p>Pred uporabo, 48 ur prej, je potrebno opraviti test alergije: zme\u0161ajte 2 kapljici barve in oksidirajo\u010de emulzije ter me\u0161anico nanesite na majhen predel ko\u017ee na pregibu komolca. \u010ce na ko\u017ei ni rde\u010dice, otekline ali dra\u017eenja, lahko nadaljujete z barvanjem.<\/p>\n<p>Samo za profesionalno uporabo. Barve za lase lahko povzro\u010dijo hude alergijske reakcije. Pazljivo preberite in upo\u0161tevajte navodila. Ta izdelek ni namenjen osebam, mlaj\u0161im od 16 let. Za\u010dasne tetova\u017ee s \u010drno kano lahko pove\u010dajo tveganje za alergijo.<\/p>\n<p>Ne uporabljajte barve, \u010de imate:<\/p>\n<p>\u2013 izpu\u0161\u010daj na obrazu ali ob\u010dutljivo, razdra\u017eeno ali po\u0161kodovano ko\u017eo lasi\u0161\u010da;<\/p>\n<p>\u2013 ste po barvanju las do\u017eiveli kakr\u0161no koli reakcijo;<\/p>\n<p>\u2013 ste v preteklosti imeli reakcijo na za\u010dasne tetova\u017ee s \u010drno kano.<\/p>\n<p>Uporabljajte za\u0161\u010ditne rokavice. Pri delu z izdelkom se izogibajte uporabi kovinskih predmetov. Ne nana\u0161ajte na trepalnice. Samo za zunanjo uporabo. Izogibajte se stiku z o\u010dmi. \u010ce izdelek pride v o\u010di, jih takoj sperite z vodo. Po nanosu temeljito sperite. V primeru alergijske reakcije se obvezno posvetujte z dermatologom.<\/p>\n<p>SESTAVINE:<\/p>\n<p>AQUA, CETEARYL ALCOHOL, ETHOXYDIGLYCOL, TRIDECETH-2 CARBOXAMIDE MEA, DIMETHYLAMINO METHYLPROPANOL, TOLUENE-2,5-DIAMINE SULFATE, GLYCERYL STEARATE, GLYCERIN, CETEARETH-20, P-PHENYLENEDIAMINE, DISODIUM EDTA, 4-AMINO-M-CRESOL, PEG-100 STEARATE, HELIANTHUS ANNUUS SEED EXTRACT, BUTYLENE GLYCOL, COCAMIDOPROPYLAMINE OXIDE, M-AMINOPHENOL, 4-AMINO-2-HYDROXYTOLUENE, 2,6-DIAMINOPYRIDINE, SODIUM ERYTHORBATE, SODIUM SULFITE, UREA, MICROCRYSTALLINE CELLULOSE, XANTHAN GUM, PHENOXYETHANOL, ETHYLHEXYLGLYCERIN, PARFUM.<\/p>","protected":false},"excerpt":{"rendered":"<p>Deep Brow Tint 2.0 je del\u00a0 SMART BROW TINTING SYSTEM. Ta barva omogo\u010da intenzivno barvanje dla\u010dic in zagotavlja dodatno nego med postopkom.<\/p>\n<p>Barva deluje le v kombinaciji z oksidativno emulzijo 2 % iz istega sistema.<\/p>\n<p>Koli\u010dina: 10 ml<\/p>","protected":false},"featured_media":5179,"template":"","meta":{"site-sidebar-layout":"default","site-content-layout":"","ast-site-content-layout":"default","site-content-style":"default","site-sidebar-style":"default","ast-global-header-display":"","ast-banner-title-visibility":"","ast-main-header-display":"","ast-hfb-above-header-display":"","ast-hfb-below-header-display":"","ast-hfb-mobile-header-display":"","site-post-title":"","ast-breadcrumbs-content":"","ast-featured-img":"","footer-sml-layout":"","theme-transparent-header-meta":"default","adv-header-id-meta":"","stick-header-meta":"","header-above-stick-meta":"","header-main-stick-meta":"","header-below-stick-meta":"","astra-migrate-meta-layouts":"set","ast-page-background-enabled":"default","ast-page-background-meta":{"desktop":{"background-color":"","background-image":"","background-repeat":"repeat","background-position":"center center","background-size":"auto","background-attachment":"scroll","background-type":"","background-media":"","overlay-type":"","overlay-color":"","overlay-opacity":"","overlay-gradient":""},"tablet":{"background-color":"","background-image":"","background-repeat":"repeat","background-position":"center center","background-size":"auto","background-attachment":"scroll","background-type":"","background-media":"","overlay-type":"","overlay-color":"","overlay-opacity":"","overlay-gradient":""},"mobile":{"background-color":"","background-image":"","background-repeat":"repeat","background-position":"center center","background-size":"auto","background-attachment":"scroll","background-type":"","background-media":"","overlay-type":"","overlay-color":"","overlay-opacity":"","overlay-gradient":""}},"ast-content-background-meta":{"desktop":{"background-color":"var(--ast-global-color-5)","background-image":"","background-repeat":"repeat","background-position":"center center","background-size":"auto","background-attachment":"scroll","background-type":"","background-media":"","overlay-type":"","overlay-color":"","overlay-opacity":"","overlay-gradient":""},"tablet":{"background-color":"var(--ast-global-color-5)","background-image":"","background-repeat":"repeat","background-position":"center center","background-size":"auto","background-attachment":"scroll","background-type":"","background-media":"","overlay-type":"","overlay-color":"","overlay-opacity":"","overlay-gradient":""},"mobile":{"background-color":"var(--ast-global-color-5)","background-image":"","background-repeat":"repeat","background-position":"center center","background-size":"auto","background-attachment":"scroll","background-type":"","background-media":"","overlay-type":"","overlay-color":"","overlay-opacity":"","overlay-gradient":""}}},"product_brand":[],"product_cat":[87,88,72],"product_tag":[],"class_list":{"0":"post-5173","1":"product","2":"type-product","3":"status-publish","4":"has-post-thumbnail","6":"product_cat-laminacija-obrvi","7":"product_cat-oblikovanje-obrvi","8":"product_cat-obrvi","9":"desktop-align-left","10":"tablet-align-left","11":"mobile-align-left","13":"first","14":"instock","15":"taxable","16":"shipping-taxable","17":"purchasable","18":"product-type-simple"},"_links":{"self":[{"href":"https:\/\/lepika.si\/en\/wp-json\/wp\/v2\/product\/5173","targetHints":{"allow":["GET"]}}],"collection":[{"href":"https:\/\/lepika.si\/en\/wp-json\/wp\/v2\/product"}],"about":[{"href":"https:\/\/lepika.si\/en\/wp-json\/wp\/v2\/types\/product"}],"version-history":[{"count":3,"href":"https:\/\/lepika.si\/en\/wp-json\/wp\/v2\/product\/5173\/revisions"}],"predecessor-version":[{"id":5231,"href":"https:\/\/lepika.si\/en\/wp-json\/wp\/v2\/product\/5173\/revisions\/5231"}],"wp:featuredmedia":[{"embeddable":true,"href":"https:\/\/lepika.si\/en\/wp-json\/wp\/v2\/media\/5179"}],"wp:attachment":[{"href":"https:\/\/lepika.si\/en\/wp-json\/wp\/v2\/media?parent=5173"}],"wp:term":[{"taxonomy":"product_brand","embeddable":true,"href":"https:\/\/lepika.si\/en\/wp-json\/wp\/v2\/product_brand?post=5173"},{"taxonomy":"product_cat","embeddable":true,"href":"https:\/\/lepika.si\/en\/wp-json\/wp\/v2\/product_cat?post=5173"},{"taxonomy":"product_tag","embeddable":true,"href":"https:\/\/lepika.si\/en\/wp-json\/wp\/v2\/product_tag?post=5173"}],"curies":[{"name":"wp","href":"https:\/\/api.w.org\/{rel}","templated":true}]}}