{"id":5185,"date":"2025-06-18T18:32:27","date_gmt":"2025-06-18T18:32:27","guid":{"rendered":"https:\/\/lepika.si\/?post_type=product&#038;p=5185"},"modified":"2025-08-25T15:13:46","modified_gmt":"2025-08-25T15:13:46","slug":"elan-flash-tint-12-black-truffle-crna","status":"publish","type":"product","link":"https:\/\/lepika.si\/en\/product\/elan-flash-tint-12-black-truffle-crna\/","title":{"rendered":"Elan FLASH TINT 12 Black Truffle (\u010drna)"},"content":{"rendered":"<p>FLASH TINT ima inovativno formulo, ki zdru\u017euje direktna barvila z negovalnimi sestavinami. Zagotavlja hiter in enostaven nanos ter bogato in enakomerno barvo na ko\u017ei.<\/p>\n<p>Prednosti izdelka:<\/p>\n<p>\u2022 Direktna barvila (brez razvijalca) manj\u0161ujejo tveganje za alergijske reakcije, zaradi \u010desar je postopek barvanja \u010dim bolj varen in udoben<br \/>\n\u2022 Ne potemni dlak in obarva ko\u017eo, zaradi \u010desar je idealen za tehniko barvanja z dla\u010dicami<br \/>\n\u2022 Idealen za uporabo po laminiranju.<br \/>\n\u2022 Ni potrebno dodajati oksidativne emulzije<br \/>\n\u2022 Ohranja naravno raven pH skozi celoten postopek barvanja<br \/>\n\u2022 Hialuronska kislina aktivno vla\u017ei in pomaga zadr\u017eevati vlago v ko\u017ei in dla\u010dicah<br \/>\n\u2022 Niacinamid pove\u010da elasti\u010dnost, neguje in meh\u010da dla\u010dice<br \/>\n\u2022 Kolagen prodre globoko v strukturo dlak, jih krepi in pove\u010duje odpornost na zunanje dejavnike<br \/>\n\u2022 Aminokisline obnovijo vodno-lipidno ravnovesje in ohranjajo zdrav videz obrvi<br \/>\n\u2022 Arganovo olje tvori ne\u017eno za\u0161\u010ditno plast, ki \u0161\u010diti dla\u010dice pred po\u0161kodbami<\/p>\n<p><strong>UPORABA:<\/strong><\/p>\n<p>KORAKI BARVANJA OBRVI<\/p>\n<p>Obrvi o\u010distite z <a href=\"https:\/\/lepika.si\/en\/product\/elan-cleansing-mousse-2-0\/\">\u00ab\u00c9LAN DETOX-MOUSSE\u00bb<\/a>.<\/p>\n<p>Oblikovanje obrvi dolo\u010dite s svin\u010dnikom za obrvi v prahu. Po potrebi uporabite \u010dopi\u010d za li\u010denje, da o\u010distite linije.<\/p>\n<p>Barvanje obrvi<\/p>\n<p>Barvo nanesite na obrvi v skladu s predhodno dolo\u010deno obliko.<\/p>\n<p>Pustite delovati 1\u201315 minut, odvisno od \u017eelene intenzivnosti barve.<br \/>\nPo koncu \u010dasa delovanja barvo popolnoma odstranite z vatno blazinico, navla\u017eeno z vodo. \u010ce se zdi, da barva ne ustreza \u017eeleni obliki obrvi, jo takoj odstranite z vatno pal\u010dko, navla\u017eeno z vodo, da se ne izsu\u0161i.<\/p>\n<p>Za bolj\u0161e rezultate nanesite teko\u010dino za fiksiranje barve \u00abCOLOUR FIX\u00bb. Zagotavlja dalj\u0161i u\u010dinek barve s stabilizacijo molekule barve na dla\u010dicah.<\/p>\n<p>SESTAVINE:<\/p>\n<p>AQUA, ALCOHOL DENAT., GLYCERIN, BENZYL ALCOHOL, BUTYLENE GLYCOL, GLYCOLIC ACID, TREHALOSE, POLYURETHANE-35, ARGANIA SPINOSA KERNEL OIL, METHYLPROPANEDIOL, CAPRYLYL GLYCOL, PHENYLPROPANOL, HYDROXYETHYLCELLULOSE, SODIUM PCA, SODIUM LACTATE, ARGININE, ASPARTIC ACID, PCA, GLYCINE, ALANINE, SERINE, VALINE, PROLINE, THREONINE, ISOLEUCINE, HISTIDINE, PHENYLALANINE, CETRIMONIUM CHLORIDE, NIACINAMIDE, SODIUM HYALURONATE, HYDROLYZED COLLAGEN, CITRIC ACID, PHENOXYETHANOL, SODIUM CITRATE, SODIUM CHLORIDE, SODIUM SULFATE, PARFUM, ACID BLACK 1, ACID RED 18, ACID ORANGE 7, ACID VIOLET 43, ACID YELLOW 3.<\/p>","protected":false},"excerpt":{"rendered":"<p>Barva ne\u017eno obarva dla\u010dice in je odli\u010dna za uporabo po laminiranju obrvi. Dla\u010dic ne potemni preve\u010d in lepo obarva ko\u017eo, zaradi \u010desar je idealna za tehniko laminacije.<\/p>\n<p>Formula vsebuje mo\u010dan negovalni kompleks s hialuronsko kislino, niacinamidom in kolagenom, ki intenzivno vla\u017ei in hrani ko\u017eo in dla\u010dice. Aminokisline v kombinaciji z arganovim oljem zagotavljajo zanesljivo za\u0161\u010dito med postopkom.<\/p>\n<p>Pomembno: barva ne potrebuje razvijalca in ohranja naravni pH ko\u017ee obrvi.<\/p>","protected":false},"featured_media":5186,"template":"","meta":{"site-sidebar-layout":"default","site-content-layout":"","ast-site-content-layout":"default","site-content-style":"default","site-sidebar-style":"default","ast-global-header-display":"","ast-banner-title-visibility":"","ast-main-header-display":"","ast-hfb-above-header-display":"","ast-hfb-below-header-display":"","ast-hfb-mobile-header-display":"","site-post-title":"","ast-breadcrumbs-content":"","ast-featured-img":"","footer-sml-layout":"","theme-transparent-header-meta":"default","adv-header-id-meta":"","stick-header-meta":"","header-above-stick-meta":"","header-main-stick-meta":"","header-below-stick-meta":"","astra-migrate-meta-layouts":"set","ast-page-background-enabled":"default","ast-page-background-meta":{"desktop":{"background-color":"","background-image":"","background-repeat":"repeat","background-position":"center center","background-size":"auto","background-attachment":"scroll","background-type":"","background-media":"","overlay-type":"","overlay-color":"","overlay-opacity":"","overlay-gradient":""},"tablet":{"background-color":"","background-image":"","background-repeat":"repeat","background-position":"center center","background-size":"auto","background-attachment":"scroll","background-type":"","background-media":"","overlay-type":"","overlay-color":"","overlay-opacity":"","overlay-gradient":""},"mobile":{"background-color":"","background-image":"","background-repeat":"repeat","background-position":"center center","background-size":"auto","background-attachment":"scroll","background-type":"","background-media":"","overlay-type":"","overlay-color":"","overlay-opacity":"","overlay-gradient":""}},"ast-content-background-meta":{"desktop":{"background-color":"var(--ast-global-color-5)","background-image":"","background-repeat":"repeat","background-position":"center center","background-size":"auto","background-attachment":"scroll","background-type":"","background-media":"","overlay-type":"","overlay-color":"","overlay-opacity":"","overlay-gradient":""},"tablet":{"background-color":"var(--ast-global-color-5)","background-image":"","background-repeat":"repeat","background-position":"center center","background-size":"auto","background-attachment":"scroll","background-type":"","background-media":"","overlay-type":"","overlay-color":"","overlay-opacity":"","overlay-gradient":""},"mobile":{"background-color":"var(--ast-global-color-5)","background-image":"","background-repeat":"repeat","background-position":"center center","background-size":"auto","background-attachment":"scroll","background-type":"","background-media":"","overlay-type":"","overlay-color":"","overlay-opacity":"","overlay-gradient":""}}},"product_brand":[],"product_cat":[72,71,86],"product_tag":[],"class_list":{"0":"post-5185","1":"product","2":"type-product","3":"status-publish","4":"has-post-thumbnail","6":"product_cat-obrvi","7":"product_cat-trepalnice","8":"product_cat-vihanje-trepalnic","9":"desktop-align-left","10":"tablet-align-left","11":"mobile-align-left","13":"first","14":"instock","15":"taxable","16":"shipping-taxable","17":"purchasable","18":"product-type-simple"},"_links":{"self":[{"href":"https:\/\/lepika.si\/en\/wp-json\/wp\/v2\/product\/5185","targetHints":{"allow":["GET"]}}],"collection":[{"href":"https:\/\/lepika.si\/en\/wp-json\/wp\/v2\/product"}],"about":[{"href":"https:\/\/lepika.si\/en\/wp-json\/wp\/v2\/types\/product"}],"version-history":[{"count":4,"href":"https:\/\/lepika.si\/en\/wp-json\/wp\/v2\/product\/5185\/revisions"}],"predecessor-version":[{"id":5228,"href":"https:\/\/lepika.si\/en\/wp-json\/wp\/v2\/product\/5185\/revisions\/5228"}],"wp:featuredmedia":[{"embeddable":true,"href":"https:\/\/lepika.si\/en\/wp-json\/wp\/v2\/media\/5186"}],"wp:attachment":[{"href":"https:\/\/lepika.si\/en\/wp-json\/wp\/v2\/media?parent=5185"}],"wp:term":[{"taxonomy":"product_brand","embeddable":true,"href":"https:\/\/lepika.si\/en\/wp-json\/wp\/v2\/product_brand?post=5185"},{"taxonomy":"product_cat","embeddable":true,"href":"https:\/\/lepika.si\/en\/wp-json\/wp\/v2\/product_cat?post=5185"},{"taxonomy":"product_tag","embeddable":true,"href":"https:\/\/lepika.si\/en\/wp-json\/wp\/v2\/product_tag?post=5185"}],"curies":[{"name":"wp","href":"https:\/\/api.w.org\/{rel}","templated":true}]}}