{"id":5190,"date":"2025-06-18T18:38:20","date_gmt":"2025-06-18T18:38:20","guid":{"rendered":"https:\/\/lepika.si\/?post_type=product&#038;p=5190"},"modified":"2025-08-25T15:13:31","modified_gmt":"2025-08-25T15:13:31","slug":"elan-razvijalec-2","status":"publish","type":"product","link":"https:\/\/lepika.si\/en\/product\/elan-razvijalec-2\/","title":{"rendered":"Elan razvijalec 2%"},"content":{"rendered":"<p>pH kon\u010dne me\u0161anice za barvanje je nevtralen, zaradi \u010desar postopek barvanja ne po\u0161koduje las in ne izsu\u0161i ko\u017ee.<\/p>\n<p>Rok uporabe: 24 mesecev.<br \/>\nObdobje po odprtju: 3 mesece.<\/p>\n<p><strong>UPORABA:<\/strong><\/p>\n<p>FAZE BARVANJA OBRVI<\/p>\n<p>1) Priprava na postopek barvanja<\/p>\n<p>Pred barvanjem ali oblikovanjem obrvi uporabite <a href=\"https:\/\/lepika.si\/en\/product\/elan-cleansing-mousse-2-0\/\">ELAN DETOX-MOUSSE<\/a> za razma\u0161\u010devanje dla\u010dic in ko\u017ee. Peno odstranite z vatno blazinico, navla\u017eeno z vodo.<\/p>\n<p>2) Oblikovanje obrvi<\/p>\n<p>Obrvi oblikujte s katerim koli primernim izdelkom za ta namen.<\/p>\n<p>3) Priprava me\u0161anice za barvanje<\/p>\n<p>Barvo za obrvi <a href=\"https:\/\/lepika.si\/en\/product\/elan-deep-brow-tint-2-0-05-spicy-warm-brown-10ml\/\">\u00abDeep Brow Tint 2.0\u00bb<\/a> zme\u0161ajte z 2 % oksidativno emulzijo v razmerju 1:1 v nekovinski posodi. \u010ce \u017eelite poglobiti in intenzivirati barve glavne palete ali ustvariti nov odtenek, uporabite ustrezni \u00abEyebrow Tint Colour Booster 2.0\u00bb v skladu s spodnjim razmerjem me\u0161anja:<\/p>\n<p>OPOMBA! Barva barve v stekleni\u010dki\/tubi se lahko po odprtju embala\u017ee razlikuje od svetlo rjave do \u010drne zaradi izpostavljenosti izdelka zraku. To odstopanje je normalno za uporabljena barvila in ne vpliva na rezultat barvanja obrvi ali na doslednost tega rezultata pri ve\u010dkratni uporabi iste me\u0161anice za barvanje.<\/p>\n<p>4) Barvanje obrvi<\/p>\n<p>Me\u0161anico za barvanje nanesite na obrvi glede na \u017eeleno obliko. Odvisno od \u017eelenega rezultata pustite barvo delovati 5\u201310 minut. Po dolo\u010denem \u010dasu odstranite odve\u010dno barvo z vatirano blazinico, navla\u017eeno z vodo. \u010ce je barva presegla \u017eeleno obliko, odve\u010dno barvo odstranite z vatirano pal\u010dko, navla\u017eeno z ELAN SKIN COLOR REMOVER.<\/p>\n<p>5) Zaklju\u010dek postopka barvanja obrvi<\/p>\n<p>Za utrditev dose\u017eenega rezultata nanesite ELAN COLOUR FIX na obrvi.<\/p>\n<p>PREVIDNOSTNI UKREPI<\/p>\n<p>Oksidacijska emulzija vsebuje vodikov peroksid. Barva za obrvi in \u200b\u200bkoncentrat za po\u017eivitev vsebujeta p-fenilendiamin, p-fenilendiamin (toluen diamine) in rezorcinol.<\/p>\n<p>Pred uporabo, 48 ur prej, je potrebno opraviti test alergije: zme\u0161ajte 2 kapljici barve in oksidirajo\u010de emulzije ter me\u0161anico nanesite na majhen predel ko\u017ee na pregibu komolca. \u010ce na ko\u017ei ni rde\u010dice, otekline ali dra\u017eenja, lahko nadaljujete z barvanjem.<\/p>\n<p>Samo za profesionalno uporabo. Barve lahko povzro\u010dijo hude alergijske reakcije. Pazljivo preberite in upo\u0161tevajte navodila. Ta izdelek ni namenjen osebam, mlaj\u0161im od 16 let.<\/p>\n<p>Ne uporabljajte barve, \u010de imate:<\/p>\n<p>\u2013 izpu\u0161\u010daj na obrazu ali ob\u010dutljivo, razdra\u017eeno ali po\u0161kodovano ko\u017eo lasi\u0161\u010da;<\/p>\n<p>\u2013 ste po barvanju las do\u017eiveli kakr\u0161no koli reakcijo;<\/p>\n<p>\u2013 ste v preteklosti imeli reakcijo na za\u010dasne tetova\u017ee s \u010drno kano.<\/p>\n<p>Uporabljajte za\u0161\u010ditne rokavice. Pri delu z izdelkom se izogibajte uporabi kovinskih predmetov. Ne nana\u0161ajte na trepalnice. Samo za zunanjo uporabo. Izogibajte se stiku z o\u010dmi. \u010ce izdelek pride v o\u010di, jih takoj sperite z vodo. Po nanosu temeljito sperite. V primeru alergijske reakcije se obvezno posvetujte z dermatologom.<\/p>\n<p>SESTAVINE:<\/p>\n<p>AQUA, CETEARYL ALCOHOL, HYDROGEN PEROXIDE, GLYCERIN, CETEARETH-20, PARAFFINUM LIQUIDUM, ETHYLHEXYL STEARATE, ARGANIA SPINOSA KERNEL OIL, CETRIMONIUM CHLORIDE, HYDROLYZED COLLAGEN, TETRASODIUM PYROPHOSPHATE, DISODIUM EDTA, SODIUM STANNATE, CITRIC ACID, PHOSPHORIC ACID, SODIUM CARBONATE, SODIUM HYDROXIDE.<\/p>","protected":false},"excerpt":{"rendered":"<p>Oksidativna emulzija 2 % je sestavni del zna\u010dilnega sistema SMART BROW TINTING SYSTEM.<\/p>\n<p>Zasnovana je za me\u0161anje z izdelki &#8220;Deep Brow Tint 2.0&#8221; in &#8220;Eyebrow Tint Colour Booster 2.0&#8221;. Zagotavlja brezhiben rezultat barvanja zahvaljujo\u010d popolnoma uravnote\u017eeni sestavi in \u200b\u200bne\u017eni kremasti teksturi.<\/p>\n<p>Koli\u010dina: 30 ml<\/p>","protected":false},"featured_media":5192,"template":"","meta":{"site-sidebar-layout":"default","site-content-layout":"","ast-site-content-layout":"default","site-content-style":"default","site-sidebar-style":"default","ast-global-header-display":"","ast-banner-title-visibility":"","ast-main-header-display":"","ast-hfb-above-header-display":"","ast-hfb-below-header-display":"","ast-hfb-mobile-header-display":"","site-post-title":"","ast-breadcrumbs-content":"","ast-featured-img":"","footer-sml-layout":"","theme-transparent-header-meta":"default","adv-header-id-meta":"","stick-header-meta":"","header-above-stick-meta":"","header-main-stick-meta":"","header-below-stick-meta":"","astra-migrate-meta-layouts":"set","ast-page-background-enabled":"default","ast-page-background-meta":{"desktop":{"background-color":"","background-image":"","background-repeat":"repeat","background-position":"center center","background-size":"auto","background-attachment":"scroll","background-type":"","background-media":"","overlay-type":"","overlay-color":"","overlay-opacity":"","overlay-gradient":""},"tablet":{"background-color":"","background-image":"","background-repeat":"repeat","background-position":"center center","background-size":"auto","background-attachment":"scroll","background-type":"","background-media":"","overlay-type":"","overlay-color":"","overlay-opacity":"","overlay-gradient":""},"mobile":{"background-color":"","background-image":"","background-repeat":"repeat","background-position":"center center","background-size":"auto","background-attachment":"scroll","background-type":"","background-media":"","overlay-type":"","overlay-color":"","overlay-opacity":"","overlay-gradient":""}},"ast-content-background-meta":{"desktop":{"background-color":"var(--ast-global-color-5)","background-image":"","background-repeat":"repeat","background-position":"center center","background-size":"auto","background-attachment":"scroll","background-type":"","background-media":"","overlay-type":"","overlay-color":"","overlay-opacity":"","overlay-gradient":""},"tablet":{"background-color":"var(--ast-global-color-5)","background-image":"","background-repeat":"repeat","background-position":"center center","background-size":"auto","background-attachment":"scroll","background-type":"","background-media":"","overlay-type":"","overlay-color":"","overlay-opacity":"","overlay-gradient":""},"mobile":{"background-color":"var(--ast-global-color-5)","background-image":"","background-repeat":"repeat","background-position":"center center","background-size":"auto","background-attachment":"scroll","background-type":"","background-media":"","overlay-type":"","overlay-color":"","overlay-opacity":"","overlay-gradient":""}}},"product_brand":[],"product_cat":[87,88,72,71,86],"product_tag":[],"class_list":{"0":"post-5190","1":"product","2":"type-product","3":"status-publish","4":"has-post-thumbnail","6":"product_cat-laminacija-obrvi","7":"product_cat-oblikovanje-obrvi","8":"product_cat-obrvi","9":"product_cat-trepalnice","10":"product_cat-vihanje-trepalnic","11":"desktop-align-left","12":"tablet-align-left","13":"mobile-align-left","15":"first","16":"instock","17":"taxable","18":"shipping-taxable","19":"purchasable","20":"product-type-simple"},"_links":{"self":[{"href":"https:\/\/lepika.si\/en\/wp-json\/wp\/v2\/product\/5190","targetHints":{"allow":["GET"]}}],"collection":[{"href":"https:\/\/lepika.si\/en\/wp-json\/wp\/v2\/product"}],"about":[{"href":"https:\/\/lepika.si\/en\/wp-json\/wp\/v2\/types\/product"}],"version-history":[{"count":3,"href":"https:\/\/lepika.si\/en\/wp-json\/wp\/v2\/product\/5190\/revisions"}],"predecessor-version":[{"id":5226,"href":"https:\/\/lepika.si\/en\/wp-json\/wp\/v2\/product\/5190\/revisions\/5226"}],"wp:featuredmedia":[{"embeddable":true,"href":"https:\/\/lepika.si\/en\/wp-json\/wp\/v2\/media\/5192"}],"wp:attachment":[{"href":"https:\/\/lepika.si\/en\/wp-json\/wp\/v2\/media?parent=5190"}],"wp:term":[{"taxonomy":"product_brand","embeddable":true,"href":"https:\/\/lepika.si\/en\/wp-json\/wp\/v2\/product_brand?post=5190"},{"taxonomy":"product_cat","embeddable":true,"href":"https:\/\/lepika.si\/en\/wp-json\/wp\/v2\/product_cat?post=5190"},{"taxonomy":"product_tag","embeddable":true,"href":"https:\/\/lepika.si\/en\/wp-json\/wp\/v2\/product_tag?post=5190"}],"curies":[{"name":"wp","href":"https:\/\/api.w.org\/{rel}","templated":true}]}}