{"id":5194,"date":"2025-06-18T18:45:12","date_gmt":"2025-06-18T18:45:12","guid":{"rendered":"https:\/\/lepika.si\/?post_type=product&#038;p=5194"},"modified":"2025-08-25T15:13:13","modified_gmt":"2025-08-25T15:13:13","slug":"elan-razvijalec-35","status":"publish","type":"product","link":"https:\/\/lepika.si\/en\/product\/elan-razvijalec-35\/","title":{"rendered":"Elan razvijalec 3,5%"},"content":{"rendered":"<p>Oksidacijska emulzija je posebej zasnovana za me\u0161anje z izdelki za barvanje in beljenje obrvi iz profesionalne linije \u00c9LAN.<\/p>\n<p>Koli\u010dina<br \/>\n30 ml<\/p>\n<p><strong>FAZE BARVANJA OBRVI<\/strong><\/p>\n<p>1) Priprava na postopek barvanja<\/p>\n<p>Pred barvanjem ali oblikovanjem obrvi uporabite <a href=\"https:\/\/lepika.si\/en\/product\/elan-cleansing-mousse-2-0\/\">\u00c9LAN DETOX-MOUSSE<\/a> za razma\u0161\u010devanje dla\u010dic in ko\u017ee. Ostanke odstranite z vatno blazinico, navla\u017eeno z vodo.<\/p>\n<p>2) Oblikovanje obrvi<\/p>\n<p>Oblikujte obrvi s katerim koli priro\u010dnim izdelkom.<\/p>\n<p>3) Priprava me\u0161anice za barvanje<\/p>\n<p>Avtorjev sistem za barvanje obrvi \u00abSBTS\u00bb ali \u00c9LAN gel za obrvi zme\u0161ajte z oksidativno emulzijo 3,5 % v razmerju 1:1 v nekovinski posodi.<\/p>\n<p>4) Barvanje obrvi<\/p>\n<p>Me\u0161anico za barvanje nanesite na obrvi glede na \u017ee oblikovano obliko. Glede na \u017eeleni rezultat pustite\u00a0 5\u201315 minut. Po preteku navedenega \u010dasa preostalo me\u0161anico za barvanje sperite z vatno blazinico, navla\u017eeno z vodo. \u010ce me\u0161anica za barvanje prese\u017ee pri\u010dakovano obliko, priporo\u010damo, da odve\u010dno me\u0161anico odstranite z vatno blazinico, navla\u017eeno z \u00c9LAN REMOVER.<\/p>\n<p>5) Zaklju\u010dek postopka barvanja obrvi<\/p>\n<p>Za utrjevanje rezultata nanesite \u00c9LAN COLOUR FIX na obrvi.<\/p>\n<p>PREVIDNOSTNI UKREPI<\/p>\n<p>Barva za obrvi in \u200b\u200bkoncentrat za po\u017eivitev vsebujeta fenilendiamine, fenilendiamine (toluen diamine) in rezorcinol.<\/p>\n<p>48 ur pred uporabo opravite test alergije: zme\u0161ajte 2 kapljici barve in oksidativno emulzijo ter to me\u0161anico nanesite na majhen predel ko\u017ee na pregibu komolca. \u010ce na ko\u017ei ni rde\u010dice, otekline ali dra\u017eenja, nadaljujte z barvanjem.<\/p>\n<p>Samo za profesionalno uporabo. Barve lahko povzro\u010dijo hude alergijske reakcije. Preberite in upo\u0161tevajte navodila za uporabo. Ta izdelek ni namenjen osebam, mlaj\u0161im od 16 let.<\/p>\n<p>Ne uporabljajte barve, \u010de:<\/p>\n<p>\u2013 imate izpu\u0161\u010daj na obrazu ali ob\u010dutljivo, razdra\u017eeno ali po\u0161kodovano lasi\u0161\u010de;<\/p>\n<p>\u2013 ste imeli kakr\u0161no koli reakcijo po barvanju las;<\/p>\n<p>\u2013 ste v preteklosti imeli reakcijo na za\u010dasno tetova\u017eo s \u00bb\u010drno kano\u00ab.<\/p>\n<p>Nosite za\u0161\u010ditne rokavice. Pri delu z izdelkom ne uporabljajte kovinskih predmetov. Ni za barvanje trepalnic. Samo za zunanjo uporabo. Izogibajte se stiku z o\u010dmi. V primeru stika z o\u010dmi takoj sperite z vodo. Po nanosu temeljito sperite. V primeru alergijske reakcije se obvezno posvetujte z dermatologom.<\/p>\n<p>FAZE BELJENJA OBRVI<\/p>\n<p>Oksidativno emulzijo 3,5 % TM \u00c9LAN professional line zme\u0161ajte z ogljikovim ali ultramarinskim prahom za beljenje obrvi v razmerju 2:1 (dva dela oksidacijske emulzije in en del prahu).<br \/>\nNajprej nanesite me\u0161anico za beljenje na debelej\u0161e dla\u010dice, nato pa jo s \u010dopi\u010dem porazdelite po celotni povr\u0161ini obrvi.<br \/>\nGlede na \u017eeleni rezultat in debelino dla\u010dic pustite me\u0161anico na obrveh 3\u201315 minut.<br \/>\nKo dose\u017eete \u017eeleni rezultat, odstranite me\u0161anico za beljenje z vatno blazinico, navla\u017eeno z vodo.<br \/>\n\u010ce \u017eelite \u0161e svetlej\u0161i odtenek, postopek ponovite.<br \/>\nZa dokon\u010danje kemi\u010dne reakcije nanesite <a href=\"https:\/\/lepika.si\/en\/product\/elan-cleansing-mousse-2-0\/\">\u00c9LAN DETOX-MOUSSE<\/a> na obrvi in \u200b\u200bpeno odstranite z vla\u017eno vatno blazinico.<br \/>\nZa utrjevanje rezultata nanesite na dla\u010dice obrvi fiksirno teko\u010dino \u00abCOLOUR FIX\u00bb, ki vsebuje keratin in son\u010dni\u010dno olje.<br \/>\nPo potrebi obrvi tonirajte ali pobarvajte.<\/p>\n<p>Pomembno: po beljenju obrvi ni priporo\u010dljivo izvajati standardnega postopka barvanja obrvi. \u010ce uporabite barvo za obrvi in \u200b\u200boksidant v razmerju 1:1, bodo dla\u010dice obrvi po\u010drnele.<\/p>\n<p>Pogoji shranjevanja: hranite na suhem mestu, izven dosega otrok, pri temperaturi med +5 \u00b0C in +25 \u00b0C. Izogibajte se neposredni son\u010dni svetlobi.<\/p>\n<p>&nbsp;<\/p>\n<p>SESTAVINE:<\/p>\n<p>AQUA, CETEARYL ALCOHOL, HYDROGEN PEROXIDE, GLYCERIN, CETEARETH-20, PARAFFINUM LIQUIDUM, ETHYLHEXYL STEARATE, ARGANIA SPINOSA KERNEL OIL, CETRIMONIUM CHLORIDE, CITRIC ACID, PHOSPHORIC ACID, TETRASODIUM PYROPHOSPHATE, DISODIUM EDTA, SODIUM STANNATE, SODIUM CARBONATE, SODIUM HYDROXIDE.<\/p>","protected":false},"excerpt":{"rendered":"<p>Oksidacijska emulzija je posebej zasnovana za me\u0161anje z naslednjimi kozmeti\u010dnimi izdelki iz profesionalne linije \u00c9LAN:<\/p>\n<p>&#8211; \u00c9LAN Brow Gel Tint<br \/>\n&#8211; Avtorjev sistem za barvanje obrvi \u00abSmart Brow Tinting System\u00bb<br \/>\n&#8211; Ultramarine belilni puder za obrvi<br \/>\n&#8211; Carbon belilni puder za obrvi<\/p>\n<p>Rok uporabe: 24 mesecev<br \/>\nObdobje po odprtju: 3 mesece<\/p>\n<p>&nbsp;<\/p>","protected":false},"featured_media":5195,"template":"","meta":{"site-sidebar-layout":"default","site-content-layout":"","ast-site-content-layout":"default","site-content-style":"default","site-sidebar-style":"default","ast-global-header-display":"","ast-banner-title-visibility":"","ast-main-header-display":"","ast-hfb-above-header-display":"","ast-hfb-below-header-display":"","ast-hfb-mobile-header-display":"","site-post-title":"","ast-breadcrumbs-content":"","ast-featured-img":"","footer-sml-layout":"","theme-transparent-header-meta":"default","adv-header-id-meta":"","stick-header-meta":"","header-above-stick-meta":"","header-main-stick-meta":"","header-below-stick-meta":"","astra-migrate-meta-layouts":"set","ast-page-background-enabled":"default","ast-page-background-meta":{"desktop":{"background-color":"","background-image":"","background-repeat":"repeat","background-position":"center center","background-size":"auto","background-attachment":"scroll","background-type":"","background-media":"","overlay-type":"","overlay-color":"","overlay-opacity":"","overlay-gradient":""},"tablet":{"background-color":"","background-image":"","background-repeat":"repeat","background-position":"center center","background-size":"auto","background-attachment":"scroll","background-type":"","background-media":"","overlay-type":"","overlay-color":"","overlay-opacity":"","overlay-gradient":""},"mobile":{"background-color":"","background-image":"","background-repeat":"repeat","background-position":"center center","background-size":"auto","background-attachment":"scroll","background-type":"","background-media":"","overlay-type":"","overlay-color":"","overlay-opacity":"","overlay-gradient":""}},"ast-content-background-meta":{"desktop":{"background-color":"var(--ast-global-color-5)","background-image":"","background-repeat":"repeat","background-position":"center center","background-size":"auto","background-attachment":"scroll","background-type":"","background-media":"","overlay-type":"","overlay-color":"","overlay-opacity":"","overlay-gradient":""},"tablet":{"background-color":"var(--ast-global-color-5)","background-image":"","background-repeat":"repeat","background-position":"center center","background-size":"auto","background-attachment":"scroll","background-type":"","background-media":"","overlay-type":"","overlay-color":"","overlay-opacity":"","overlay-gradient":""},"mobile":{"background-color":"var(--ast-global-color-5)","background-image":"","background-repeat":"repeat","background-position":"center center","background-size":"auto","background-attachment":"scroll","background-type":"","background-media":"","overlay-type":"","overlay-color":"","overlay-opacity":"","overlay-gradient":""}}},"product_brand":[],"product_cat":[87,88,72],"product_tag":[],"class_list":{"0":"post-5194","1":"product","2":"type-product","3":"status-publish","4":"has-post-thumbnail","6":"product_cat-laminacija-obrvi","7":"product_cat-oblikovanje-obrvi","8":"product_cat-obrvi","9":"desktop-align-left","10":"tablet-align-left","11":"mobile-align-left","13":"first","14":"instock","15":"taxable","16":"shipping-taxable","17":"purchasable","18":"product-type-simple"},"_links":{"self":[{"href":"https:\/\/lepika.si\/en\/wp-json\/wp\/v2\/product\/5194","targetHints":{"allow":["GET"]}}],"collection":[{"href":"https:\/\/lepika.si\/en\/wp-json\/wp\/v2\/product"}],"about":[{"href":"https:\/\/lepika.si\/en\/wp-json\/wp\/v2\/types\/product"}],"version-history":[{"count":3,"href":"https:\/\/lepika.si\/en\/wp-json\/wp\/v2\/product\/5194\/revisions"}],"predecessor-version":[{"id":5222,"href":"https:\/\/lepika.si\/en\/wp-json\/wp\/v2\/product\/5194\/revisions\/5222"}],"wp:featuredmedia":[{"embeddable":true,"href":"https:\/\/lepika.si\/en\/wp-json\/wp\/v2\/media\/5195"}],"wp:attachment":[{"href":"https:\/\/lepika.si\/en\/wp-json\/wp\/v2\/media?parent=5194"}],"wp:term":[{"taxonomy":"product_brand","embeddable":true,"href":"https:\/\/lepika.si\/en\/wp-json\/wp\/v2\/product_brand?post=5194"},{"taxonomy":"product_cat","embeddable":true,"href":"https:\/\/lepika.si\/en\/wp-json\/wp\/v2\/product_cat?post=5194"},{"taxonomy":"product_tag","embeddable":true,"href":"https:\/\/lepika.si\/en\/wp-json\/wp\/v2\/product_tag?post=5194"}],"curies":[{"name":"wp","href":"https:\/\/api.w.org\/{rel}","templated":true}]}}