{"id":5197,"date":"2025-06-18T18:51:45","date_gmt":"2025-06-18T18:51:45","guid":{"rendered":"https:\/\/lepika.si\/?post_type=product&#038;p=5197"},"modified":"2025-08-25T15:12:58","modified_gmt":"2025-08-25T15:12:58","slug":"elan-smart-skin-colour-remover-2-0","status":"publish","type":"product","link":"https:\/\/lepika.si\/en\/product\/elan-smart-skin-colour-remover-2-0\/","title":{"rendered":"Elan Smart Skin COLOUR REMOVER 2.0"},"content":{"rendered":"<p>Napredna formula odstranjevalca omogo\u010da ne\u017eno zabrisovanje za\u010detnih to\u010dk obrvi in \u200b\u200bustvarjanje brezhibnega preliva. Izdelek vsebuje nevtralizator vonja, ki prikrije vonj alkoholne baze.<\/p>\n<p>Rok uporabe: 36 mesecev.<br \/>\nObdobje po odprtju: 12 mesecev.<\/p>\n<p><strong>UPORABA:<\/strong><\/p>\n<p>Izdelek nanesite z vatirano pal\u010dko ali blazinico na \u017eelena podro\u010dja obrvi, da odstranite ne\u017eelen pigment ali zmeh\u010date obliko obrvi z uporabo tehnike zabrisovanja.<\/p>\n<p>&nbsp;<\/p>\n<p>SESTAVINE:<\/p>\n<section id=\"shopify-section-template--21056886112600__78a846bd-02c2-4b33-906f-9ddbfd65e4be\" class=\"shopify-section mount-toggles\">\n<div class=\"container--large container--vertical-space\">\n<div class=\"\">\n<div class=\"faq-items\">\n<div class=\"element--border-radius element--has-border\">\n<div id=\"toggle--22f7fe63-17a0-4873-96e4-e41544c2a82d-2\" class=\"toggle__content rte remove-empty-space\" role=\"region\" data-js-content=\"\">\n<p><span class=\"metafield-multi_line_text_field\">AQUA, ISOPROPYL ALCOHOL, ALCOHOL DENAT, PROPYLENE GLYCOL, SODIUM LAURETH SULFATE, PARFUM, BENZYL SALICYLATE.<\/span><\/p>\n<\/div>\n<\/div>\n<\/div>\n<\/div>\n<\/div>\n<\/section>\n<div id=\"shopify-section-template--21056886112600__17024668516d10f7f4\" class=\"shopify-section mount-app\" data-js-inert=\"\">\n<div class=\"container container--vertical-space container--large\"><\/div>\n<\/div>","protected":false},"excerpt":{"rendered":"<p>Profesionalni odstranjevalec je zasnovan za u\u010dinkovito odstranjevanje odve\u010dne barve s ko\u017ee. Ta izdelek omogo\u010da prilagajanje intenzivnosti barve ko\u017ee med barvanjem obrvi, kar na koncu da bolj naraven videz.<\/p>\n<p>Koli\u010dina<br \/>\n50 ml<\/p>","protected":false},"featured_media":5198,"template":"","meta":{"site-sidebar-layout":"default","site-content-layout":"","ast-site-content-layout":"default","site-content-style":"default","site-sidebar-style":"default","ast-global-header-display":"","ast-banner-title-visibility":"","ast-main-header-display":"","ast-hfb-above-header-display":"","ast-hfb-below-header-display":"","ast-hfb-mobile-header-display":"","site-post-title":"","ast-breadcrumbs-content":"","ast-featured-img":"","footer-sml-layout":"","theme-transparent-header-meta":"default","adv-header-id-meta":"","stick-header-meta":"","header-above-stick-meta":"","header-main-stick-meta":"","header-below-stick-meta":"","astra-migrate-meta-layouts":"set","ast-page-background-enabled":"default","ast-page-background-meta":{"desktop":{"background-color":"","background-image":"","background-repeat":"repeat","background-position":"center center","background-size":"auto","background-attachment":"scroll","background-type":"","background-media":"","overlay-type":"","overlay-color":"","overlay-opacity":"","overlay-gradient":""},"tablet":{"background-color":"","background-image":"","background-repeat":"repeat","background-position":"center center","background-size":"auto","background-attachment":"scroll","background-type":"","background-media":"","overlay-type":"","overlay-color":"","overlay-opacity":"","overlay-gradient":""},"mobile":{"background-color":"","background-image":"","background-repeat":"repeat","background-position":"center center","background-size":"auto","background-attachment":"scroll","background-type":"","background-media":"","overlay-type":"","overlay-color":"","overlay-opacity":"","overlay-gradient":""}},"ast-content-background-meta":{"desktop":{"background-color":"var(--ast-global-color-5)","background-image":"","background-repeat":"repeat","background-position":"center center","background-size":"auto","background-attachment":"scroll","background-type":"","background-media":"","overlay-type":"","overlay-color":"","overlay-opacity":"","overlay-gradient":""},"tablet":{"background-color":"var(--ast-global-color-5)","background-image":"","background-repeat":"repeat","background-position":"center center","background-size":"auto","background-attachment":"scroll","background-type":"","background-media":"","overlay-type":"","overlay-color":"","overlay-opacity":"","overlay-gradient":""},"mobile":{"background-color":"var(--ast-global-color-5)","background-image":"","background-repeat":"repeat","background-position":"center center","background-size":"auto","background-attachment":"scroll","background-type":"","background-media":"","overlay-type":"","overlay-color":"","overlay-opacity":"","overlay-gradient":""}}},"product_brand":[],"product_cat":[87,88,72,71,86],"product_tag":[],"class_list":{"0":"post-5197","1":"product","2":"type-product","3":"status-publish","4":"has-post-thumbnail","6":"product_cat-laminacija-obrvi","7":"product_cat-oblikovanje-obrvi","8":"product_cat-obrvi","9":"product_cat-trepalnice","10":"product_cat-vihanje-trepalnic","11":"desktop-align-left","12":"tablet-align-left","13":"mobile-align-left","15":"first","16":"instock","17":"taxable","18":"shipping-taxable","19":"purchasable","20":"product-type-simple"},"_links":{"self":[{"href":"https:\/\/lepika.si\/en\/wp-json\/wp\/v2\/product\/5197","targetHints":{"allow":["GET"]}}],"collection":[{"href":"https:\/\/lepika.si\/en\/wp-json\/wp\/v2\/product"}],"about":[{"href":"https:\/\/lepika.si\/en\/wp-json\/wp\/v2\/types\/product"}],"version-history":[{"count":3,"href":"https:\/\/lepika.si\/en\/wp-json\/wp\/v2\/product\/5197\/revisions"}],"predecessor-version":[{"id":5220,"href":"https:\/\/lepika.si\/en\/wp-json\/wp\/v2\/product\/5197\/revisions\/5220"}],"wp:featuredmedia":[{"embeddable":true,"href":"https:\/\/lepika.si\/en\/wp-json\/wp\/v2\/media\/5198"}],"wp:attachment":[{"href":"https:\/\/lepika.si\/en\/wp-json\/wp\/v2\/media?parent=5197"}],"wp:term":[{"taxonomy":"product_brand","embeddable":true,"href":"https:\/\/lepika.si\/en\/wp-json\/wp\/v2\/product_brand?post=5197"},{"taxonomy":"product_cat","embeddable":true,"href":"https:\/\/lepika.si\/en\/wp-json\/wp\/v2\/product_cat?post=5197"},{"taxonomy":"product_tag","embeddable":true,"href":"https:\/\/lepika.si\/en\/wp-json\/wp\/v2\/product_tag?post=5197"}],"curies":[{"name":"wp","href":"https:\/\/api.w.org\/{rel}","templated":true}]}}