{"id":5200,"date":"2025-06-18T18:56:44","date_gmt":"2025-06-18T18:56:44","guid":{"rendered":"https:\/\/lepika.si\/?post_type=product&#038;p=5200"},"modified":"2025-08-25T15:12:17","modified_gmt":"2025-08-25T15:12:17","slug":"elan-cleansing-mousse-2-0","status":"publish","type":"product","link":"https:\/\/lepika.si\/en\/product\/elan-cleansing-mousse-2-0\/","title":{"rendered":"Elan Cleansing Mousse 2.0"},"content":{"rendered":"<p>Klju\u010dne sestavine formule Detox-Mousse vklju\u010dujejo pantenol, izvle\u010dek ognji\u010da in izvle\u010dek repinca. Zagotavljajo globinsko vla\u017eenje in nego ko\u017ee in las ter jih \u0161\u010ditijo pred negativnimi u\u010dinki zunanjih dejavnikov.<\/p>\n<p>Zahvaljujo\u010d sestavinam za nego ko\u017ee in pomirjujo\u010dim u\u010dinkom na ko\u017eo je Detox-Mousse priporo\u010dljiv za vsakodnevno ne\u017eno \u010di\u0161\u010denje obraza.<\/p>\n<p>Rok uporabe: 24 mesecev.<br \/>\nObdobje po odprtju: 6 mesecev.<\/p>\n<p><strong>UPORABA:<\/strong><\/p>\n<p>Z dozirno \u010drpalko nanesite \u017eeleno koli\u010dino Detox-Mousse in jo s \u010dopi\u010dem nanesite na trepalnice in\/ali obrvi. Izdelek ne\u017eno porazdelite po \u017eelenem predelu, nato pa ga odstranite z vatno blazinico, navla\u017eeno z vodo. Po potrebi postopek ponovite.<\/p>\n<p>Pri \u010di\u0161\u010denju obraza nanesite Detox-Mousse in ga z ne\u017enimi gibi ne\u017eno porazdelite, nato pa sperite z vodo. Po \u010di\u0161\u010denju lahko nadaljujete z obi\u010dajno nego ko\u017ee, prilagojeno va\u0161emu tipu ko\u017ee, vklju\u010dno s toniranjem in vla\u017eenjem.<\/p>\n<p>&nbsp;<\/p>\n<p>SESTAVINE:<\/p>\n<p>AQUA, COCAMIDOPROPYL BETAINE, GLYCERIN, LAURYL GLUCOSIDE, DISODIUM COCOAMPHODIACETATE, PEG-7 GLYCERYL COCOATE, SILYBUM MARIANUM EXTRACT, PANTHENOL, POLYQUATERNIUM-10, PHENOXYETHANOL, CITRIC ACID, CALENDULA OFFICINALIS FLOWER EXTRACT, PARFUM, ETHYLHEXYLGLYCERIN, PIROCTONE OLAMINE.<\/p>\n<p>&nbsp;<\/p>","protected":false},"excerpt":{"rendered":"<p>Profesionalna pena, zasnovana za temeljito \u010di\u0161\u010denje in razma\u0161\u010devanje trepalnic in obrvi pred barvanjem. To zagotavlja optimalen oprijem barve na trepalnice, obrvi in \u200b\u200bokoli\u0161ko ko\u017eo.<\/p>\n<p>Koli\u010dina:<\/p>\n<p>150 ml<\/p>\n<p>&nbsp;<\/p>","protected":false},"featured_media":5201,"template":"","meta":{"site-sidebar-layout":"default","site-content-layout":"","ast-site-content-layout":"default","site-content-style":"default","site-sidebar-style":"default","ast-global-header-display":"","ast-banner-title-visibility":"","ast-main-header-display":"","ast-hfb-above-header-display":"","ast-hfb-below-header-display":"","ast-hfb-mobile-header-display":"","site-post-title":"","ast-breadcrumbs-content":"","ast-featured-img":"","footer-sml-layout":"","theme-transparent-header-meta":"default","adv-header-id-meta":"","stick-header-meta":"","header-above-stick-meta":"","header-main-stick-meta":"","header-below-stick-meta":"","astra-migrate-meta-layouts":"set","ast-page-background-enabled":"default","ast-page-background-meta":{"desktop":{"background-color":"","background-image":"","background-repeat":"repeat","background-position":"center center","background-size":"auto","background-attachment":"scroll","background-type":"","background-media":"","overlay-type":"","overlay-color":"","overlay-opacity":"","overlay-gradient":""},"tablet":{"background-color":"","background-image":"","background-repeat":"repeat","background-position":"center center","background-size":"auto","background-attachment":"scroll","background-type":"","background-media":"","overlay-type":"","overlay-color":"","overlay-opacity":"","overlay-gradient":""},"mobile":{"background-color":"","background-image":"","background-repeat":"repeat","background-position":"center center","background-size":"auto","background-attachment":"scroll","background-type":"","background-media":"","overlay-type":"","overlay-color":"","overlay-opacity":"","overlay-gradient":""}},"ast-content-background-meta":{"desktop":{"background-color":"var(--ast-global-color-5)","background-image":"","background-repeat":"repeat","background-position":"center center","background-size":"auto","background-attachment":"scroll","background-type":"","background-media":"","overlay-type":"","overlay-color":"","overlay-opacity":"","overlay-gradient":""},"tablet":{"background-color":"var(--ast-global-color-5)","background-image":"","background-repeat":"repeat","background-position":"center center","background-size":"auto","background-attachment":"scroll","background-type":"","background-media":"","overlay-type":"","overlay-color":"","overlay-opacity":"","overlay-gradient":""},"mobile":{"background-color":"var(--ast-global-color-5)","background-image":"","background-repeat":"repeat","background-position":"center center","background-size":"auto","background-attachment":"scroll","background-type":"","background-media":"","overlay-type":"","overlay-color":"","overlay-opacity":"","overlay-gradient":""}}},"product_brand":[],"product_cat":[87,88,72,71,86],"product_tag":[],"class_list":{"0":"post-5200","1":"product","2":"type-product","3":"status-publish","4":"has-post-thumbnail","6":"product_cat-laminacija-obrvi","7":"product_cat-oblikovanje-obrvi","8":"product_cat-obrvi","9":"product_cat-trepalnice","10":"product_cat-vihanje-trepalnic","11":"desktop-align-left","12":"tablet-align-left","13":"mobile-align-left","15":"first","16":"instock","17":"taxable","18":"shipping-taxable","19":"purchasable","20":"product-type-simple"},"_links":{"self":[{"href":"https:\/\/lepika.si\/en\/wp-json\/wp\/v2\/product\/5200","targetHints":{"allow":["GET"]}}],"collection":[{"href":"https:\/\/lepika.si\/en\/wp-json\/wp\/v2\/product"}],"about":[{"href":"https:\/\/lepika.si\/en\/wp-json\/wp\/v2\/types\/product"}],"version-history":[{"count":3,"href":"https:\/\/lepika.si\/en\/wp-json\/wp\/v2\/product\/5200\/revisions"}],"predecessor-version":[{"id":5224,"href":"https:\/\/lepika.si\/en\/wp-json\/wp\/v2\/product\/5200\/revisions\/5224"}],"wp:featuredmedia":[{"embeddable":true,"href":"https:\/\/lepika.si\/en\/wp-json\/wp\/v2\/media\/5201"}],"wp:attachment":[{"href":"https:\/\/lepika.si\/en\/wp-json\/wp\/v2\/media?parent=5200"}],"wp:term":[{"taxonomy":"product_brand","embeddable":true,"href":"https:\/\/lepika.si\/en\/wp-json\/wp\/v2\/product_brand?post=5200"},{"taxonomy":"product_cat","embeddable":true,"href":"https:\/\/lepika.si\/en\/wp-json\/wp\/v2\/product_cat?post=5200"},{"taxonomy":"product_tag","embeddable":true,"href":"https:\/\/lepika.si\/en\/wp-json\/wp\/v2\/product_tag?post=5200"}],"curies":[{"name":"wp","href":"https:\/\/api.w.org\/{rel}","templated":true}]}}