{"id":5203,"date":"2025-06-18T19:01:38","date_gmt":"2025-06-18T19:01:38","guid":{"rendered":"https:\/\/lepika.si\/?post_type=product&#038;p=5203"},"modified":"2025-08-25T15:11:45","modified_gmt":"2025-08-25T15:11:45","slug":"elan-silikonski-aplikator-29","status":"publish","type":"product","link":"https:\/\/lepika.si\/en\/product\/elan-silikonski-aplikator-29\/","title":{"rendered":"Elan silikonski aplikator #29"},"content":{"rendered":"<p>Profesionalni \u010dopi\u010d s silikonskim aplikatorjem je namenjen viza\u017eistom za oblikovanje in barvanje obrvi ter viza\u017eistom, ki se ukvarjajo z li\u010denjem. \u010copi\u010d dobro ohranja obliko, pomaga brez napora odstraniti odve\u010dno barvo in ustvarja natan\u010dne linije med postopkom oblikovanja obrvi. Poleg tega je ta \u010dopi\u010d odli\u010den za nana\u0161anje kozmeti\u010dnih izdelkov v gelu in kremi (korektor). Silikonski aplikator s \u010dopi\u010dem je primeren za \u010di\u0161\u010denje in razku\u017eevanje.<\/p>\n<p>Dol\u017eina \u010dopi\u010da: 17 cm.<br \/>\nDol\u017eina silikonskega aplikatorja: 1,5 cm.<\/p>","protected":false},"excerpt":{"rendered":"<p>Profesionalni \u010dopi\u010d s silikonskim aplikatorjem je namenjen artistom za oblikovanje in barvanje obrvi ter viza\u017eistom, ki se ukvarjajo z li\u010denjem. \u010copi\u010d dobro ohranja obliko, pomaga brez napora odstraniti odve\u010dno barvo in ustvarja natan\u010dne linije med postopkom oblikovanja obrvi. Poleg tega je ta \u010dopi\u010d odli\u010den za nana\u0161anje kozmeti\u010dnih izdelkov v gelu in kremi (korektor). Silikonski aplikator s \u010dopi\u010dem je primeren za \u010di\u0161\u010denje in razku\u017eevanje.<\/p>\n<p>Dol\u017eina \u010dopi\u010da: 17 cm.<br \/>\nDol\u017eina silikonskega aplikatorja: 1,5 cm.<\/p>","protected":false},"featured_media":5204,"template":"","meta":{"site-sidebar-layout":"default","site-content-layout":"","ast-site-content-layout":"default","site-content-style":"default","site-sidebar-style":"default","ast-global-header-display":"","ast-banner-title-visibility":"","ast-main-header-display":"","ast-hfb-above-header-display":"","ast-hfb-below-header-display":"","ast-hfb-mobile-header-display":"","site-post-title":"","ast-breadcrumbs-content":"","ast-featured-img":"","footer-sml-layout":"","theme-transparent-header-meta":"default","adv-header-id-meta":"","stick-header-meta":"","header-above-stick-meta":"","header-main-stick-meta":"","header-below-stick-meta":"","astra-migrate-meta-layouts":"set","ast-page-background-enabled":"default","ast-page-background-meta":{"desktop":{"background-color":"","background-image":"","background-repeat":"repeat","background-position":"center center","background-size":"auto","background-attachment":"scroll","background-type":"","background-media":"","overlay-type":"","overlay-color":"","overlay-opacity":"","overlay-gradient":""},"tablet":{"background-color":"","background-image":"","background-repeat":"repeat","background-position":"center center","background-size":"auto","background-attachment":"scroll","background-type":"","background-media":"","overlay-type":"","overlay-color":"","overlay-opacity":"","overlay-gradient":""},"mobile":{"background-color":"","background-image":"","background-repeat":"repeat","background-position":"center center","background-size":"auto","background-attachment":"scroll","background-type":"","background-media":"","overlay-type":"","overlay-color":"","overlay-opacity":"","overlay-gradient":""}},"ast-content-background-meta":{"desktop":{"background-color":"var(--ast-global-color-5)","background-image":"","background-repeat":"repeat","background-position":"center center","background-size":"auto","background-attachment":"scroll","background-type":"","background-media":"","overlay-type":"","overlay-color":"","overlay-opacity":"","overlay-gradient":""},"tablet":{"background-color":"var(--ast-global-color-5)","background-image":"","background-repeat":"repeat","background-position":"center center","background-size":"auto","background-attachment":"scroll","background-type":"","background-media":"","overlay-type":"","overlay-color":"","overlay-opacity":"","overlay-gradient":""},"mobile":{"background-color":"var(--ast-global-color-5)","background-image":"","background-repeat":"repeat","background-position":"center center","background-size":"auto","background-attachment":"scroll","background-type":"","background-media":"","overlay-type":"","overlay-color":"","overlay-opacity":"","overlay-gradient":""}}},"product_brand":[],"product_cat":[87,88,72,78,71,86],"product_tag":[],"class_list":{"0":"post-5203","1":"product","2":"type-product","3":"status-publish","4":"has-post-thumbnail","6":"product_cat-laminacija-obrvi","7":"product_cat-oblikovanje-obrvi","8":"product_cat-obrvi","9":"product_cat-pripomocki","10":"product_cat-trepalnice","11":"product_cat-vihanje-trepalnic","12":"desktop-align-left","13":"tablet-align-left","14":"mobile-align-left","16":"first","17":"instock","18":"featured","19":"taxable","20":"shipping-taxable","21":"purchasable","22":"product-type-simple"},"_links":{"self":[{"href":"https:\/\/lepika.si\/en\/wp-json\/wp\/v2\/product\/5203","targetHints":{"allow":["GET"]}}],"collection":[{"href":"https:\/\/lepika.si\/en\/wp-json\/wp\/v2\/product"}],"about":[{"href":"https:\/\/lepika.si\/en\/wp-json\/wp\/v2\/types\/product"}],"version-history":[{"count":1,"href":"https:\/\/lepika.si\/en\/wp-json\/wp\/v2\/product\/5203\/revisions"}],"predecessor-version":[{"id":5205,"href":"https:\/\/lepika.si\/en\/wp-json\/wp\/v2\/product\/5203\/revisions\/5205"}],"wp:featuredmedia":[{"embeddable":true,"href":"https:\/\/lepika.si\/en\/wp-json\/wp\/v2\/media\/5204"}],"wp:attachment":[{"href":"https:\/\/lepika.si\/en\/wp-json\/wp\/v2\/media?parent=5203"}],"wp:term":[{"taxonomy":"product_brand","embeddable":true,"href":"https:\/\/lepika.si\/en\/wp-json\/wp\/v2\/product_brand?post=5203"},{"taxonomy":"product_cat","embeddable":true,"href":"https:\/\/lepika.si\/en\/wp-json\/wp\/v2\/product_cat?post=5203"},{"taxonomy":"product_tag","embeddable":true,"href":"https:\/\/lepika.si\/en\/wp-json\/wp\/v2\/product_tag?post=5203"}],"curies":[{"name":"wp","href":"https:\/\/api.w.org\/{rel}","templated":true}]}}