{"id":5212,"date":"2025-06-18T19:12:40","date_gmt":"2025-06-18T19:12:40","guid":{"rendered":"https:\/\/lepika.si\/?post_type=product&#038;p=5212"},"modified":"2025-08-25T15:10:46","modified_gmt":"2025-08-25T15:10:46","slug":"5212","status":"publish","type":"product","link":"https:\/\/lepika.si\/en\/product\/5212\/","title":{"rendered":"Elan LashPLEX 2.0"},"content":{"rendered":"<p>Aktivne sestavine izdelka \u00abLashPLEX 2.0\u00bb:<\/p>\n<p>PRODEW\u00ae 500 \u2014 patentiran naravni vla\u017eilni faktor (NMF) z edinstvenim kompleksom 20 aminokislin. \u0160\u010diti folikle pred oksidativnim stresom, obnavlja beljakovinsko strukturo trepalnic, odpravlja mikropo\u0161kodbe in zagotavlja kakovostno hidratacijo.<br \/>\nPatentiran kompleks na osnovi 8 aminokislin (serin, glicin, glutaminska kislina, alanin, lizin, arginin, treonin, prolin) v kombinaciji z betainom in soljo pirolidonkarboksilne kisline je zelo u\u010dinkovita vla\u017eilna komponenta.<br \/>\nKompleks na osnovi beljakovin, hidroliziranega keratina in pantenola ovije vsako dla\u010dico, zaradi \u010desar so trepalnice gostej\u0161e, sijo\u010de in bolj elasti\u010dne. Pomaga ohranjati obliko kodrov trepalnic po dvigu in ima tudi za\u0161\u010ditno funkcijo.<\/p>\n<p>Rok uporabe: 24 mesecev.<br \/>\nObdobje po odprtju: 6 mesecev.<\/p>\n<p><strong>UPORABA<\/strong>:<\/p>\n<p>S pipeto nanesite nekaj kapljic koncentrata na trepalnice, za\u010den\u0161i od notranjega koti\u010dka o\u010desa proti zunanjemu. Za bolj higienski nanos lahko uporabite \u010dopi\u010d. Pustite delovati, dokler se popolnoma ne vpije.<\/p>\n<p>Za profesionalno uporabo: koncentrat nanesite kot del rutine nege po zaklju\u010dku postopka dviga trepalnic.<\/p>\n<p>Za doma\u010do uporabo: koncentrat uporabljajte vsakodnevno kot vla\u017eilno, meh\u010dalno in lepotno nego za ko\u017eo in trepalnice.<\/p>\n<p>OPOMBA! Za vidne rezultate obnove trepalnic je priporo\u010dljivo, da koncentrat uporabljate vsakodnevno 1-2 meseca.<\/p>\n<p>&nbsp;<\/p>\n<p>SESTAVINE:<br \/>\nAQUA, GLYCERIN, PHENOXYETHANOL, PEG-40 HYDROGENATED CASTOR OIL, XANTHAN GUM, PANTHENOL, SODIUM PCA HYDROLYZED KERATIN, SODIUM LACTATE, ARGININE, ASPARTIC ACID, PCA, GLYCINE, PHENYLALANINE, ETHYLHEXYLGLYCERIN, PARFUM, HEXYL CINNAMAL, LIMONENE.<\/p>","protected":false},"excerpt":{"rendered":"<p>Izbolj\u0161an profesionalni koncentrat za intenzivno nego trepalnic, \u00abLashPLEX 2.0\u00bb.<\/p>\n<p>Ta izdelek vsebuje naravni vla\u017eilni faktor PRODEW\u00ae 500 z edinstvenim kompleksom aminokislin. Priporo\u010dljiv je tako za profesionalno kot doma\u010do uporabo.<\/p>\n<p>Delovanje \u00abLashPLEX 2.0\u00bb:<\/p>\n<p>\u2013 zmanj\u0161uje po\u0161kodbe dlak, globinsko neguje in zapira povrhnjico po postopku dviga;<\/p>\n<p>\u2013 vla\u017ei in prepre\u010duje izsu\u0161itev in lu\u0161\u010denje ko\u017ee;<\/p>\n<p>\u2013 obnavlja strukturo trepalnic;<\/p>\n<p>\u2013 zagotavlja elasti\u010dnost in odpornost proti po\u0161kodbam.<\/p>\n<p>Koli\u010dina<br \/>\n10 ml<\/p>\n<p>&nbsp;<\/p>","protected":false},"featured_media":5213,"template":"","meta":{"site-sidebar-layout":"default","site-content-layout":"","ast-site-content-layout":"default","site-content-style":"default","site-sidebar-style":"default","ast-global-header-display":"","ast-banner-title-visibility":"","ast-main-header-display":"","ast-hfb-above-header-display":"","ast-hfb-below-header-display":"","ast-hfb-mobile-header-display":"","site-post-title":"","ast-breadcrumbs-content":"","ast-featured-img":"","footer-sml-layout":"","theme-transparent-header-meta":"default","adv-header-id-meta":"","stick-header-meta":"","header-above-stick-meta":"","header-main-stick-meta":"","header-below-stick-meta":"","astra-migrate-meta-layouts":"set","ast-page-background-enabled":"default","ast-page-background-meta":{"desktop":{"background-color":"","background-image":"","background-repeat":"repeat","background-position":"center center","background-size":"auto","background-attachment":"scroll","background-type":"","background-media":"","overlay-type":"","overlay-color":"","overlay-opacity":"","overlay-gradient":""},"tablet":{"background-color":"","background-image":"","background-repeat":"repeat","background-position":"center center","background-size":"auto","background-attachment":"scroll","background-type":"","background-media":"","overlay-type":"","overlay-color":"","overlay-opacity":"","overlay-gradient":""},"mobile":{"background-color":"","background-image":"","background-repeat":"repeat","background-position":"center center","background-size":"auto","background-attachment":"scroll","background-type":"","background-media":"","overlay-type":"","overlay-color":"","overlay-opacity":"","overlay-gradient":""}},"ast-content-background-meta":{"desktop":{"background-color":"var(--ast-global-color-5)","background-image":"","background-repeat":"repeat","background-position":"center center","background-size":"auto","background-attachment":"scroll","background-type":"","background-media":"","overlay-type":"","overlay-color":"","overlay-opacity":"","overlay-gradient":""},"tablet":{"background-color":"var(--ast-global-color-5)","background-image":"","background-repeat":"repeat","background-position":"center center","background-size":"auto","background-attachment":"scroll","background-type":"","background-media":"","overlay-type":"","overlay-color":"","overlay-opacity":"","overlay-gradient":""},"mobile":{"background-color":"var(--ast-global-color-5)","background-image":"","background-repeat":"repeat","background-position":"center center","background-size":"auto","background-attachment":"scroll","background-type":"","background-media":"","overlay-type":"","overlay-color":"","overlay-opacity":"","overlay-gradient":""}}},"product_brand":[],"product_cat":[72,71,86],"product_tag":[],"class_list":{"0":"post-5212","1":"product","2":"type-product","3":"status-publish","4":"has-post-thumbnail","6":"product_cat-obrvi","7":"product_cat-trepalnice","8":"product_cat-vihanje-trepalnic","9":"desktop-align-left","10":"tablet-align-left","11":"mobile-align-left","13":"first","14":"instock","15":"featured","16":"taxable","17":"shipping-taxable","18":"purchasable","19":"product-type-simple"},"_links":{"self":[{"href":"https:\/\/lepika.si\/en\/wp-json\/wp\/v2\/product\/5212","targetHints":{"allow":["GET"]}}],"collection":[{"href":"https:\/\/lepika.si\/en\/wp-json\/wp\/v2\/product"}],"about":[{"href":"https:\/\/lepika.si\/en\/wp-json\/wp\/v2\/types\/product"}],"version-history":[{"count":5,"href":"https:\/\/lepika.si\/en\/wp-json\/wp\/v2\/product\/5212\/revisions"}],"predecessor-version":[{"id":5223,"href":"https:\/\/lepika.si\/en\/wp-json\/wp\/v2\/product\/5212\/revisions\/5223"}],"wp:featuredmedia":[{"embeddable":true,"href":"https:\/\/lepika.si\/en\/wp-json\/wp\/v2\/media\/5213"}],"wp:attachment":[{"href":"https:\/\/lepika.si\/en\/wp-json\/wp\/v2\/media?parent=5212"}],"wp:term":[{"taxonomy":"product_brand","embeddable":true,"href":"https:\/\/lepika.si\/en\/wp-json\/wp\/v2\/product_brand?post=5212"},{"taxonomy":"product_cat","embeddable":true,"href":"https:\/\/lepika.si\/en\/wp-json\/wp\/v2\/product_cat?post=5212"},{"taxonomy":"product_tag","embeddable":true,"href":"https:\/\/lepika.si\/en\/wp-json\/wp\/v2\/product_tag?post=5212"}],"curies":[{"name":"wp","href":"https:\/\/api.w.org\/{rel}","templated":true}]}}