{"id":5245,"date":"2025-07-09T19:59:06","date_gmt":"2025-07-09T19:59:06","guid":{"rendered":"https:\/\/lepika.si\/?post_type=product&#038;p=5245"},"modified":"2025-08-25T15:09:34","modified_gmt":"2025-08-25T15:09:34","slug":"kozmeticni-stol-carmen","status":"publish","type":"product","link":"https:\/\/lepika.si\/en\/product\/kozmeticni-stol-carmen\/","title":{"rendered":"Kozmeti\u010dni stol Carmen"},"content":{"rendered":"<p>Kozmeti\u010dni stol Carmen s svojim oblikovanim sede\u017eem in naslonjalom zagotavlja udobje kjer koli. Od kozmeti\u010dnega salona, \u200b\u200bstudia za nohte do pisarne ali recepcije. Prav tako bo popoln za doma\u010do uporabo. Idealen za stiliste, ki potrebujejo udobje in funkcionalnost med dolgim \u200b\u200bdelovnim \u010dasom.<\/p>\n<p>Sede\u017e je oblazinjen z umetnim usnjem, prijetnim na dotik, v elegantnem belem odtenku. Material zagotavlja vzdr\u017eljivost, odpornost na vlago in enostavno \u010di\u0161\u010denje. Dizajn dopolnjujejo elegantni \u0161ivi, ki poudarjajo sodoben videz.<\/p>\n<p><strong style=\"font-size: 1.2em;\">Ta izdelek je na voljo po naro\u010dilu!<\/strong><\/p>\n<ol>\n<li>Izberete produkt\/e in oddate naro\u010dilo. Pla\u010dilo izdelka <strong>po naro\u010dilu<\/strong> je mo\u017eno <strong>samo s predhodnim nakazilom na TRR<\/strong>. Cena dostave se zara\u010duna naknadno odvisno od oddaljenosti in te\u017ee izdelka.<\/li>\n<li>Ko prejmemo va\u0161e naro\u010dilo, vas kontaktiramo.<\/li>\n<li>Po dogovoru vam izstavimo <strong>avansni ra\u010dun v vi\u0161ini 50% vrednosti naro\u010dila.<\/strong> To je garancija za odkup izdelka. Dokler avansni ra\u010dun ni poravnan, se izdelek iz na\u0161e strani <strong>NE<\/strong> naro\u010di od na\u0161ega dobavitelja.<\/li>\n<li>Dobava izdelka je v\u00a0<strong>7-10 dni<\/strong>.<\/li>\n<li>Ob prejetju izdelka v na\u0161e skladi\u0161\u010de, vas o tem obvestimo in se pred dostavo poravna \u0161e preostalih <strong>50% zneska<\/strong>.<\/li>\n<li>\n<article class=\"text-token-text-primary w-full focus:outline-none scroll-mt-[calc(var(--header-height)+min(200px,max(70px,20svh)))]\" dir=\"auto\" tabindex=\"-1\" data-turn-id=\"request-WEB:83d86450-049f-432c-8c1a-1fc6fa3cda13-1\" data-testid=\"conversation-turn-4\" data-scroll-anchor=\"true\" data-turn=\"assistant\">\n<div class=\"text-base my-auto mx-auto pb-10 [--thread-content-margin:--spacing(4)] @[37rem]:[--thread-content-margin:--spacing(6)] @[72rem]:[--thread-content-margin:--spacing(16)] px-(--thread-content-margin)\">\n<div class=\"[--thread-content-max-width:32rem] @[34rem]:[--thread-content-max-width:40rem] @[64rem]:[--thread-content-max-width:48rem] mx-auto max-w-(--thread-content-max-width) flex-1 group\/turn-messages focus-visible:outline-hidden relative flex w-full min-w-0 flex-col agent-turn\" tabindex=\"-1\">\n<div class=\"flex max-w-full flex-col grow\">\n<div class=\"min-h-8 text-message relative flex w-full flex-col items-end gap-2 text-start break-words whitespace-normal [.text-message+&amp;]:mt-5\" dir=\"auto\" data-message-author-role=\"assistant\" data-message-id=\"e8c1eab0-36c9-422c-b55e-48a4fd34cbd8\">\n<div class=\"flex w-full flex-col gap-1 empty:hidden first:pt-[3px]\">\n<div class=\"markdown prose dark:prose-invert w-full break-words light markdown-new-styling\">\n<p data-start=\"0\" data-end=\"81\" data-is-last-node=\"\" data-is-only-node=\"\">Ko boste poravnali \u0161e zadnji del ra\u010duna, bomo paket izro\u010dili kurirju za dostavo.<\/p>\n<\/div>\n<\/div>\n<\/div>\n<\/div>\n<\/div>\n<\/div>\n<\/article>\n<\/li>\n<\/ol>","protected":false},"excerpt":{"rendered":"<ul>\n<li data-start=\"100\" data-end=\"162\">\n<p data-start=\"102\" data-end=\"162\">Oblikovan sede\u017e in naslonjalo za maksimalno udobje.<\/p>\n<\/li>\n<li data-start=\"163\" data-end=\"272\">\n<p data-start=\"165\" data-end=\"272\">Primeren za <strong data-start=\"177\" data-end=\"198\">kozmeti\u010dne salone<\/strong>, <strong data-start=\"200\" data-end=\"219\">studie za nohte<\/strong>, <strong data-start=\"221\" data-end=\"232\">pisarne<\/strong>, <strong data-start=\"234\" data-end=\"247\">recepcije<\/strong> in <strong data-start=\"251\" data-end=\"269\">doma\u010do uporabo<\/strong>.<\/p>\n<\/li>\n<li data-start=\"273\" data-end=\"333\">\n<p data-start=\"275\" data-end=\"333\">Idealna izbira za profesionalce z dolgim delovnim \u010dasom.<\/p>\n<\/li>\n<li data-start=\"334\" data-end=\"430\">\n<p data-start=\"336\" data-end=\"430\">Oblazinjen z <strong data-start=\"349\" data-end=\"367\">umetnim usnjem<\/strong> \u2013 mehko na dotik, odporno na vlago in enostavno za \u010di\u0161\u010denje.<\/p>\n<\/li>\n<li data-start=\"558\" data-end=\"634\">\n<p data-start=\"560\" data-end=\"634\">Kakovosten material zagotavlja <strong data-start=\"591\" data-end=\"633\">vzdr\u017eljivost in dolgo \u017eivljenjsko dobo<\/strong>.<\/p>\n<\/li>\n<\/ul>","protected":false},"featured_media":5246,"template":"","meta":{"site-sidebar-layout":"default","site-content-layout":"","ast-site-content-layout":"default","site-content-style":"default","site-sidebar-style":"default","ast-global-header-display":"","ast-banner-title-visibility":"","ast-main-header-display":"","ast-hfb-above-header-display":"","ast-hfb-below-header-display":"","ast-hfb-mobile-header-display":"","site-post-title":"","ast-breadcrumbs-content":"","ast-featured-img":"","footer-sml-layout":"","theme-transparent-header-meta":"default","adv-header-id-meta":"","stick-header-meta":"","header-above-stick-meta":"","header-main-stick-meta":"","header-below-stick-meta":"","astra-migrate-meta-layouts":"set","ast-page-background-enabled":"default","ast-page-background-meta":{"desktop":{"background-color":"","background-image":"","background-repeat":"repeat","background-position":"center center","background-size":"auto","background-attachment":"scroll","background-type":"","background-media":"","overlay-type":"","overlay-color":"","overlay-opacity":"","overlay-gradient":""},"tablet":{"background-color":"","background-image":"","background-repeat":"repeat","background-position":"center center","background-size":"auto","background-attachment":"scroll","background-type":"","background-media":"","overlay-type":"","overlay-color":"","overlay-opacity":"","overlay-gradient":""},"mobile":{"background-color":"","background-image":"","background-repeat":"repeat","background-position":"center center","background-size":"auto","background-attachment":"scroll","background-type":"","background-media":"","overlay-type":"","overlay-color":"","overlay-opacity":"","overlay-gradient":""}},"ast-content-background-meta":{"desktop":{"background-color":"var(--ast-global-color-5)","background-image":"","background-repeat":"repeat","background-position":"center center","background-size":"auto","background-attachment":"scroll","background-type":"","background-media":"","overlay-type":"","overlay-color":"","overlay-opacity":"","overlay-gradient":""},"tablet":{"background-color":"var(--ast-global-color-5)","background-image":"","background-repeat":"repeat","background-position":"center center","background-size":"auto","background-attachment":"scroll","background-type":"","background-media":"","overlay-type":"","overlay-color":"","overlay-opacity":"","overlay-gradient":""},"mobile":{"background-color":"var(--ast-global-color-5)","background-image":"","background-repeat":"repeat","background-position":"center center","background-size":"auto","background-attachment":"scroll","background-type":"","background-media":"","overlay-type":"","overlay-color":"","overlay-opacity":"","overlay-gradient":""}}},"product_brand":[],"product_cat":[101,61],"product_tag":[],"class_list":{"0":"post-5245","1":"product","2":"type-product","3":"status-publish","4":"has-post-thumbnail","6":"product_cat-delovni-stoli","7":"product_cat-salonska-oprema","8":"desktop-align-left","9":"tablet-align-left","10":"mobile-align-left","12":"first","13":"instock","14":"featured","15":"taxable","16":"shipping-taxable","17":"purchasable","18":"product-type-variable"},"_links":{"self":[{"href":"https:\/\/lepika.si\/en\/wp-json\/wp\/v2\/product\/5245","targetHints":{"allow":["GET"]}}],"collection":[{"href":"https:\/\/lepika.si\/en\/wp-json\/wp\/v2\/product"}],"about":[{"href":"https:\/\/lepika.si\/en\/wp-json\/wp\/v2\/types\/product"}],"version-history":[{"count":12,"href":"https:\/\/lepika.si\/en\/wp-json\/wp\/v2\/product\/5245\/revisions"}],"predecessor-version":[{"id":6399,"href":"https:\/\/lepika.si\/en\/wp-json\/wp\/v2\/product\/5245\/revisions\/6399"}],"wp:featuredmedia":[{"embeddable":true,"href":"https:\/\/lepika.si\/en\/wp-json\/wp\/v2\/media\/5246"}],"wp:attachment":[{"href":"https:\/\/lepika.si\/en\/wp-json\/wp\/v2\/media?parent=5245"}],"wp:term":[{"taxonomy":"product_brand","embeddable":true,"href":"https:\/\/lepika.si\/en\/wp-json\/wp\/v2\/product_brand?post=5245"},{"taxonomy":"product_cat","embeddable":true,"href":"https:\/\/lepika.si\/en\/wp-json\/wp\/v2\/product_cat?post=5245"},{"taxonomy":"product_tag","embeddable":true,"href":"https:\/\/lepika.si\/en\/wp-json\/wp\/v2\/product_tag?post=5245"}],"curies":[{"name":"wp","href":"https:\/\/api.w.org\/{rel}","templated":true}]}}