{"id":5335,"date":"2025-07-13T11:31:50","date_gmt":"2025-07-13T11:31:50","guid":{"rendered":"https:\/\/lepika.si\/?post_type=product&#038;p=5335"},"modified":"2025-08-25T15:06:04","modified_gmt":"2025-08-25T15:06:04","slug":"pedikerski-stol-calma-bez","status":"publish","type":"product","link":"https:\/\/lepika.si\/en\/product\/pedikerski-stol-calma-bez\/","title":{"rendered":"Pedikerski stol Calma"},"content":{"rendered":"<p>Sodoben elektri\u010dno nastavljiv kozmeti\u010dni stol, ki zagotavlja udobje med tretmajem ne le za stranke, temve\u010d tudi za osebe, ki izvajajo postopek. Tihi elektromotorji za hitro in priro\u010dno nastavitev sede\u017ea. Fotelji imajo oblikovan in zelo udoben sede\u017e, so trpe\u017eni in zelo stabilni. Zahvaljujo\u010d dvignjenim naslonom za roke stranka la\u017eje zasede prostor na fotelju. \u0160irok razpon elektri\u010dne nastavitve navzgor in navzdol omogo\u010da individualno prilagoditev vi\u0161ine stola vi\u0161ini osebe, ki izvaja tretma. Oblazinjenje iz visokokakovostnega eko usnja.<\/p>\n<p>Dimenzije:<br \/>\n-dol\u017eina 186cm<br \/>\n-\u0161irina 81cm<br \/>\n-vi\u0161ina 62-106cm<br \/>\n-obremenitev stola 140kg<br \/>\n&#8211; te\u017ea stola 81kg<\/p>\n<p><strong style=\"font-size: 1.2em;\">Ta izdelek je na voljo po naro\u010dilu!<\/strong><\/p>\n<ol>\n<li>Izberete produkt\/e in oddate naro\u010dilo. Pla\u010dilo izdelka <strong>po naro\u010dilu<\/strong> je mo\u017eno <strong>samo s predhodnim nakazilom na TRR<\/strong>. Cena dostave se zara\u010duna naknadno odvisno od oddaljenosti in te\u017ee izdelka.<\/li>\n<li>Ko prejmemo va\u0161e naro\u010dilo, vas kontaktiramo.<\/li>\n<li>Po dogovoru vam izstavimo <strong>avansni ra\u010dun v vi\u0161ini 50% vrednosti naro\u010dila.<\/strong> To je garancija za odkup izdelka. Dokler avansni ra\u010dun ni poravnan, se izdelek iz na\u0161e strani <strong>NE<\/strong> naro\u010di od na\u0161ega dobavitelja.<\/li>\n<li>Dobava izdelka je v\u00a0<strong>7-10 dni<\/strong>.<\/li>\n<li>Ob prejetju izdelka v na\u0161e skladi\u0161\u010de, vas o tem obvestimo in se pred dostavo poravna \u0161e preostalih <strong>50% zneska<\/strong>.<\/li>\n<li>\n<article class=\"text-token-text-primary w-full focus:outline-none scroll-mt-[calc(var(--header-height)+min(200px,max(70px,20svh)))]\" dir=\"auto\" tabindex=\"-1\" data-turn-id=\"request-WEB:83d86450-049f-432c-8c1a-1fc6fa3cda13-1\" data-testid=\"conversation-turn-4\" data-scroll-anchor=\"true\" data-turn=\"assistant\">\n<div class=\"text-base my-auto mx-auto pb-10 [--thread-content-margin:--spacing(4)] @[37rem]:[--thread-content-margin:--spacing(6)] @[72rem]:[--thread-content-margin:--spacing(16)] px-(--thread-content-margin)\">\n<div class=\"[--thread-content-max-width:32rem] @[34rem]:[--thread-content-max-width:40rem] @[64rem]:[--thread-content-max-width:48rem] mx-auto max-w-(--thread-content-max-width) flex-1 group\/turn-messages focus-visible:outline-hidden relative flex w-full min-w-0 flex-col agent-turn\" tabindex=\"-1\">\n<div class=\"flex max-w-full flex-col grow\">\n<div class=\"min-h-8 text-message relative flex w-full flex-col items-end gap-2 text-start break-words whitespace-normal [.text-message+&amp;]:mt-5\" dir=\"auto\" data-message-author-role=\"assistant\" data-message-id=\"e8c1eab0-36c9-422c-b55e-48a4fd34cbd8\">\n<div class=\"flex w-full flex-col gap-1 empty:hidden first:pt-[3px]\">\n<div class=\"markdown prose dark:prose-invert w-full break-words light markdown-new-styling\">\n<p data-start=\"0\" data-end=\"81\" data-is-last-node=\"\" data-is-only-node=\"\">Ko boste poravnali \u0161e zadnji del ra\u010duna, bomo paket izro\u010dili kurirju za dostavo.<\/p>\n<\/div>\n<\/div>\n<\/div>\n<\/div>\n<\/div>\n<\/div>\n<\/article>\n<\/li>\n<\/ol>","protected":false},"excerpt":{"rendered":"<p>Sodoben elektri\u010dno nastavljiv kozmeti\u010dni stol, ki zagotavlja udobje med tretmajem ne le za stranke, temve\u010d tudi za osebe, ki izvajajo postopek. Tihi elektromotorji za hitro in priro\u010dno nastavitev sede\u017ea. Fotelji imajo oblikovan in zelo udoben sede\u017e, so trpe\u017eni in zelo stabilni. Zahvaljujo\u010d dvignjenim naslonom za roke stranka la\u017eje zasede prostor na fotelju. \u0160irok razpon elektri\u010dne nastavitve navzgor in navzdol omogo\u010da individualno prilagoditev vi\u0161ine stola vi\u0161ini osebe, ki izvaja tretma. Oblazinjenje iz visokokakovostnega eko usnja.<\/p>","protected":false},"featured_media":5336,"template":"","meta":{"site-sidebar-layout":"default","site-content-layout":"","ast-site-content-layout":"default","site-content-style":"default","site-sidebar-style":"default","ast-global-header-display":"","ast-banner-title-visibility":"","ast-main-header-display":"","ast-hfb-above-header-display":"","ast-hfb-below-header-display":"","ast-hfb-mobile-header-display":"","site-post-title":"","ast-breadcrumbs-content":"","ast-featured-img":"","footer-sml-layout":"","theme-transparent-header-meta":"default","adv-header-id-meta":"","stick-header-meta":"","header-above-stick-meta":"","header-main-stick-meta":"","header-below-stick-meta":"","astra-migrate-meta-layouts":"set","ast-page-background-enabled":"default","ast-page-background-meta":{"desktop":{"background-color":"","background-image":"","background-repeat":"repeat","background-position":"center center","background-size":"auto","background-attachment":"scroll","background-type":"","background-media":"","overlay-type":"","overlay-color":"","overlay-opacity":"","overlay-gradient":""},"tablet":{"background-color":"","background-image":"","background-repeat":"repeat","background-position":"center center","background-size":"auto","background-attachment":"scroll","background-type":"","background-media":"","overlay-type":"","overlay-color":"","overlay-opacity":"","overlay-gradient":""},"mobile":{"background-color":"","background-image":"","background-repeat":"repeat","background-position":"center center","background-size":"auto","background-attachment":"scroll","background-type":"","background-media":"","overlay-type":"","overlay-color":"","overlay-opacity":"","overlay-gradient":""}},"ast-content-background-meta":{"desktop":{"background-color":"var(--ast-global-color-5)","background-image":"","background-repeat":"repeat","background-position":"center center","background-size":"auto","background-attachment":"scroll","background-type":"","background-media":"","overlay-type":"","overlay-color":"","overlay-opacity":"","overlay-gradient":""},"tablet":{"background-color":"var(--ast-global-color-5)","background-image":"","background-repeat":"repeat","background-position":"center center","background-size":"auto","background-attachment":"scroll","background-type":"","background-media":"","overlay-type":"","overlay-color":"","overlay-opacity":"","overlay-gradient":""},"mobile":{"background-color":"var(--ast-global-color-5)","background-image":"","background-repeat":"repeat","background-position":"center center","background-size":"auto","background-attachment":"scroll","background-type":"","background-media":"","overlay-type":"","overlay-color":"","overlay-opacity":"","overlay-gradient":""}}},"product_brand":[],"product_cat":[102,89,61],"product_tag":[],"class_list":{"0":"post-5335","1":"product","2":"type-product","3":"status-publish","4":"has-post-thumbnail","6":"product_cat-kozmeticni-stoli","7":"product_cat-pedikura","8":"product_cat-salonska-oprema","9":"desktop-align-left","10":"tablet-align-left","11":"mobile-align-left","13":"first","14":"instock","15":"taxable","16":"shipping-taxable","17":"purchasable","18":"product-type-simple"},"_links":{"self":[{"href":"https:\/\/lepika.si\/en\/wp-json\/wp\/v2\/product\/5335","targetHints":{"allow":["GET"]}}],"collection":[{"href":"https:\/\/lepika.si\/en\/wp-json\/wp\/v2\/product"}],"about":[{"href":"https:\/\/lepika.si\/en\/wp-json\/wp\/v2\/types\/product"}],"version-history":[{"count":4,"href":"https:\/\/lepika.si\/en\/wp-json\/wp\/v2\/product\/5335\/revisions"}],"predecessor-version":[{"id":6395,"href":"https:\/\/lepika.si\/en\/wp-json\/wp\/v2\/product\/5335\/revisions\/6395"}],"wp:featuredmedia":[{"embeddable":true,"href":"https:\/\/lepika.si\/en\/wp-json\/wp\/v2\/media\/5336"}],"wp:attachment":[{"href":"https:\/\/lepika.si\/en\/wp-json\/wp\/v2\/media?parent=5335"}],"wp:term":[{"taxonomy":"product_brand","embeddable":true,"href":"https:\/\/lepika.si\/en\/wp-json\/wp\/v2\/product_brand?post=5335"},{"taxonomy":"product_cat","embeddable":true,"href":"https:\/\/lepika.si\/en\/wp-json\/wp\/v2\/product_cat?post=5335"},{"taxonomy":"product_tag","embeddable":true,"href":"https:\/\/lepika.si\/en\/wp-json\/wp\/v2\/product_tag?post=5335"}],"curies":[{"name":"wp","href":"https:\/\/api.w.org\/{rel}","templated":true}]}}