{"id":5429,"date":"2025-07-15T17:55:36","date_gmt":"2025-07-15T17:55:36","guid":{"rendered":"https:\/\/lepika.si\/?post_type=product&#038;p=5429"},"modified":"2025-08-25T15:04:56","modified_gmt":"2025-08-25T15:04:56","slug":"elan-silikonske-blazinice-easy-curl","status":"publish","type":"product","link":"https:\/\/lepika.si\/en\/product\/elan-silikonske-blazinice-easy-curl\/","title":{"rendered":"Elan silikonske blazinice EASY CURL"},"content":{"rendered":"<p>Blazinice za trepalnice se uporabljajo za ustvarjanje lifta v obliki \u010drke L, zaradi \u010desar so o\u010di videti odprte in privla\u010dne.<\/p>\n<p>Vsaka blazinica je zasnovana posebej za desno ali levo oko, da zagotavlja simetrijo.<\/p>\n<p>Lepo se prilegajo koti\u010dkom vek in enostavno ostanejo na mestu.<\/p>\n<p>Uporaba blazinic enakomerno dvigne trepalnice, kar zagotavlja mo\u010dan u\u010dinek lifta.<\/p>\n<p>Koli\u010dina: 6 parov (12 kosov)<\/p>\n<p>OPOMBA!<\/p>\n<p>\u2014 silikonske blazinice so za ve\u010dkratno uporabo, zato jih je treba pred\/po<\/p>\n<p>postopku laminiranja trepalnic o\u010distiti in razku\u017eiti.<\/p>\n<p>\u2014 mo\u017ene so manj\u0161e mehanske po\u0161kodbe blazinic, saj so blazinice izdelane iz mehkega silikona.<\/p>","protected":false},"excerpt":{"rendered":"<p>Blazinice za trepalnice se uporabljajo za ustvarjanje lifta v obliki \u010drke L, zaradi \u010desar so o\u010di videti odprte in privla\u010dne.<\/p>\n<p>Vsaka blazinica je zasnovana posebej za desno ali levo oko, da zagotavlja simetrijo.<\/p>\n<p>Lepo se prilegajo koti\u010dkom vek in enostavno ostanejo na mestu.<\/p>\n<p>Uporaba blazinic enakomerno dvigne trepalnice, kar zagotavlja mo\u010dan u\u010dinek lifta.<\/p>","protected":false},"featured_media":5430,"template":"","meta":{"site-sidebar-layout":"default","site-content-layout":"","ast-site-content-layout":"default","site-content-style":"default","site-sidebar-style":"default","ast-global-header-display":"","ast-banner-title-visibility":"","ast-main-header-display":"","ast-hfb-above-header-display":"","ast-hfb-below-header-display":"","ast-hfb-mobile-header-display":"","site-post-title":"","ast-breadcrumbs-content":"","ast-featured-img":"","footer-sml-layout":"","theme-transparent-header-meta":"default","adv-header-id-meta":"","stick-header-meta":"","header-above-stick-meta":"","header-main-stick-meta":"","header-below-stick-meta":"","astra-migrate-meta-layouts":"set","ast-page-background-enabled":"default","ast-page-background-meta":{"desktop":{"background-color":"","background-image":"","background-repeat":"repeat","background-position":"center center","background-size":"auto","background-attachment":"scroll","background-type":"","background-media":"","overlay-type":"","overlay-color":"","overlay-opacity":"","overlay-gradient":""},"tablet":{"background-color":"","background-image":"","background-repeat":"repeat","background-position":"center center","background-size":"auto","background-attachment":"scroll","background-type":"","background-media":"","overlay-type":"","overlay-color":"","overlay-opacity":"","overlay-gradient":""},"mobile":{"background-color":"","background-image":"","background-repeat":"repeat","background-position":"center center","background-size":"auto","background-attachment":"scroll","background-type":"","background-media":"","overlay-type":"","overlay-color":"","overlay-opacity":"","overlay-gradient":""}},"ast-content-background-meta":{"desktop":{"background-color":"var(--ast-global-color-5)","background-image":"","background-repeat":"repeat","background-position":"center center","background-size":"auto","background-attachment":"scroll","background-type":"","background-media":"","overlay-type":"","overlay-color":"","overlay-opacity":"","overlay-gradient":""},"tablet":{"background-color":"var(--ast-global-color-5)","background-image":"","background-repeat":"repeat","background-position":"center center","background-size":"auto","background-attachment":"scroll","background-type":"","background-media":"","overlay-type":"","overlay-color":"","overlay-opacity":"","overlay-gradient":""},"mobile":{"background-color":"var(--ast-global-color-5)","background-image":"","background-repeat":"repeat","background-position":"center center","background-size":"auto","background-attachment":"scroll","background-type":"","background-media":"","overlay-type":"","overlay-color":"","overlay-opacity":"","overlay-gradient":""}}},"product_brand":[],"product_cat":[78,71,86],"product_tag":[],"class_list":{"0":"post-5429","1":"product","2":"type-product","3":"status-publish","4":"has-post-thumbnail","6":"product_cat-pripomocki","7":"product_cat-trepalnice","8":"product_cat-vihanje-trepalnic","9":"desktop-align-left","10":"tablet-align-left","11":"mobile-align-left","13":"first","14":"instock","15":"taxable","16":"shipping-taxable","17":"purchasable","18":"product-type-simple"},"_links":{"self":[{"href":"https:\/\/lepika.si\/en\/wp-json\/wp\/v2\/product\/5429","targetHints":{"allow":["GET"]}}],"collection":[{"href":"https:\/\/lepika.si\/en\/wp-json\/wp\/v2\/product"}],"about":[{"href":"https:\/\/lepika.si\/en\/wp-json\/wp\/v2\/types\/product"}],"version-history":[{"count":1,"href":"https:\/\/lepika.si\/en\/wp-json\/wp\/v2\/product\/5429\/revisions"}],"predecessor-version":[{"id":5433,"href":"https:\/\/lepika.si\/en\/wp-json\/wp\/v2\/product\/5429\/revisions\/5433"}],"wp:featuredmedia":[{"embeddable":true,"href":"https:\/\/lepika.si\/en\/wp-json\/wp\/v2\/media\/5430"}],"wp:attachment":[{"href":"https:\/\/lepika.si\/en\/wp-json\/wp\/v2\/media?parent=5429"}],"wp:term":[{"taxonomy":"product_brand","embeddable":true,"href":"https:\/\/lepika.si\/en\/wp-json\/wp\/v2\/product_brand?post=5429"},{"taxonomy":"product_cat","embeddable":true,"href":"https:\/\/lepika.si\/en\/wp-json\/wp\/v2\/product_cat?post=5429"},{"taxonomy":"product_tag","embeddable":true,"href":"https:\/\/lepika.si\/en\/wp-json\/wp\/v2\/product_tag?post=5429"}],"curies":[{"name":"wp","href":"https:\/\/api.w.org\/{rel}","templated":true}]}}