{"id":5471,"date":"2025-07-17T18:18:07","date_gmt":"2025-07-17T18:18:07","guid":{"rendered":"https:\/\/lepika.si\/?post_type=product&#038;p=5471"},"modified":"2025-08-25T15:22:11","modified_gmt":"2025-08-25T15:22:11","slug":"prenosna-masazna-miza-les","status":"publish","type":"product","link":"https:\/\/lepika.si\/en\/product\/prenosna-masazna-miza-les\/","title":{"rendered":"Prenosna masa\u017ena miza les"},"content":{"rendered":"<p>Zlo\u017eljiva masa\u017ena miza je funkcionalna lahka z leseno konstrukcijo. Le\u017ealnik je izdelan iz debele gobe, prevle\u010dene z visokokakovostnim eko usnjem. Prednost masa\u017enih miz je mo\u017enost nastavitve vi\u0161ine mize in mo\u017enost hitrega zlaganja.<\/p>\n<p>&#8211; nastavljiv vzglavnik<br \/>\n&#8211; odprtina za obraz<br \/>\n&#8211; stranski nasloni za roke<br \/>\n&#8211; nastavitev vi\u0161ine<br \/>\n&#8211; torba za prena\u0161anje<\/p>","protected":false},"excerpt":{"rendered":"<p>Zlo\u017eljiva masa\u017ena miza je funkcionalna lahka z leseno konstrukcijo. Le\u017ealnik je izdelan iz debele gobe, prevle\u010dene z visokokakovostnim eko usnjem. Prednost masa\u017enih miz je mo\u017enost nastavitve vi\u0161ine mize in mo\u017enost hitrega zlaganja.<\/p>","protected":false},"featured_media":5472,"template":"","meta":{"site-sidebar-layout":"default","site-content-layout":"","ast-site-content-layout":"default","site-content-style":"default","site-sidebar-style":"default","ast-global-header-display":"","ast-banner-title-visibility":"","ast-main-header-display":"","ast-hfb-above-header-display":"","ast-hfb-below-header-display":"","ast-hfb-mobile-header-display":"","site-post-title":"","ast-breadcrumbs-content":"","ast-featured-img":"","footer-sml-layout":"","theme-transparent-header-meta":"default","adv-header-id-meta":"","stick-header-meta":"","header-above-stick-meta":"","header-main-stick-meta":"","header-below-stick-meta":"","astra-migrate-meta-layouts":"set","ast-page-background-enabled":"default","ast-page-background-meta":{"desktop":{"background-color":"","background-image":"","background-repeat":"repeat","background-position":"center center","background-size":"auto","background-attachment":"scroll","background-type":"","background-media":"","overlay-type":"","overlay-color":"","overlay-opacity":"","overlay-gradient":""},"tablet":{"background-color":"","background-image":"","background-repeat":"repeat","background-position":"center center","background-size":"auto","background-attachment":"scroll","background-type":"","background-media":"","overlay-type":"","overlay-color":"","overlay-opacity":"","overlay-gradient":""},"mobile":{"background-color":"","background-image":"","background-repeat":"repeat","background-position":"center center","background-size":"auto","background-attachment":"scroll","background-type":"","background-media":"","overlay-type":"","overlay-color":"","overlay-opacity":"","overlay-gradient":""}},"ast-content-background-meta":{"desktop":{"background-color":"var(--ast-global-color-5)","background-image":"","background-repeat":"repeat","background-position":"center center","background-size":"auto","background-attachment":"scroll","background-type":"","background-media":"","overlay-type":"","overlay-color":"","overlay-opacity":"","overlay-gradient":""},"tablet":{"background-color":"var(--ast-global-color-5)","background-image":"","background-repeat":"repeat","background-position":"center center","background-size":"auto","background-attachment":"scroll","background-type":"","background-media":"","overlay-type":"","overlay-color":"","overlay-opacity":"","overlay-gradient":""},"mobile":{"background-color":"var(--ast-global-color-5)","background-image":"","background-repeat":"repeat","background-position":"center center","background-size":"auto","background-attachment":"scroll","background-type":"","background-media":"","overlay-type":"","overlay-color":"","overlay-opacity":"","overlay-gradient":""}}},"product_brand":[],"product_cat":[103,61],"product_tag":[],"class_list":{"0":"post-5471","1":"product","2":"type-product","3":"status-publish","4":"has-post-thumbnail","6":"product_cat-masazne-mize","7":"product_cat-salonska-oprema","8":"desktop-align-left","9":"tablet-align-left","10":"mobile-align-left","12":"first","13":"instock","14":"taxable","15":"shipping-taxable","16":"purchasable","17":"product-type-variable"},"_links":{"self":[{"href":"https:\/\/lepika.si\/en\/wp-json\/wp\/v2\/product\/5471","targetHints":{"allow":["GET"]}}],"collection":[{"href":"https:\/\/lepika.si\/en\/wp-json\/wp\/v2\/product"}],"about":[{"href":"https:\/\/lepika.si\/en\/wp-json\/wp\/v2\/types\/product"}],"version-history":[{"count":3,"href":"https:\/\/lepika.si\/en\/wp-json\/wp\/v2\/product\/5471\/revisions"}],"predecessor-version":[{"id":6419,"href":"https:\/\/lepika.si\/en\/wp-json\/wp\/v2\/product\/5471\/revisions\/6419"}],"wp:featuredmedia":[{"embeddable":true,"href":"https:\/\/lepika.si\/en\/wp-json\/wp\/v2\/media\/5472"}],"wp:attachment":[{"href":"https:\/\/lepika.si\/en\/wp-json\/wp\/v2\/media?parent=5471"}],"wp:term":[{"taxonomy":"product_brand","embeddable":true,"href":"https:\/\/lepika.si\/en\/wp-json\/wp\/v2\/product_brand?post=5471"},{"taxonomy":"product_cat","embeddable":true,"href":"https:\/\/lepika.si\/en\/wp-json\/wp\/v2\/product_cat?post=5471"},{"taxonomy":"product_tag","embeddable":true,"href":"https:\/\/lepika.si\/en\/wp-json\/wp\/v2\/product_tag?post=5471"}],"curies":[{"name":"wp","href":"https:\/\/api.w.org\/{rel}","templated":true}]}}