{"id":5491,"date":"2025-07-17T18:38:24","date_gmt":"2025-07-17T18:38:24","guid":{"rendered":"https:\/\/lepika.si\/?post_type=product&#038;p=5491"},"modified":"2025-08-25T15:21:48","modified_gmt":"2025-08-25T15:21:48","slug":"ortopedski-stol-aurum","status":"publish","type":"product","link":"https:\/\/lepika.si\/en\/product\/ortopedski-stol-aurum\/","title":{"rendered":"Ortopedski stol Aurum"},"content":{"rendered":"<p>Ortopedski stol Aurum s svojo edinstveno obliko in ergonomskim naslonjalom bo popoln za profesionalne salone. Inovativna zasnova naslonjala zagotavlja udobje med tretmaji, ki se izvajajo v razli\u010dnih polo\u017eajih, in zagotavlja udobje tako za stranko kot za izvajalca storitev, zaradi \u010desar je odli\u010dna izbira za vsakodnevno uporabo.<\/p>\n<p>Popolnoma oblikovano nastavljivo naslonjalo zagotavlja optimalno oporo za ledveni del in zmanj\u0161uje utrujenost med dolgotrajnim delom. Mehanizem popolnega vrtenja omogo\u010da u\u010dinkovitej\u0161e in udobnej\u0161e delo. Poleg tega ima stol funkcijo zaklepanja, ki omogo\u010da ergonomsko pozicioniranje telesa. Sede\u017e omogo\u010da nastavitev nagiba in vi\u0161ine.<\/p>","protected":false},"excerpt":{"rendered":"<p>Ortopedski stol Aurum s svojo edinstveno obliko in ergonomskim naslonjalom bo popoln za profesionalne salone. Inovativna zasnova naslonjala zagotavlja udobje med tretmaji, ki se izvajajo v razli\u010dnih polo\u017eajih, in zagotavlja udobje tako za stranko kot za izvajalca storitev, zaradi \u010desar je odli\u010dna izbira za vsakodnevno uporabo.<\/p>","protected":false},"featured_media":5492,"template":"","meta":{"site-sidebar-layout":"default","site-content-layout":"","ast-site-content-layout":"default","site-content-style":"default","site-sidebar-style":"default","ast-global-header-display":"","ast-banner-title-visibility":"","ast-main-header-display":"","ast-hfb-above-header-display":"","ast-hfb-below-header-display":"","ast-hfb-mobile-header-display":"","site-post-title":"","ast-breadcrumbs-content":"","ast-featured-img":"","footer-sml-layout":"","theme-transparent-header-meta":"default","adv-header-id-meta":"","stick-header-meta":"","header-above-stick-meta":"","header-main-stick-meta":"","header-below-stick-meta":"","astra-migrate-meta-layouts":"set","ast-page-background-enabled":"default","ast-page-background-meta":{"desktop":{"background-color":"","background-image":"","background-repeat":"repeat","background-position":"center center","background-size":"auto","background-attachment":"scroll","background-type":"","background-media":"","overlay-type":"","overlay-color":"","overlay-opacity":"","overlay-gradient":""},"tablet":{"background-color":"","background-image":"","background-repeat":"repeat","background-position":"center center","background-size":"auto","background-attachment":"scroll","background-type":"","background-media":"","overlay-type":"","overlay-color":"","overlay-opacity":"","overlay-gradient":""},"mobile":{"background-color":"","background-image":"","background-repeat":"repeat","background-position":"center center","background-size":"auto","background-attachment":"scroll","background-type":"","background-media":"","overlay-type":"","overlay-color":"","overlay-opacity":"","overlay-gradient":""}},"ast-content-background-meta":{"desktop":{"background-color":"var(--ast-global-color-5)","background-image":"","background-repeat":"repeat","background-position":"center center","background-size":"auto","background-attachment":"scroll","background-type":"","background-media":"","overlay-type":"","overlay-color":"","overlay-opacity":"","overlay-gradient":""},"tablet":{"background-color":"var(--ast-global-color-5)","background-image":"","background-repeat":"repeat","background-position":"center center","background-size":"auto","background-attachment":"scroll","background-type":"","background-media":"","overlay-type":"","overlay-color":"","overlay-opacity":"","overlay-gradient":""},"mobile":{"background-color":"var(--ast-global-color-5)","background-image":"","background-repeat":"repeat","background-position":"center center","background-size":"auto","background-attachment":"scroll","background-type":"","background-media":"","overlay-type":"","overlay-color":"","overlay-opacity":"","overlay-gradient":""}}},"product_brand":[],"product_cat":[101,15,61],"product_tag":[],"class_list":{"0":"post-5491","1":"product","2":"type-product","3":"status-publish","4":"has-post-thumbnail","6":"product_cat-delovni-stoli","7":"product_cat-ostalo","8":"product_cat-salonska-oprema","9":"desktop-align-left","10":"tablet-align-left","11":"mobile-align-left","13":"first","14":"instock","15":"taxable","16":"shipping-taxable","17":"purchasable","18":"product-type-variable"},"_links":{"self":[{"href":"https:\/\/lepika.si\/en\/wp-json\/wp\/v2\/product\/5491","targetHints":{"allow":["GET"]}}],"collection":[{"href":"https:\/\/lepika.si\/en\/wp-json\/wp\/v2\/product"}],"about":[{"href":"https:\/\/lepika.si\/en\/wp-json\/wp\/v2\/types\/product"}],"version-history":[{"count":4,"href":"https:\/\/lepika.si\/en\/wp-json\/wp\/v2\/product\/5491\/revisions"}],"predecessor-version":[{"id":6416,"href":"https:\/\/lepika.si\/en\/wp-json\/wp\/v2\/product\/5491\/revisions\/6416"}],"wp:featuredmedia":[{"embeddable":true,"href":"https:\/\/lepika.si\/en\/wp-json\/wp\/v2\/media\/5492"}],"wp:attachment":[{"href":"https:\/\/lepika.si\/en\/wp-json\/wp\/v2\/media?parent=5491"}],"wp:term":[{"taxonomy":"product_brand","embeddable":true,"href":"https:\/\/lepika.si\/en\/wp-json\/wp\/v2\/product_brand?post=5491"},{"taxonomy":"product_cat","embeddable":true,"href":"https:\/\/lepika.si\/en\/wp-json\/wp\/v2\/product_cat?post=5491"},{"taxonomy":"product_tag","embeddable":true,"href":"https:\/\/lepika.si\/en\/wp-json\/wp\/v2\/product_tag?post=5491"}],"curies":[{"name":"wp","href":"https:\/\/api.w.org\/{rel}","templated":true}]}}