{"id":5507,"date":"2025-07-17T18:55:55","date_gmt":"2025-07-17T18:55:55","guid":{"rendered":"https:\/\/lepika.si\/?post_type=product&#038;p=5507"},"modified":"2025-08-25T15:21:38","modified_gmt":"2025-08-25T15:21:38","slug":"naprava-za-presoterapijo-limfna-drenaza","status":"publish","type":"product","link":"https:\/\/lepika.si\/en\/product\/naprava-za-presoterapijo-limfna-drenaza\/","title":{"rendered":"Naprava za presoterapijo &#8211; limfna drena\u017ea"},"content":{"rendered":"<p data-start=\"454\" data-end=\"724\"><b>Enostavna<\/b>, a izjemno u\u010dinkovita naprava za <strong data-start=\"513\" data-end=\"554\">presoterapijo<\/strong>, zasnovana za <strong data-start=\"569\" data-end=\"611\">izbolj\u0161anje krvnega in limfnega obtoka.<\/strong><\/p>\n<p data-start=\"454\" data-end=\"724\">Uporablja se lahko tako doma kot v <strong data-start=\"663\" data-end=\"723\">rehabilitacijskih, fizioterapevtskih in wellness centrih<\/strong>.<\/p>\n<p data-start=\"726\" data-end=\"925\">Z uporabo <strong data-start=\"736\" data-end=\"781\">zra\u010dnih man\u0161et za stopala, me\u010da in stegna<\/strong> ne\u017eno, a u\u010dinkovito spodbuja pretok limfe in krvi, laj\u0161a otekanje ter ob\u010dutek te\u017ekih nog \u2013 vse to brez napora in v udobju va\u0161ega doma ali salona.<\/p>","protected":false},"excerpt":{"rendered":"<p data-start=\"454\" data-end=\"724\"><b>Enostavna<\/b>, a izjemno u\u010dinkovita naprava za <strong data-start=\"513\" data-end=\"554\">presoterapijo<\/strong>, zasnovana za <strong data-start=\"569\" data-end=\"611\">izbolj\u0161anje krvnega in limfnega obtoka.<\/strong><\/p>\n<p data-start=\"454\" data-end=\"724\">Uporablja se lahko tako doma kot v <strong data-start=\"663\" data-end=\"723\">rehabilitacijskih, fizioterapevtskih in wellness centrih<\/strong>.<\/p>\n<p data-start=\"726\" data-end=\"925\">Z uporabo <strong data-start=\"736\" data-end=\"781\">zra\u010dnih man\u0161et za stopala, me\u010da in stegna<\/strong> ne\u017eno, a u\u010dinkovito spodbuja pretok limfe in krvi, laj\u0161a otekanje ter ob\u010dutek te\u017ekih nog \u2013 vse to brez napora in v udobju va\u0161ega doma ali salona.<\/p>","protected":false},"featured_media":5508,"template":"","meta":{"site-sidebar-layout":"default","site-content-layout":"","ast-site-content-layout":"default","site-content-style":"default","site-sidebar-style":"default","ast-global-header-display":"","ast-banner-title-visibility":"","ast-main-header-display":"","ast-hfb-above-header-display":"","ast-hfb-below-header-display":"","ast-hfb-mobile-header-display":"","site-post-title":"","ast-breadcrumbs-content":"","ast-featured-img":"","footer-sml-layout":"","theme-transparent-header-meta":"default","adv-header-id-meta":"","stick-header-meta":"","header-above-stick-meta":"","header-main-stick-meta":"","header-below-stick-meta":"","astra-migrate-meta-layouts":"set","ast-page-background-enabled":"default","ast-page-background-meta":{"desktop":{"background-color":"","background-image":"","background-repeat":"repeat","background-position":"center center","background-size":"auto","background-attachment":"scroll","background-type":"","background-media":"","overlay-type":"","overlay-color":"","overlay-opacity":"","overlay-gradient":""},"tablet":{"background-color":"","background-image":"","background-repeat":"repeat","background-position":"center center","background-size":"auto","background-attachment":"scroll","background-type":"","background-media":"","overlay-type":"","overlay-color":"","overlay-opacity":"","overlay-gradient":""},"mobile":{"background-color":"","background-image":"","background-repeat":"repeat","background-position":"center center","background-size":"auto","background-attachment":"scroll","background-type":"","background-media":"","overlay-type":"","overlay-color":"","overlay-opacity":"","overlay-gradient":""}},"ast-content-background-meta":{"desktop":{"background-color":"var(--ast-global-color-5)","background-image":"","background-repeat":"repeat","background-position":"center center","background-size":"auto","background-attachment":"scroll","background-type":"","background-media":"","overlay-type":"","overlay-color":"","overlay-opacity":"","overlay-gradient":""},"tablet":{"background-color":"var(--ast-global-color-5)","background-image":"","background-repeat":"repeat","background-position":"center center","background-size":"auto","background-attachment":"scroll","background-type":"","background-media":"","overlay-type":"","overlay-color":"","overlay-opacity":"","overlay-gradient":""},"mobile":{"background-color":"var(--ast-global-color-5)","background-image":"","background-repeat":"repeat","background-position":"center center","background-size":"auto","background-attachment":"scroll","background-type":"","background-media":"","overlay-type":"","overlay-color":"","overlay-opacity":"","overlay-gradient":""}}},"product_brand":[],"product_cat":[77,106,99],"product_tag":[],"class_list":{"0":"post-5507","1":"product","2":"type-product","3":"status-publish","4":"has-post-thumbnail","6":"product_cat-kozmeticne-naprave","7":"product_cat-ostala-oprema","8":"product_cat-ostale-naprave","9":"desktop-align-left","10":"tablet-align-left","11":"mobile-align-left","13":"first","14":"instock","15":"taxable","16":"shipping-taxable","17":"purchasable","18":"product-type-simple"},"_links":{"self":[{"href":"https:\/\/lepika.si\/en\/wp-json\/wp\/v2\/product\/5507","targetHints":{"allow":["GET"]}}],"collection":[{"href":"https:\/\/lepika.si\/en\/wp-json\/wp\/v2\/product"}],"about":[{"href":"https:\/\/lepika.si\/en\/wp-json\/wp\/v2\/types\/product"}],"version-history":[{"count":4,"href":"https:\/\/lepika.si\/en\/wp-json\/wp\/v2\/product\/5507\/revisions"}],"predecessor-version":[{"id":6415,"href":"https:\/\/lepika.si\/en\/wp-json\/wp\/v2\/product\/5507\/revisions\/6415"}],"wp:featuredmedia":[{"embeddable":true,"href":"https:\/\/lepika.si\/en\/wp-json\/wp\/v2\/media\/5508"}],"wp:attachment":[{"href":"https:\/\/lepika.si\/en\/wp-json\/wp\/v2\/media?parent=5507"}],"wp:term":[{"taxonomy":"product_brand","embeddable":true,"href":"https:\/\/lepika.si\/en\/wp-json\/wp\/v2\/product_brand?post=5507"},{"taxonomy":"product_cat","embeddable":true,"href":"https:\/\/lepika.si\/en\/wp-json\/wp\/v2\/product_cat?post=5507"},{"taxonomy":"product_tag","embeddable":true,"href":"https:\/\/lepika.si\/en\/wp-json\/wp\/v2\/product_tag?post=5507"}],"curies":[{"name":"wp","href":"https:\/\/api.w.org\/{rel}","templated":true}]}}