{"id":5532,"date":"2025-07-25T09:32:39","date_gmt":"2025-07-25T09:32:39","guid":{"rendered":"https:\/\/lepika.si\/?post_type=product&#038;p=5532"},"modified":"2025-08-25T15:21:03","modified_gmt":"2025-08-25T15:21:03","slug":"pedikerski-stol-lux","status":"publish","type":"product","link":"https:\/\/lepika.si\/en\/product\/pedikerski-stol-lux\/","title":{"rendered":"Pedikerski stol Lux"},"content":{"rendered":"<p>ELEKTRI\u010cEN KOZMETI\u010cNO &#8211; PEDIKERSKI STOL LUX<br \/>\nEdinstven elektri\u010dni kozmeti\u010dni stol, idealen za kozmeti\u010dne in SPA salone. Omogo\u010da nastavitev stola v 3 ravninah s pomo\u010djo daljinskega upravljalnika in no\u017enih stikal, kar omogo\u010da udobno pedikuro ter nego obraza in telesa. Z daljinskim upravljalnikom lahko uporabimo programirane nastavitve in za\u017eenemo funkcijo HOT &#8211; ogrevanje. Fotelj ima perforirano oblazinjenje, ki ga drugi fotelji \u0161e ne poznajo, in barvno LED osvetlitev podno\u017eja.<\/p>","protected":false},"excerpt":{"rendered":"<p>Sodobno zasnovan stol LUX je idealen za kozmeti\u010dne in SPA salone. Omogo\u010da elektri\u010dno nastavitev v 3 ravninah preko daljinskega upravljalnika in no\u017enih stikal. Vklju\u010duje funkcijo ogrevanja (HOT), prednastavljene programe, perforirano oblazinjenje za ve\u010dje udobje ter LED osvetlitev podno\u017eja za moderen videz. Odli\u010den za pedikuro, nego obraza in telesa<\/p>","protected":false},"featured_media":5533,"template":"","meta":{"site-sidebar-layout":"default","site-content-layout":"","ast-site-content-layout":"default","site-content-style":"default","site-sidebar-style":"default","ast-global-header-display":"","ast-banner-title-visibility":"","ast-main-header-display":"","ast-hfb-above-header-display":"","ast-hfb-below-header-display":"","ast-hfb-mobile-header-display":"","site-post-title":"","ast-breadcrumbs-content":"","ast-featured-img":"","footer-sml-layout":"","theme-transparent-header-meta":"default","adv-header-id-meta":"","stick-header-meta":"","header-above-stick-meta":"","header-main-stick-meta":"","header-below-stick-meta":"","astra-migrate-meta-layouts":"set","ast-page-background-enabled":"default","ast-page-background-meta":{"desktop":{"background-color":"","background-image":"","background-repeat":"repeat","background-position":"center center","background-size":"auto","background-attachment":"scroll","background-type":"","background-media":"","overlay-type":"","overlay-color":"","overlay-opacity":"","overlay-gradient":""},"tablet":{"background-color":"","background-image":"","background-repeat":"repeat","background-position":"center center","background-size":"auto","background-attachment":"scroll","background-type":"","background-media":"","overlay-type":"","overlay-color":"","overlay-opacity":"","overlay-gradient":""},"mobile":{"background-color":"","background-image":"","background-repeat":"repeat","background-position":"center center","background-size":"auto","background-attachment":"scroll","background-type":"","background-media":"","overlay-type":"","overlay-color":"","overlay-opacity":"","overlay-gradient":""}},"ast-content-background-meta":{"desktop":{"background-color":"var(--ast-global-color-5)","background-image":"","background-repeat":"repeat","background-position":"center center","background-size":"auto","background-attachment":"scroll","background-type":"","background-media":"","overlay-type":"","overlay-color":"","overlay-opacity":"","overlay-gradient":""},"tablet":{"background-color":"var(--ast-global-color-5)","background-image":"","background-repeat":"repeat","background-position":"center center","background-size":"auto","background-attachment":"scroll","background-type":"","background-media":"","overlay-type":"","overlay-color":"","overlay-opacity":"","overlay-gradient":""},"mobile":{"background-color":"var(--ast-global-color-5)","background-image":"","background-repeat":"repeat","background-position":"center center","background-size":"auto","background-attachment":"scroll","background-type":"","background-media":"","overlay-type":"","overlay-color":"","overlay-opacity":"","overlay-gradient":""}}},"product_brand":[],"product_cat":[102,72,15],"product_tag":[],"class_list":{"0":"post-5532","1":"product","2":"type-product","3":"status-publish","4":"has-post-thumbnail","6":"product_cat-kozmeticni-stoli","7":"product_cat-obrvi","8":"product_cat-ostalo","9":"desktop-align-left","10":"tablet-align-left","11":"mobile-align-left","13":"first","14":"instock","15":"taxable","16":"shipping-taxable","17":"purchasable","18":"product-type-simple"},"_links":{"self":[{"href":"https:\/\/lepika.si\/en\/wp-json\/wp\/v2\/product\/5532","targetHints":{"allow":["GET"]}}],"collection":[{"href":"https:\/\/lepika.si\/en\/wp-json\/wp\/v2\/product"}],"about":[{"href":"https:\/\/lepika.si\/en\/wp-json\/wp\/v2\/types\/product"}],"version-history":[{"count":4,"href":"https:\/\/lepika.si\/en\/wp-json\/wp\/v2\/product\/5532\/revisions"}],"predecessor-version":[{"id":6412,"href":"https:\/\/lepika.si\/en\/wp-json\/wp\/v2\/product\/5532\/revisions\/6412"}],"wp:featuredmedia":[{"embeddable":true,"href":"https:\/\/lepika.si\/en\/wp-json\/wp\/v2\/media\/5533"}],"wp:attachment":[{"href":"https:\/\/lepika.si\/en\/wp-json\/wp\/v2\/media?parent=5532"}],"wp:term":[{"taxonomy":"product_brand","embeddable":true,"href":"https:\/\/lepika.si\/en\/wp-json\/wp\/v2\/product_brand?post=5532"},{"taxonomy":"product_cat","embeddable":true,"href":"https:\/\/lepika.si\/en\/wp-json\/wp\/v2\/product_cat?post=5532"},{"taxonomy":"product_tag","embeddable":true,"href":"https:\/\/lepika.si\/en\/wp-json\/wp\/v2\/product_tag?post=5532"}],"curies":[{"name":"wp","href":"https:\/\/api.w.org\/{rel}","templated":true}]}}