{"id":5544,"date":"2025-07-25T09:46:43","date_gmt":"2025-07-25T09:46:43","guid":{"rendered":"https:\/\/lepika.si\/?post_type=product&#038;p=5544"},"modified":"2025-08-25T15:20:55","modified_gmt":"2025-08-25T15:20:55","slug":"kozmeticni-stol-bb-comfort","status":"publish","type":"product","link":"https:\/\/lepika.si\/en\/product\/kozmeticni-stol-bb-comfort\/","title":{"rendered":"Kozmeti\u010dni stol B&#038;B Comfort"},"content":{"rendered":"<p>Frizersko &#8211; kozmeti\u010dni stol Barber &amp; Beauty je eleganten in prakti\u010den stol, zasnovan za udobje strank in u\u010dinkovitost pri delu. Opremljen je z vzdr\u017eljivim hidravli\u010dnim dvigalom, nastavljivim naslonjalom in podno\u017ejem, kar omogo\u010da popolno prilagoditev razli\u010dnim tretmajem.<\/p>\n<h3 style=\"text-align: center;\" data-start=\"379\" data-end=\"405\"><strong data-start=\"383\" data-end=\"405\">Klju\u010dne prednosti:<\/strong><\/h3>\n<ul data-start=\"407\" data-end=\"737\">\n<li data-start=\"407\" data-end=\"466\">\n<p style=\"text-align: center;\" data-start=\"409\" data-end=\"466\"><strong data-start=\"409\" data-end=\"432\">Hidravli\u010dno dvigalo<\/strong> \u2013 za enostavno nastavitev vi\u0161ine.<\/p>\n<\/li>\n<li style=\"text-align: center;\" data-start=\"467\" data-end=\"564\">\n<p data-start=\"469\" data-end=\"564\"><strong data-start=\"469\" data-end=\"507\">Nastavljivo naslonjalo in podno\u017eje<\/strong> \u2013 omogo\u010da prilagajanje polo\u017eaja glede na vrsto storitve.<\/p>\n<\/li>\n<li style=\"text-align: center;\" data-start=\"565\" data-end=\"649\">\n<p data-start=\"567\" data-end=\"649\"><strong data-start=\"567\" data-end=\"592\">Visoka funkcionalnost<\/strong> \u2013 zagotavlja udobno delo in izbolj\u0161ano izku\u0161njo stranke.<\/p>\n<\/li>\n<li data-start=\"650\" data-end=\"737\">\n<p style=\"text-align: center;\" data-start=\"652\" data-end=\"737\"><strong data-start=\"652\" data-end=\"671\">Estetski dizajn<\/strong> \u2013 stol je prava dekoracija vsakega frizerskega\/barber ali kozmeti\u010dnega salona.<\/p>\n<div class=\"text-base my-auto mx-auto pb-10 [--thread-content-margin:--spacing(4)] @[37rem]:[--thread-content-margin:--spacing(6)] @[72rem]:[--thread-content-margin:--spacing(16)] px-(--thread-content-margin)\">\n<div class=\"[--thread-content-max-width:32rem] @[34rem]:[--thread-content-max-width:40rem] @[64rem]:[--thread-content-max-width:48rem] mx-auto max-w-(--thread-content-max-width) flex-1 group\/turn-messages focus-visible:outline-hidden relative flex w-full min-w-0 flex-col agent-turn\" tabindex=\"-1\">\n<div class=\"flex max-w-full flex-col grow\">\n<div class=\"min-h-8 text-message relative flex w-full flex-col items-end gap-2 text-start break-words whitespace-normal [.text-message+&amp;]:mt-5\" dir=\"auto\" data-message-author-role=\"assistant\" data-message-id=\"e8c1eab0-36c9-422c-b55e-48a4fd34cbd8\">\n<div class=\"flex w-full flex-col gap-1 empty:hidden first:pt-[3px]\"><\/div>\n<\/div>\n<\/div>\n<\/div>\n<\/div>\n<\/li>\n<\/ul>","protected":false},"excerpt":{"rendered":"<p>Frizersko &#8211; kozmeti\u010dni stol Barber &amp; Beauty je eleganten in prakti\u010den stol, zasnovan za udobje strank in u\u010dinkovitost pri delu. Opremljen je z vzdr\u017eljivim hidravli\u010dnim dvigalom, nastavljivim naslonjalom in podno\u017ejem, kar omogo\u010da popolno prilagoditev razli\u010dnim tretmajem.<\/p>","protected":false},"featured_media":5545,"template":"","meta":{"site-sidebar-layout":"default","site-content-layout":"","ast-site-content-layout":"default","site-content-style":"default","site-sidebar-style":"default","ast-global-header-display":"","ast-banner-title-visibility":"","ast-main-header-display":"","ast-hfb-above-header-display":"","ast-hfb-below-header-display":"","ast-hfb-mobile-header-display":"","site-post-title":"","ast-breadcrumbs-content":"","ast-featured-img":"","footer-sml-layout":"","theme-transparent-header-meta":"default","adv-header-id-meta":"","stick-header-meta":"","header-above-stick-meta":"","header-main-stick-meta":"","header-below-stick-meta":"","astra-migrate-meta-layouts":"set","ast-page-background-enabled":"default","ast-page-background-meta":{"desktop":{"background-color":"","background-image":"","background-repeat":"repeat","background-position":"center center","background-size":"auto","background-attachment":"scroll","background-type":"","background-media":"","overlay-type":"","overlay-color":"","overlay-opacity":"","overlay-gradient":""},"tablet":{"background-color":"","background-image":"","background-repeat":"repeat","background-position":"center center","background-size":"auto","background-attachment":"scroll","background-type":"","background-media":"","overlay-type":"","overlay-color":"","overlay-opacity":"","overlay-gradient":""},"mobile":{"background-color":"","background-image":"","background-repeat":"repeat","background-position":"center center","background-size":"auto","background-attachment":"scroll","background-type":"","background-media":"","overlay-type":"","overlay-color":"","overlay-opacity":"","overlay-gradient":""}},"ast-content-background-meta":{"desktop":{"background-color":"var(--ast-global-color-5)","background-image":"","background-repeat":"repeat","background-position":"center center","background-size":"auto","background-attachment":"scroll","background-type":"","background-media":"","overlay-type":"","overlay-color":"","overlay-opacity":"","overlay-gradient":""},"tablet":{"background-color":"var(--ast-global-color-5)","background-image":"","background-repeat":"repeat","background-position":"center center","background-size":"auto","background-attachment":"scroll","background-type":"","background-media":"","overlay-type":"","overlay-color":"","overlay-opacity":"","overlay-gradient":""},"mobile":{"background-color":"var(--ast-global-color-5)","background-image":"","background-repeat":"repeat","background-position":"center center","background-size":"auto","background-attachment":"scroll","background-type":"","background-media":"","overlay-type":"","overlay-color":"","overlay-opacity":"","overlay-gradient":""}}},"product_brand":[],"product_cat":[102,72,61],"product_tag":[],"class_list":{"0":"post-5544","1":"product","2":"type-product","3":"status-publish","4":"has-post-thumbnail","6":"product_cat-kozmeticni-stoli","7":"product_cat-obrvi","8":"product_cat-salonska-oprema","9":"desktop-align-left","10":"tablet-align-left","11":"mobile-align-left","13":"first","14":"instock","15":"taxable","16":"shipping-taxable","17":"purchasable","18":"product-type-variable"},"_links":{"self":[{"href":"https:\/\/lepika.si\/en\/wp-json\/wp\/v2\/product\/5544","targetHints":{"allow":["GET"]}}],"collection":[{"href":"https:\/\/lepika.si\/en\/wp-json\/wp\/v2\/product"}],"about":[{"href":"https:\/\/lepika.si\/en\/wp-json\/wp\/v2\/types\/product"}],"version-history":[{"count":4,"href":"https:\/\/lepika.si\/en\/wp-json\/wp\/v2\/product\/5544\/revisions"}],"predecessor-version":[{"id":6411,"href":"https:\/\/lepika.si\/en\/wp-json\/wp\/v2\/product\/5544\/revisions\/6411"}],"wp:featuredmedia":[{"embeddable":true,"href":"https:\/\/lepika.si\/en\/wp-json\/wp\/v2\/media\/5545"}],"wp:attachment":[{"href":"https:\/\/lepika.si\/en\/wp-json\/wp\/v2\/media?parent=5544"}],"wp:term":[{"taxonomy":"product_brand","embeddable":true,"href":"https:\/\/lepika.si\/en\/wp-json\/wp\/v2\/product_brand?post=5544"},{"taxonomy":"product_cat","embeddable":true,"href":"https:\/\/lepika.si\/en\/wp-json\/wp\/v2\/product_cat?post=5544"},{"taxonomy":"product_tag","embeddable":true,"href":"https:\/\/lepika.si\/en\/wp-json\/wp\/v2\/product_tag?post=5544"}],"curies":[{"name":"wp","href":"https:\/\/api.w.org\/{rel}","templated":true}]}}