{"id":5559,"date":"2025-07-25T09:56:02","date_gmt":"2025-07-25T09:56:02","guid":{"rendered":"https:\/\/lepika.si\/?post_type=product&#038;p=5559"},"modified":"2025-08-25T15:20:43","modified_gmt":"2025-08-25T15:20:43","slug":"kozmeticni-stol-bb-nova","status":"publish","type":"product","link":"https:\/\/lepika.si\/en\/product\/kozmeticni-stol-bb-nova\/","title":{"rendered":"Kozmeti\u010dni stol B&#038;B Nova"},"content":{"rendered":"<p>Kozmeti\u010dni stol B&amp;B Nova je vrhunski frizersko &#8211; kozmeti\u010dni stol, ki zdru\u017euje eleganco, udobje in funkcionalnost. Sodobna oblika, robustna konstrukcija in natan\u010dno izdelani detajli naredijo ta stol idealno izbiro za vsak profesionalni salon.<\/p>\n<p data-start=\"479\" data-end=\"779\">Stol je opremljen z zmogljivim hidravli\u010dnim dvigalom, ki omogo\u010da <strong data-start=\"544\" data-end=\"581\">nastavitev vi\u0161ine med 55 in 72 cm<\/strong>, tudi ko stranka \u017ee sedi. <strong data-start=\"608\" data-end=\"630\">Nagibno naslonjalo<\/strong> in <strong data-start=\"634\" data-end=\"663\">nastavljiv naslon za noge<\/strong> omogo\u010data udoben, polle\u017ee\u010d polo\u017eaj \u2013 popoln za natan\u010dne tretmaje, kot so lash lift, urejanje obrvi ali nego obraza.<\/p>\n<p data-start=\"781\" data-end=\"859\"><strong data-start=\"781\" data-end=\"805\">Raztegljiv vzglavnik<\/strong> dodatno podpira glavo in pove\u010duje udobje med posegom.<\/p>\n<p data-start=\"781\" data-end=\"859\">Sede\u017e je napolnjen z mehko peno, ki zagotavlja izjemno udobje tudi med dalj\u0161imi storitvami. <strong data-start=\"988\" data-end=\"1019\">Ergonomsko oblikovan naslon<\/strong> podpira hrbtenico in spodbuja spro\u0161\u010deno dr\u017eo stranke. <strong data-start=\"1074\" data-end=\"1105\">Oblazinjeni nasloni za roke<\/strong> so name\u0161\u010deni na optimalni vi\u0161ini in pomagajo razbremeniti napetost v ramenih in vratu.<\/p>","protected":false},"excerpt":{"rendered":"<p>Kozmeti\u010dni stol B&amp;B Nova je vrhunski frizersko &#8211; kozmeti\u010dni stol, ki zdru\u017euje eleganco, udobje in funkcionalnost. Sodobna oblika, robustna konstrukcija in natan\u010dno izdelani detajli naredijo ta stol idealno izbiro za vsak profesionalni salon.<\/p>","protected":false},"featured_media":5560,"template":"","meta":{"site-sidebar-layout":"default","site-content-layout":"","ast-site-content-layout":"default","site-content-style":"default","site-sidebar-style":"default","ast-global-header-display":"","ast-banner-title-visibility":"","ast-main-header-display":"","ast-hfb-above-header-display":"","ast-hfb-below-header-display":"","ast-hfb-mobile-header-display":"","site-post-title":"","ast-breadcrumbs-content":"","ast-featured-img":"","footer-sml-layout":"","theme-transparent-header-meta":"default","adv-header-id-meta":"","stick-header-meta":"","header-above-stick-meta":"","header-main-stick-meta":"","header-below-stick-meta":"","astra-migrate-meta-layouts":"set","ast-page-background-enabled":"default","ast-page-background-meta":{"desktop":{"background-color":"","background-image":"","background-repeat":"repeat","background-position":"center center","background-size":"auto","background-attachment":"scroll","background-type":"","background-media":"","overlay-type":"","overlay-color":"","overlay-opacity":"","overlay-gradient":""},"tablet":{"background-color":"","background-image":"","background-repeat":"repeat","background-position":"center center","background-size":"auto","background-attachment":"scroll","background-type":"","background-media":"","overlay-type":"","overlay-color":"","overlay-opacity":"","overlay-gradient":""},"mobile":{"background-color":"","background-image":"","background-repeat":"repeat","background-position":"center center","background-size":"auto","background-attachment":"scroll","background-type":"","background-media":"","overlay-type":"","overlay-color":"","overlay-opacity":"","overlay-gradient":""}},"ast-content-background-meta":{"desktop":{"background-color":"var(--ast-global-color-5)","background-image":"","background-repeat":"repeat","background-position":"center center","background-size":"auto","background-attachment":"scroll","background-type":"","background-media":"","overlay-type":"","overlay-color":"","overlay-opacity":"","overlay-gradient":""},"tablet":{"background-color":"var(--ast-global-color-5)","background-image":"","background-repeat":"repeat","background-position":"center center","background-size":"auto","background-attachment":"scroll","background-type":"","background-media":"","overlay-type":"","overlay-color":"","overlay-opacity":"","overlay-gradient":""},"mobile":{"background-color":"var(--ast-global-color-5)","background-image":"","background-repeat":"repeat","background-position":"center center","background-size":"auto","background-attachment":"scroll","background-type":"","background-media":"","overlay-type":"","overlay-color":"","overlay-opacity":"","overlay-gradient":""}}},"product_brand":[],"product_cat":[102,72,61],"product_tag":[],"class_list":{"0":"post-5559","1":"product","2":"type-product","3":"status-publish","4":"has-post-thumbnail","6":"product_cat-kozmeticni-stoli","7":"product_cat-obrvi","8":"product_cat-salonska-oprema","9":"desktop-align-left","10":"tablet-align-left","11":"mobile-align-left","13":"first","14":"instock","15":"taxable","16":"shipping-taxable","17":"purchasable","18":"product-type-simple"},"_links":{"self":[{"href":"https:\/\/lepika.si\/en\/wp-json\/wp\/v2\/product\/5559","targetHints":{"allow":["GET"]}}],"collection":[{"href":"https:\/\/lepika.si\/en\/wp-json\/wp\/v2\/product"}],"about":[{"href":"https:\/\/lepika.si\/en\/wp-json\/wp\/v2\/types\/product"}],"version-history":[{"count":4,"href":"https:\/\/lepika.si\/en\/wp-json\/wp\/v2\/product\/5559\/revisions"}],"predecessor-version":[{"id":6409,"href":"https:\/\/lepika.si\/en\/wp-json\/wp\/v2\/product\/5559\/revisions\/6409"}],"wp:featuredmedia":[{"embeddable":true,"href":"https:\/\/lepika.si\/en\/wp-json\/wp\/v2\/media\/5560"}],"wp:attachment":[{"href":"https:\/\/lepika.si\/en\/wp-json\/wp\/v2\/media?parent=5559"}],"wp:term":[{"taxonomy":"product_brand","embeddable":true,"href":"https:\/\/lepika.si\/en\/wp-json\/wp\/v2\/product_brand?post=5559"},{"taxonomy":"product_cat","embeddable":true,"href":"https:\/\/lepika.si\/en\/wp-json\/wp\/v2\/product_cat?post=5559"},{"taxonomy":"product_tag","embeddable":true,"href":"https:\/\/lepika.si\/en\/wp-json\/wp\/v2\/product_tag?post=5559"}],"curies":[{"name":"wp","href":"https:\/\/api.w.org\/{rel}","templated":true}]}}