{"id":5573,"date":"2025-07-25T10:13:14","date_gmt":"2025-07-25T10:13:14","guid":{"rendered":"https:\/\/lepika.si\/?post_type=product&#038;p=5573"},"modified":"2025-08-25T15:20:30","modified_gmt":"2025-08-25T15:20:30","slug":"kozmeticni-stol-bb-blackline","status":"publish","type":"product","link":"https:\/\/lepika.si\/en\/product\/kozmeticni-stol-bb-blackline\/","title":{"rendered":"Kozmeti\u010dni stol B&#038;B Blackline"},"content":{"rendered":"<p>Kozmeti\u010dni stol B&amp;B Blackline je sodoben, popolnoma dodelan in ekonomi\u010den. Stranki nudi maksimalen ob\u010dutek udobja med izvedenimi tretmaji. Poleg nastavitve navzgor in navzdol ima fotelj tudi nagibno naslonjalo. Kljub majhnim dimenzijam je mogo\u010de stranko namestiti v udoben, le\u017ee\u010d polo\u017eaj. Udoben sede\u017e je prevle\u010den z visokokakovostnim eko usnjem. \u0160iroko podno\u017eje zagotavlja stabilnost med delovanjem. Dodatna prednost je enostavna nastavitev vzglavnika.<\/p>","protected":false},"excerpt":{"rendered":"<p><strong data-start=\"39\" data-end=\"56\">B&amp;B Blackline<\/strong> je sodoben in ekonomi\u010den kozmeti\u010dni stol, ki kljub kompaktni velikosti omogo\u010da udobno namestitev stranke v le\u017ee\u010d polo\u017eaj. Opremljen je z nastavljivim naslonjalom, mo\u017enostjo dviga\/spusta ter enostavno nastavljivim vzglavnikom. Sede\u017e je oblazinjen z visokokakovostnim eko usnjem, \u0161iroko podno\u017eje pa zagotavlja stabilnost in varnost med delom. Idealna izbira za tretmaje obraza, lash lift in laminacijo.<\/p>","protected":false},"featured_media":5574,"template":"","meta":{"site-sidebar-layout":"default","site-content-layout":"","ast-site-content-layout":"default","site-content-style":"default","site-sidebar-style":"default","ast-global-header-display":"","ast-banner-title-visibility":"","ast-main-header-display":"","ast-hfb-above-header-display":"","ast-hfb-below-header-display":"","ast-hfb-mobile-header-display":"","site-post-title":"","ast-breadcrumbs-content":"","ast-featured-img":"","footer-sml-layout":"","theme-transparent-header-meta":"default","adv-header-id-meta":"","stick-header-meta":"","header-above-stick-meta":"","header-main-stick-meta":"","header-below-stick-meta":"","astra-migrate-meta-layouts":"set","ast-page-background-enabled":"default","ast-page-background-meta":{"desktop":{"background-color":"","background-image":"","background-repeat":"repeat","background-position":"center center","background-size":"auto","background-attachment":"scroll","background-type":"","background-media":"","overlay-type":"","overlay-color":"","overlay-opacity":"","overlay-gradient":""},"tablet":{"background-color":"","background-image":"","background-repeat":"repeat","background-position":"center center","background-size":"auto","background-attachment":"scroll","background-type":"","background-media":"","overlay-type":"","overlay-color":"","overlay-opacity":"","overlay-gradient":""},"mobile":{"background-color":"","background-image":"","background-repeat":"repeat","background-position":"center center","background-size":"auto","background-attachment":"scroll","background-type":"","background-media":"","overlay-type":"","overlay-color":"","overlay-opacity":"","overlay-gradient":""}},"ast-content-background-meta":{"desktop":{"background-color":"var(--ast-global-color-5)","background-image":"","background-repeat":"repeat","background-position":"center center","background-size":"auto","background-attachment":"scroll","background-type":"","background-media":"","overlay-type":"","overlay-color":"","overlay-opacity":"","overlay-gradient":""},"tablet":{"background-color":"var(--ast-global-color-5)","background-image":"","background-repeat":"repeat","background-position":"center center","background-size":"auto","background-attachment":"scroll","background-type":"","background-media":"","overlay-type":"","overlay-color":"","overlay-opacity":"","overlay-gradient":""},"mobile":{"background-color":"var(--ast-global-color-5)","background-image":"","background-repeat":"repeat","background-position":"center center","background-size":"auto","background-attachment":"scroll","background-type":"","background-media":"","overlay-type":"","overlay-color":"","overlay-opacity":"","overlay-gradient":""}}},"product_brand":[],"product_cat":[102,72,61],"product_tag":[],"class_list":{"0":"post-5573","1":"product","2":"type-product","3":"status-publish","4":"has-post-thumbnail","6":"product_cat-kozmeticni-stoli","7":"product_cat-obrvi","8":"product_cat-salonska-oprema","9":"desktop-align-left","10":"tablet-align-left","11":"mobile-align-left","13":"first","14":"instock","15":"taxable","16":"shipping-taxable","17":"purchasable","18":"product-type-simple"},"_links":{"self":[{"href":"https:\/\/lepika.si\/en\/wp-json\/wp\/v2\/product\/5573","targetHints":{"allow":["GET"]}}],"collection":[{"href":"https:\/\/lepika.si\/en\/wp-json\/wp\/v2\/product"}],"about":[{"href":"https:\/\/lepika.si\/en\/wp-json\/wp\/v2\/types\/product"}],"version-history":[{"count":4,"href":"https:\/\/lepika.si\/en\/wp-json\/wp\/v2\/product\/5573\/revisions"}],"predecessor-version":[{"id":6408,"href":"https:\/\/lepika.si\/en\/wp-json\/wp\/v2\/product\/5573\/revisions\/6408"}],"wp:featuredmedia":[{"embeddable":true,"href":"https:\/\/lepika.si\/en\/wp-json\/wp\/v2\/media\/5574"}],"wp:attachment":[{"href":"https:\/\/lepika.si\/en\/wp-json\/wp\/v2\/media?parent=5573"}],"wp:term":[{"taxonomy":"product_brand","embeddable":true,"href":"https:\/\/lepika.si\/en\/wp-json\/wp\/v2\/product_brand?post=5573"},{"taxonomy":"product_cat","embeddable":true,"href":"https:\/\/lepika.si\/en\/wp-json\/wp\/v2\/product_cat?post=5573"},{"taxonomy":"product_tag","embeddable":true,"href":"https:\/\/lepika.si\/en\/wp-json\/wp\/v2\/product_tag?post=5573"}],"curies":[{"name":"wp","href":"https:\/\/api.w.org\/{rel}","templated":true}]}}