{"id":5582,"date":"2025-07-25T10:46:37","date_gmt":"2025-07-25T10:46:37","guid":{"rendered":"https:\/\/lepika.si\/?post_type=product&#038;p=5582"},"modified":"2025-08-25T15:20:16","modified_gmt":"2025-08-25T15:20:16","slug":"kozmeticni-stol-bb-pro","status":"publish","type":"product","link":"https:\/\/lepika.si\/en\/product\/kozmeticni-stol-bb-pro\/","title":{"rendered":"Kozmeti\u010dni stol B&#038;B Pro"},"content":{"rendered":"<p>Kozmeti\u010dni stol B&amp;B Pro je eleganten in funkcionalen frizersko &#8211; kozmeti\u010dni stol, zasnovan za maksimalno udobje stranke in u\u010dinkovitost pri delu. Opremljen je z vzdr\u017eljivim <strong data-start=\"322\" data-end=\"347\">hidravli\u010dnim dvigalom<\/strong>, <strong data-start=\"349\" data-end=\"373\">nagibnim naslonjalom<\/strong>, <strong data-start=\"375\" data-end=\"408\">nastavljivim naslonom za noge<\/strong> in <strong data-start=\"412\" data-end=\"440\">raztegljivim vzglavnikom<\/strong>.<\/p>\n<h3 style=\"text-align: center;\" data-start=\"448\" data-end=\"474\"><strong data-start=\"452\" data-end=\"474\">Klju\u010dne prednosti:<\/strong><\/h3>\n<ul data-start=\"476\" data-end=\"926\">\n<li style=\"text-align: center;\" data-start=\"476\" data-end=\"549\">\n<p data-start=\"478\" data-end=\"549\"><strong data-start=\"478\" data-end=\"518\">Vi\u0161insko nastavljiv sede\u017e (55\u201368 cm)<\/strong> \u2013 tudi medtem ko stranka sedi.<\/p>\n<\/li>\n<li style=\"text-align: center;\" data-start=\"550\" data-end=\"640\">\n<p data-start=\"552\" data-end=\"640\"><strong data-start=\"552\" data-end=\"603\">Nagibno naslonjalo in nastavljiv naslon za noge<\/strong> \u2013 omogo\u010data udoben polle\u017ee\u010d polo\u017eaj.<\/p>\n<\/li>\n<li style=\"text-align: center;\" data-start=\"641\" data-end=\"704\">\n<p data-start=\"643\" data-end=\"704\"><strong data-start=\"643\" data-end=\"678\">Raztegljiv vzglavnik (do 20 cm)<\/strong> \u2013 za dodatno oporo glave.<\/p>\n<\/li>\n<li style=\"text-align: center;\" data-start=\"705\" data-end=\"769\">\n<p data-start=\"707\" data-end=\"769\"><strong data-start=\"707\" data-end=\"728\">Ergonomski naslon<\/strong> \u2013 podpira hrbet in pove\u010duje spro\u0161\u010denost.<\/p>\n<\/li>\n<li style=\"text-align: center;\" data-start=\"770\" data-end=\"838\">\n<p data-start=\"772\" data-end=\"838\"><strong data-start=\"772\" data-end=\"803\">Popolnoma vrtljiv mehanizem<\/strong> \u2013 za ve\u010djo fleksibilnost pri delu.<\/p>\n<\/li>\n<li data-start=\"839\" data-end=\"926\">\n<p style=\"text-align: center;\" data-start=\"841\" data-end=\"926\"><strong data-start=\"841\" data-end=\"872\">Oblazinjeni nasloni za roke<\/strong> \u2013 omogo\u010dajo pravilno poravnavo ramen in ve\u010dje udobje.<\/p>\n<div class=\"text-base my-auto mx-auto pb-10 [--thread-content-margin:--spacing(4)] @[37rem]:[--thread-content-margin:--spacing(6)] @[72rem]:[--thread-content-margin:--spacing(16)] px-(--thread-content-margin)\">\n<div class=\"[--thread-content-max-width:32rem] @[34rem]:[--thread-content-max-width:40rem] @[64rem]:[--thread-content-max-width:48rem] mx-auto max-w-(--thread-content-max-width) flex-1 group\/turn-messages focus-visible:outline-hidden relative flex w-full min-w-0 flex-col agent-turn\" tabindex=\"-1\">\n<div class=\"flex max-w-full flex-col grow\">\n<div class=\"min-h-8 text-message relative flex w-full flex-col items-end gap-2 text-start break-words whitespace-normal [.text-message+&amp;]:mt-5\" dir=\"auto\" data-message-author-role=\"assistant\" data-message-id=\"e8c1eab0-36c9-422c-b55e-48a4fd34cbd8\">\n<div class=\"flex w-full flex-col gap-1 empty:hidden first:pt-[3px]\"><\/div>\n<\/div>\n<\/div>\n<\/div>\n<\/div>\n<\/li>\n<\/ul>","protected":false},"excerpt":{"rendered":"<p>Kozmeti\u010dni stol B&amp;B Pro je eleganten in funkcionalen frizersko &#8211; kozmeti\u010dni stol, zasnovan za maksimalno udobje stranke in u\u010dinkovitost pri delu. Opremljen je z vzdr\u017eljivim <strong data-start=\"322\" data-end=\"347\">hidravli\u010dnim dvigalom<\/strong>, <strong data-start=\"349\" data-end=\"373\">nagibnim naslonjalom<\/strong>, <strong data-start=\"375\" data-end=\"408\">nastavljivim naslonom za noge<\/strong> in <strong data-start=\"412\" data-end=\"440\">raztegljivim vzglavnikom<\/strong>.<\/p>","protected":false},"featured_media":5583,"template":"","meta":{"site-sidebar-layout":"default","site-content-layout":"","ast-site-content-layout":"default","site-content-style":"default","site-sidebar-style":"default","ast-global-header-display":"","ast-banner-title-visibility":"","ast-main-header-display":"","ast-hfb-above-header-display":"","ast-hfb-below-header-display":"","ast-hfb-mobile-header-display":"","site-post-title":"","ast-breadcrumbs-content":"","ast-featured-img":"","footer-sml-layout":"","theme-transparent-header-meta":"default","adv-header-id-meta":"","stick-header-meta":"","header-above-stick-meta":"","header-main-stick-meta":"","header-below-stick-meta":"","astra-migrate-meta-layouts":"set","ast-page-background-enabled":"default","ast-page-background-meta":{"desktop":{"background-color":"","background-image":"","background-repeat":"repeat","background-position":"center center","background-size":"auto","background-attachment":"scroll","background-type":"","background-media":"","overlay-type":"","overlay-color":"","overlay-opacity":"","overlay-gradient":""},"tablet":{"background-color":"","background-image":"","background-repeat":"repeat","background-position":"center center","background-size":"auto","background-attachment":"scroll","background-type":"","background-media":"","overlay-type":"","overlay-color":"","overlay-opacity":"","overlay-gradient":""},"mobile":{"background-color":"","background-image":"","background-repeat":"repeat","background-position":"center center","background-size":"auto","background-attachment":"scroll","background-type":"","background-media":"","overlay-type":"","overlay-color":"","overlay-opacity":"","overlay-gradient":""}},"ast-content-background-meta":{"desktop":{"background-color":"var(--ast-global-color-5)","background-image":"","background-repeat":"repeat","background-position":"center center","background-size":"auto","background-attachment":"scroll","background-type":"","background-media":"","overlay-type":"","overlay-color":"","overlay-opacity":"","overlay-gradient":""},"tablet":{"background-color":"var(--ast-global-color-5)","background-image":"","background-repeat":"repeat","background-position":"center center","background-size":"auto","background-attachment":"scroll","background-type":"","background-media":"","overlay-type":"","overlay-color":"","overlay-opacity":"","overlay-gradient":""},"mobile":{"background-color":"var(--ast-global-color-5)","background-image":"","background-repeat":"repeat","background-position":"center center","background-size":"auto","background-attachment":"scroll","background-type":"","background-media":"","overlay-type":"","overlay-color":"","overlay-opacity":"","overlay-gradient":""}}},"product_brand":[],"product_cat":[102,72,61],"product_tag":[],"class_list":{"0":"post-5582","1":"product","2":"type-product","3":"status-publish","4":"has-post-thumbnail","6":"product_cat-kozmeticni-stoli","7":"product_cat-obrvi","8":"product_cat-salonska-oprema","9":"desktop-align-left","10":"tablet-align-left","11":"mobile-align-left","13":"first","14":"instock","15":"taxable","16":"shipping-taxable","17":"purchasable","18":"product-type-variable"},"_links":{"self":[{"href":"https:\/\/lepika.si\/en\/wp-json\/wp\/v2\/product\/5582","targetHints":{"allow":["GET"]}}],"collection":[{"href":"https:\/\/lepika.si\/en\/wp-json\/wp\/v2\/product"}],"about":[{"href":"https:\/\/lepika.si\/en\/wp-json\/wp\/v2\/types\/product"}],"version-history":[{"count":4,"href":"https:\/\/lepika.si\/en\/wp-json\/wp\/v2\/product\/5582\/revisions"}],"predecessor-version":[{"id":6407,"href":"https:\/\/lepika.si\/en\/wp-json\/wp\/v2\/product\/5582\/revisions\/6407"}],"wp:featuredmedia":[{"embeddable":true,"href":"https:\/\/lepika.si\/en\/wp-json\/wp\/v2\/media\/5583"}],"wp:attachment":[{"href":"https:\/\/lepika.si\/en\/wp-json\/wp\/v2\/media?parent=5582"}],"wp:term":[{"taxonomy":"product_brand","embeddable":true,"href":"https:\/\/lepika.si\/en\/wp-json\/wp\/v2\/product_brand?post=5582"},{"taxonomy":"product_cat","embeddable":true,"href":"https:\/\/lepika.si\/en\/wp-json\/wp\/v2\/product_cat?post=5582"},{"taxonomy":"product_tag","embeddable":true,"href":"https:\/\/lepika.si\/en\/wp-json\/wp\/v2\/product_tag?post=5582"}],"curies":[{"name":"wp","href":"https:\/\/api.w.org\/{rel}","templated":true}]}}