{"id":5700,"date":"2025-07-27T17:12:35","date_gmt":"2025-07-27T17:12:35","guid":{"rendered":"https:\/\/lepika.si\/?post_type=product&#038;p=5700"},"modified":"2025-08-25T15:19:18","modified_gmt":"2025-08-25T15:19:18","slug":"recepcijski-pult-bella","status":"publish","type":"product","link":"https:\/\/lepika.si\/en\/product\/recepcijski-pult-bella\/","title":{"rendered":"Recepcijski pult Bella"},"content":{"rendered":"<p data-start=\"330\" data-end=\"583\">Recepcijski pult Bella je odli\u010dna izbira za vse, ki \u017eelijo svojemu salonu dodati prefinjenost, urejenost in profesionalno podobo. Idealno se prilega tako frizerskim kot kozmeti\u010dnim salonom, \u0161e posebej tistim z glamurozno, elegantno notranjostjo.<\/p>\n<p data-start=\"585\" data-end=\"946\"><strong data-start=\"585\" data-end=\"630\">Organiziran in premi\u0161ljen delovni prostor<\/strong><br data-start=\"630\" data-end=\"633\" \/>Pult ponuja \u0161tevilne prakti\u010dne re\u0161itve:<br data-start=\"672\" data-end=\"675\" \/>\u2022 3 odprte police razli\u010dnih velikosti<br data-start=\"712\" data-end=\"715\" \/>\u2022 1 izvle\u010dno polico<br data-start=\"734\" data-end=\"737\" \/>\u2022 1 predal z zaklepanjem<br data-start=\"761\" data-end=\"764\" \/>\u2022 2 zaklepni omarici s srebrnimi ro\u010daji<br data-start=\"803\" data-end=\"806\" \/>Vse to omogo\u010da u\u010dinkovito shranjevanje dokumentov, pisarni\u0161kih pripomo\u010dkov in dodatkov, ki jih potrebujete za vsakodnevno delo na recepciji.<\/p>\n<p data-start=\"948\" data-end=\"1215\"><strong data-start=\"948\" data-end=\"991\">Funkcionalni detajli za sodobno uporabo<\/strong><br data-start=\"991\" data-end=\"994\" \/>Zaradi vgrajene kabelske odprtine lahko enostavno namestite ra\u010dunalnik, telefon ali drugo pisarni\u0161ko opremo, ne da bi pri tem ustvarjali nered. Pult omogo\u010da udobno, pregledno in profesionalno organizacijo sprejema strank.<\/p>\n<p data-start=\"1217\" data-end=\"1527\"><strong data-start=\"1217\" data-end=\"1243\">Dovr\u0161en estetski videz<\/strong><br data-start=\"1243\" data-end=\"1246\" \/>Izdelan je iz visoko kakovostne laminirane plo\u0161\u010de v elegantno beli barvi. Sprednji del je oblazinjen z umetnim usnjem z dekorativnimi gumbi, kar ustvari presti\u017een videz. Povr\u0161ine so gladke in enostavne za \u010di\u0161\u010denje, kar olaj\u0161a vzdr\u017eevanje \u010distega videza tudi ob vsakodnevni uporabi.<\/p>\n<p data-start=\"1529\" data-end=\"1757\"><strong data-start=\"1529\" data-end=\"1555\">Trajnost in stabilnost<\/strong><br data-start=\"1555\" data-end=\"1558\" \/>Zaradi kakovostne izdelave in trdne konstrukcije je pult stabilen in pripravljen na dolgoletno uporabo. Z zdru\u017eitvijo estetike in prakti\u010dnosti predstavlja odli\u010dno nalo\u017ebo za vsak profesionalni salon.<\/p>\n<article class=\"text-token-text-primary w-full focus:outline-none scroll-mt-[calc(var(--header-height)+min(200px,max(70px,20svh)))]\" dir=\"auto\" tabindex=\"-1\" data-turn-id=\"request-WEB:83d86450-049f-432c-8c1a-1fc6fa3cda13-1\" data-testid=\"conversation-turn-4\" data-scroll-anchor=\"true\" data-turn=\"assistant\">\n<div class=\"text-base my-auto mx-auto pb-10 [--thread-content-margin:--spacing(4)] @[37rem]:[--thread-content-margin:--spacing(6)] @[72rem]:[--thread-content-margin:--spacing(16)] px-(--thread-content-margin)\">\n<div class=\"[--thread-content-max-width:32rem] @[34rem]:[--thread-content-max-width:40rem] @[64rem]:[--thread-content-max-width:48rem] mx-auto max-w-(--thread-content-max-width) flex-1 group\/turn-messages focus-visible:outline-hidden relative flex w-full min-w-0 flex-col agent-turn\" tabindex=\"-1\">\n<div class=\"flex max-w-full flex-col grow\">\n<div class=\"min-h-8 text-message relative flex w-full flex-col items-end gap-2 text-start break-words whitespace-normal [.text-message+&amp;]:mt-5\" dir=\"auto\" data-message-author-role=\"assistant\" data-message-id=\"e8c1eab0-36c9-422c-b55e-48a4fd34cbd8\">\n<div class=\"flex w-full flex-col gap-1 empty:hidden first:pt-[3px]\">\n<div class=\"markdown prose dark:prose-invert w-full break-words light markdown-new-styling\">\n<p data-start=\"0\" data-end=\"81\" data-is-last-node=\"\" data-is-only-node=\"\">\n<\/div>\n<\/div>\n<\/div>\n<\/div>\n<\/div>\n<\/div>\n<\/article>","protected":false},"excerpt":{"rendered":"<p data-start=\"1797\" data-end=\"2214\">Recepcijski pult Bella je eleganten in funkcionalen kos pohi\u0161tva, idealen za frizerske in kozmeti\u010dne salone. Ponuja tri odprte police, izvle\u010dno polico, zaklepni predal in dve omarici, hkrati pa vklju\u010duje odprtino za kable za udobno povezovanje naprav. Sprednji del iz umetnega usnja z dekorativnimi gumbi doda prefinjen videz, kakovostni materiali pa zagotavljajo dolgo \u017eivljenjsko dobo in enostavno \u010di\u0161\u010denje.<\/p>\n<p data-start=\"2216\" data-end=\"2437\" data-is-last-node=\"\" data-is-only-node=\"\">Ta pult ni le vizualno privla\u010den, ampak tudi izjemno prakti\u010den. Ustvarja urejeno, profesionalno in elegantno prvo to\u010dko stika s stranko. Idealna re\u0161itev za salone, ki \u017eelijo izstopati z detajli in brezhibno organizacijo.<\/p>","protected":false},"featured_media":5701,"template":"","meta":{"site-sidebar-layout":"default","site-content-layout":"","ast-site-content-layout":"default","site-content-style":"default","site-sidebar-style":"default","ast-global-header-display":"","ast-banner-title-visibility":"","ast-main-header-display":"","ast-hfb-above-header-display":"","ast-hfb-below-header-display":"","ast-hfb-mobile-header-display":"","site-post-title":"","ast-breadcrumbs-content":"","ast-featured-img":"","footer-sml-layout":"","theme-transparent-header-meta":"default","adv-header-id-meta":"","stick-header-meta":"","header-above-stick-meta":"","header-main-stick-meta":"","header-below-stick-meta":"","astra-migrate-meta-layouts":"set","ast-page-background-enabled":"default","ast-page-background-meta":{"desktop":{"background-color":"","background-image":"","background-repeat":"repeat","background-position":"center center","background-size":"auto","background-attachment":"scroll","background-type":"","background-media":"","overlay-type":"","overlay-color":"","overlay-opacity":"","overlay-gradient":""},"tablet":{"background-color":"","background-image":"","background-repeat":"repeat","background-position":"center center","background-size":"auto","background-attachment":"scroll","background-type":"","background-media":"","overlay-type":"","overlay-color":"","overlay-opacity":"","overlay-gradient":""},"mobile":{"background-color":"","background-image":"","background-repeat":"repeat","background-position":"center center","background-size":"auto","background-attachment":"scroll","background-type":"","background-media":"","overlay-type":"","overlay-color":"","overlay-opacity":"","overlay-gradient":""}},"ast-content-background-meta":{"desktop":{"background-color":"var(--ast-global-color-5)","background-image":"","background-repeat":"repeat","background-position":"center center","background-size":"auto","background-attachment":"scroll","background-type":"","background-media":"","overlay-type":"","overlay-color":"","overlay-opacity":"","overlay-gradient":""},"tablet":{"background-color":"var(--ast-global-color-5)","background-image":"","background-repeat":"repeat","background-position":"center center","background-size":"auto","background-attachment":"scroll","background-type":"","background-media":"","overlay-type":"","overlay-color":"","overlay-opacity":"","overlay-gradient":""},"mobile":{"background-color":"var(--ast-global-color-5)","background-image":"","background-repeat":"repeat","background-position":"center center","background-size":"auto","background-attachment":"scroll","background-type":"","background-media":"","overlay-type":"","overlay-color":"","overlay-opacity":"","overlay-gradient":""}}},"product_brand":[],"product_cat":[61,105],"product_tag":[],"class_list":{"0":"post-5700","1":"product","2":"type-product","3":"status-publish","4":"has-post-thumbnail","6":"product_cat-salonska-oprema","7":"product_cat-sprejemni-pulti","8":"desktop-align-left","9":"tablet-align-left","10":"mobile-align-left","12":"first","13":"instock","14":"taxable","15":"shipping-taxable","16":"purchasable","17":"product-type-simple"},"_links":{"self":[{"href":"https:\/\/lepika.si\/en\/wp-json\/wp\/v2\/product\/5700","targetHints":{"allow":["GET"]}}],"collection":[{"href":"https:\/\/lepika.si\/en\/wp-json\/wp\/v2\/product"}],"about":[{"href":"https:\/\/lepika.si\/en\/wp-json\/wp\/v2\/types\/product"}],"version-history":[{"count":3,"href":"https:\/\/lepika.si\/en\/wp-json\/wp\/v2\/product\/5700\/revisions"}],"predecessor-version":[{"id":6402,"href":"https:\/\/lepika.si\/en\/wp-json\/wp\/v2\/product\/5700\/revisions\/6402"}],"wp:featuredmedia":[{"embeddable":true,"href":"https:\/\/lepika.si\/en\/wp-json\/wp\/v2\/media\/5701"}],"wp:attachment":[{"href":"https:\/\/lepika.si\/en\/wp-json\/wp\/v2\/media?parent=5700"}],"wp:term":[{"taxonomy":"product_brand","embeddable":true,"href":"https:\/\/lepika.si\/en\/wp-json\/wp\/v2\/product_brand?post=5700"},{"taxonomy":"product_cat","embeddable":true,"href":"https:\/\/lepika.si\/en\/wp-json\/wp\/v2\/product_cat?post=5700"},{"taxonomy":"product_tag","embeddable":true,"href":"https:\/\/lepika.si\/en\/wp-json\/wp\/v2\/product_tag?post=5700"}],"curies":[{"name":"wp","href":"https:\/\/api.w.org\/{rel}","templated":true}]}}