{"id":5735,"date":"2025-07-28T15:53:21","date_gmt":"2025-07-28T15:53:21","guid":{"rendered":"https:\/\/lepika.si\/?post_type=product&#038;p=5735"},"modified":"2025-08-25T15:27:13","modified_gmt":"2025-08-25T15:27:13","slug":"brusilnik-marathon-3-champion","status":"publish","type":"product","link":"https:\/\/lepika.si\/en\/product\/brusilnik-marathon-3-champion\/","title":{"rendered":"Brusilnik Marathon 3 Champion"},"content":{"rendered":"<p data-start=\"188\" data-end=\"542\">Vrhunski brusilnik za manikuro in pedikuro<em data-start=\"261\" data-end=\"290\">\u00a0Marathon 3 Champion<\/em> je zasnovan za natan\u010dno in u\u010dinkovito pripravo nohtov ter obnohtne ko\u017eice, odstranjevanje starega gela ali laka in izvedbo zahtevnej\u0161ih tretmajev.<\/p>\n<hr data-start=\"544\" data-end=\"547\" \/>\n<h3 data-start=\"549\" data-end=\"575\"><strong data-start=\"553\" data-end=\"575\">Klju\u010dne lastnosti:<\/strong><\/h3>\n<h4 data-start=\"577\" data-end=\"609\">\u2705 <strong data-start=\"584\" data-end=\"609\">Ergonomski ro\u010daj\u00a0<\/strong><\/h4>\n<ul data-start=\"610\" data-end=\"833\">\n<li data-start=\"610\" data-end=\"685\">\n<p data-start=\"612\" data-end=\"685\">Udoben in dobro uravnote\u017een ro\u010daj za dolgotrajno uporabo brez utrujenosti<\/p>\n<\/li>\n<li data-start=\"686\" data-end=\"734\">\n<p data-start=\"688\" data-end=\"734\">Sistem <strong data-start=\"695\" data-end=\"709\">Twist-Lock<\/strong> za hitro menjavo svedrov<\/p>\n<\/li>\n<li data-start=\"735\" data-end=\"783\">\n<p data-start=\"737\" data-end=\"783\">Nizka raven vibracij za bolj\u0161e udobje pri delu<\/p>\n<\/li>\n<li data-start=\"784\" data-end=\"833\">\n<p data-start=\"786\" data-end=\"833\">Fleksibilen, raztegljiv kabel dol\u017eine do 135 cm<\/p>\n<\/li>\n<\/ul>\n<h4 data-start=\"835\" data-end=\"884\">\u2705 <strong data-start=\"842\" data-end=\"884\">Nastavljiva hitrost do 30.000 vrt.\/min<\/strong><\/h4>\n<ul data-start=\"885\" data-end=\"1046\">\n<li data-start=\"885\" data-end=\"927\">\n<p data-start=\"887\" data-end=\"927\">Preprosto upravljanje z vrtljivim gumbom<\/p>\n<\/li>\n<li data-start=\"928\" data-end=\"982\">\n<p data-start=\"930\" data-end=\"982\">Natan\u010dna nastavitev hitrosti glede na vrsto tretmaja<\/p>\n<\/li>\n<li data-start=\"983\" data-end=\"1046\">\n<p data-start=\"985\" data-end=\"1046\">Zelena indikatorska lu\u010dka za delovanje pri minimalni hitrosti<\/p>\n<\/li>\n<\/ul>\n<h4 data-start=\"1048\" data-end=\"1090\">\u2705 <strong data-start=\"1055\" data-end=\"1090\">Uporabniku prijazno upravljanje<\/strong><\/h4>\n<ul data-start=\"1091\" data-end=\"1222\">\n<li data-start=\"1091\" data-end=\"1154\">\n<p data-start=\"1093\" data-end=\"1154\">Vklju\u010den <strong data-start=\"1102\" data-end=\"1117\">no\u017eni pedal<\/strong> za prostoro\u010dno delo in bolj\u0161i nadzor<\/p>\n<\/li>\n<li data-start=\"1155\" data-end=\"1191\">\n<p data-start=\"1157\" data-end=\"1191\">Mo\u017enost spreminjanja smeri vrtenja<\/p>\n<\/li>\n<li data-start=\"1192\" data-end=\"1222\">\n<p data-start=\"1194\" data-end=\"1222\">Tiho in u\u010dinkovito delovanje<\/p>\n<\/li>\n<\/ul>\n<h4 data-start=\"1224\" data-end=\"1259\">\u2705 <strong data-start=\"1231\" data-end=\"1259\">Prakti\u010dna dodatna oprema<\/strong><\/h4>\n<ul data-start=\"1260\" data-end=\"1436\">\n<li data-start=\"1260\" data-end=\"1335\">\n<p data-start=\"1262\" data-end=\"1335\"><strong data-start=\"1262\" data-end=\"1284\">Silikonsko stojalo<\/strong> in <strong data-start=\"1288\" data-end=\"1308\">plasti\u010dni dr\u017ealo<\/strong> za varno odlaganje ro\u010dnika<\/p>\n<\/li>\n<li data-start=\"1336\" data-end=\"1387\">\n<p data-start=\"1338\" data-end=\"1387\">Prostor za shranjevanje svedrov na ohi\u0161ju naprave<\/p>\n<\/li>\n<li data-start=\"1388\" data-end=\"1436\">\n<p data-start=\"1390\" data-end=\"1436\">Kompaktna in stabilna baza z modernim dizajnom<\/p>\n<\/li>\n<\/ul>\n<hr data-start=\"1438\" data-end=\"1441\" \/>\n<h3 data-start=\"1443\" data-end=\"1474\"><strong data-start=\"1447\" data-end=\"1474\">Tehni\u010dne specifikacije:<\/strong><\/h3>\n<ul data-start=\"1475\" data-end=\"1718\">\n<li data-start=\"1475\" data-end=\"1517\">\n<p data-start=\"1477\" data-end=\"1517\"><strong data-start=\"1477\" data-end=\"1487\">Model:<\/strong>\u00a0 Marathon 3 Champion<\/p>\n<\/li>\n<li data-start=\"1518\" data-end=\"1537\">\n<p data-start=\"1520\" data-end=\"1537\"><strong data-start=\"1520\" data-end=\"1530\">Ro\u010daj:<\/strong> H200<\/p>\n<\/li>\n<li data-start=\"1538\" data-end=\"1578\">\n<p data-start=\"1540\" data-end=\"1578\"><strong data-start=\"1540\" data-end=\"1552\">Hitrost:<\/strong> do 30.000 vrtljajev\/min<\/p>\n<\/li>\n<li data-start=\"1579\" data-end=\"1616\">\n<p data-start=\"1581\" data-end=\"1616\"><strong data-start=\"1581\" data-end=\"1595\">Napajanje:<\/strong> 220\u2013240V \/ 50\u201360Hz<\/p>\n<\/li>\n<li data-start=\"1617\" data-end=\"1634\">\n<p data-start=\"1619\" data-end=\"1634\"><strong data-start=\"1619\" data-end=\"1627\">Mo\u010d:<\/strong> 45 W<\/p>\n<\/li>\n<li data-start=\"1635\" data-end=\"1666\">\n<p data-start=\"1637\" data-end=\"1666\"><strong data-start=\"1637\" data-end=\"1653\">Te\u017ea ro\u010daja:<\/strong> cca. 160 g<\/p>\n<\/li>\n<li data-start=\"1667\" data-end=\"1718\">\n<p data-start=\"1669\" data-end=\"1718\"><strong data-start=\"1669\" data-end=\"1695\">Dol\u017eina kabla ro\u010dnika:<\/strong> do 135 cm (raztegljiv)<\/p>\n<article class=\"text-token-text-primary w-full focus:outline-none scroll-mt-[calc(var(--header-height)+min(200px,max(70px,20svh)))]\" dir=\"auto\" tabindex=\"-1\" data-turn-id=\"request-WEB:83d86450-049f-432c-8c1a-1fc6fa3cda13-1\" data-testid=\"conversation-turn-4\" data-scroll-anchor=\"true\" data-turn=\"assistant\">\n<div class=\"text-base my-auto mx-auto pb-10 [--thread-content-margin:--spacing(4)] @[37rem]:[--thread-content-margin:--spacing(6)] @[72rem]:[--thread-content-margin:--spacing(16)] px-(--thread-content-margin)\">\n<div class=\"[--thread-content-max-width:32rem] @[34rem]:[--thread-content-max-width:40rem] @[64rem]:[--thread-content-max-width:48rem] mx-auto max-w-(--thread-content-max-width) flex-1 group\/turn-messages focus-visible:outline-hidden relative flex w-full min-w-0 flex-col agent-turn\" tabindex=\"-1\">\n<div class=\"flex max-w-full flex-col grow\">\n<div class=\"min-h-8 text-message relative flex w-full flex-col items-end gap-2 text-start break-words whitespace-normal [.text-message+&amp;]:mt-5\" dir=\"auto\" data-message-author-role=\"assistant\" data-message-id=\"e8c1eab0-36c9-422c-b55e-48a4fd34cbd8\">\n<div class=\"flex w-full flex-col gap-1 empty:hidden first:pt-[3px]\">\n<div class=\"markdown prose dark:prose-invert w-full break-words light markdown-new-styling\">\n<p data-start=\"0\" data-end=\"81\" data-is-last-node=\"\" data-is-only-node=\"\">\n<\/div>\n<\/div>\n<\/div>\n<div class=\"my-2 flex flex-col\">\n<p><strong style=\"font-size: 1.2em;\">Ta izdelek je na voljo po naro\u010dilu!<\/strong><\/p>\n<ol>\n<li>Izberete produkt\/e in oddate naro\u010dilo. Pla\u010dilo izdelka <strong>po naro\u010dilu<\/strong> je mo\u017eno <strong>samo s predhodnim nakazilom na TRR<\/strong>. Cena dostave se zara\u010duna naknadno odvisno od oddaljenosti in te\u017ee izdelka.<\/li>\n<li>Ko prejmemo va\u0161e naro\u010dilo, vas kontaktiramo.<\/li>\n<li>Po dogovoru vam izstavimo <strong>avansni ra\u010dun v vi\u0161ini 50% vrednosti naro\u010dila.<\/strong> To je garancija za odkup izdelka. Dokler avansni ra\u010dun ni poravnan, se izdelek iz na\u0161e strani <strong>NE<\/strong> naro\u010di od na\u0161ega dobavitelja.<\/li>\n<li>Dobava izdelka je v\u00a0<strong>7-10 dni<\/strong>.<\/li>\n<li>Ob prejetju izdelka v na\u0161e skladi\u0161\u010de, vas o tem obvestimo in se pred dostavo poravna \u0161e preostalih <strong>50% zneska<\/strong>.<\/li>\n<li>\n<article class=\"text-token-text-primary w-full focus:outline-none scroll-mt-[calc(var(--header-height)+min(200px,max(70px,20svh)))]\" dir=\"auto\" tabindex=\"-1\" data-turn-id=\"request-WEB:83d86450-049f-432c-8c1a-1fc6fa3cda13-1\" data-testid=\"conversation-turn-4\" data-scroll-anchor=\"true\" data-turn=\"assistant\">\n<div class=\"text-base my-auto mx-auto pb-10 [--thread-content-margin:--spacing(4)] @[37rem]:[--thread-content-margin:--spacing(6)] @[72rem]:[--thread-content-margin:--spacing(16)] px-(--thread-content-margin)\">\n<div class=\"[--thread-content-max-width:32rem] @[34rem]:[--thread-content-max-width:40rem] @[64rem]:[--thread-content-max-width:48rem] mx-auto max-w-(--thread-content-max-width) flex-1 group\/turn-messages focus-visible:outline-hidden relative flex w-full min-w-0 flex-col agent-turn\" tabindex=\"-1\">\n<div class=\"flex max-w-full flex-col grow\">\n<div class=\"min-h-8 text-message relative flex w-full flex-col items-end gap-2 text-start break-words whitespace-normal [.text-message+&amp;]:mt-5\" dir=\"auto\" data-message-author-role=\"assistant\" data-message-id=\"e8c1eab0-36c9-422c-b55e-48a4fd34cbd8\">\n<div class=\"flex w-full flex-col gap-1 empty:hidden first:pt-[3px]\">\n<div class=\"markdown prose dark:prose-invert w-full break-words light markdown-new-styling\">\n<p data-start=\"0\" data-end=\"81\" data-is-last-node=\"\" data-is-only-node=\"\">Ko boste poravnali \u0161e zadnji del ra\u010duna, bomo paket izro\u010dili kurirju za dostavo.<\/p>\n<\/div>\n<\/div>\n<\/div>\n<\/div>\n<\/div>\n<\/div>\n<\/article>\n<\/li>\n<\/ol>\n<\/div>\n<\/div>\n<div class=\"flex min-h-[46px] justify-start\"><\/div>\n<\/div>\n<\/div>\n<\/article>\n<div class=\"pointer-events-none h-px w-px\" aria-hidden=\"true\" data-edge=\"true\"><\/div>\n<\/li>\n<\/ul>","protected":false},"excerpt":{"rendered":"<p><strong data-start=\"90\" data-end=\"121\">Marathon 3 Champion<\/strong> je visokokakovostni profesionalni vrtalnik za manikuro in pedikuro, zasnovan za natan\u010dno pripravo nohtov in obnohtne ko\u017eice. Z mo\u010dnim ro\u010dajem H200, nastavljivo hitrostjo do 30.000 vrt.\/min in no\u017enim pedalom omogo\u010da udobno, hitro in varno delo.<\/p>","protected":false},"featured_media":5738,"template":"","meta":{"site-sidebar-layout":"default","site-content-layout":"","ast-site-content-layout":"default","site-content-style":"default","site-sidebar-style":"default","ast-global-header-display":"","ast-banner-title-visibility":"","ast-main-header-display":"","ast-hfb-above-header-display":"","ast-hfb-below-header-display":"","ast-hfb-mobile-header-display":"","site-post-title":"","ast-breadcrumbs-content":"","ast-featured-img":"","footer-sml-layout":"","theme-transparent-header-meta":"default","adv-header-id-meta":"","stick-header-meta":"","header-above-stick-meta":"","header-main-stick-meta":"","header-below-stick-meta":"","astra-migrate-meta-layouts":"set","ast-page-background-enabled":"default","ast-page-background-meta":{"desktop":{"background-color":"","background-image":"","background-repeat":"repeat","background-position":"center center","background-size":"auto","background-attachment":"scroll","background-type":"","background-media":"","overlay-type":"","overlay-color":"","overlay-opacity":"","overlay-gradient":""},"tablet":{"background-color":"","background-image":"","background-repeat":"repeat","background-position":"center center","background-size":"auto","background-attachment":"scroll","background-type":"","background-media":"","overlay-type":"","overlay-color":"","overlay-opacity":"","overlay-gradient":""},"mobile":{"background-color":"","background-image":"","background-repeat":"repeat","background-position":"center center","background-size":"auto","background-attachment":"scroll","background-type":"","background-media":"","overlay-type":"","overlay-color":"","overlay-opacity":"","overlay-gradient":""}},"ast-content-background-meta":{"desktop":{"background-color":"var(--ast-global-color-5)","background-image":"","background-repeat":"repeat","background-position":"center center","background-size":"auto","background-attachment":"scroll","background-type":"","background-media":"","overlay-type":"","overlay-color":"","overlay-opacity":"","overlay-gradient":""},"tablet":{"background-color":"var(--ast-global-color-5)","background-image":"","background-repeat":"repeat","background-position":"center center","background-size":"auto","background-attachment":"scroll","background-type":"","background-media":"","overlay-type":"","overlay-color":"","overlay-opacity":"","overlay-gradient":""},"mobile":{"background-color":"var(--ast-global-color-5)","background-image":"","background-repeat":"repeat","background-position":"center center","background-size":"auto","background-attachment":"scroll","background-type":"","background-media":"","overlay-type":"","overlay-color":"","overlay-opacity":"","overlay-gradient":""}}},"product_brand":[],"product_cat":[98,77,73],"product_tag":[],"class_list":{"0":"post-5735","1":"product","2":"type-product","3":"status-publish","4":"has-post-thumbnail","6":"product_cat-brusilniki","7":"product_cat-kozmeticne-naprave","8":"product_cat-manikira","9":"desktop-align-left","10":"tablet-align-left","11":"mobile-align-left","13":"first","14":"instock","15":"taxable","16":"shipping-taxable","17":"purchasable","18":"product-type-simple"},"_links":{"self":[{"href":"https:\/\/lepika.si\/en\/wp-json\/wp\/v2\/product\/5735","targetHints":{"allow":["GET"]}}],"collection":[{"href":"https:\/\/lepika.si\/en\/wp-json\/wp\/v2\/product"}],"about":[{"href":"https:\/\/lepika.si\/en\/wp-json\/wp\/v2\/types\/product"}],"version-history":[{"count":5,"href":"https:\/\/lepika.si\/en\/wp-json\/wp\/v2\/product\/5735\/revisions"}],"predecessor-version":[{"id":6423,"href":"https:\/\/lepika.si\/en\/wp-json\/wp\/v2\/product\/5735\/revisions\/6423"}],"wp:featuredmedia":[{"embeddable":true,"href":"https:\/\/lepika.si\/en\/wp-json\/wp\/v2\/media\/5738"}],"wp:attachment":[{"href":"https:\/\/lepika.si\/en\/wp-json\/wp\/v2\/media?parent=5735"}],"wp:term":[{"taxonomy":"product_brand","embeddable":true,"href":"https:\/\/lepika.si\/en\/wp-json\/wp\/v2\/product_brand?post=5735"},{"taxonomy":"product_cat","embeddable":true,"href":"https:\/\/lepika.si\/en\/wp-json\/wp\/v2\/product_cat?post=5735"},{"taxonomy":"product_tag","embeddable":true,"href":"https:\/\/lepika.si\/en\/wp-json\/wp\/v2\/product_tag?post=5735"}],"curies":[{"name":"wp","href":"https:\/\/api.w.org\/{rel}","templated":true}]}}