{"id":6672,"date":"2026-04-18T10:15:04","date_gmt":"2026-04-18T10:15:04","guid":{"rendered":"https:\/\/lepika.si\/?post_type=product&#038;p=6672"},"modified":"2026-04-18T10:20:29","modified_gmt":"2026-04-18T10:20:29","slug":"okrasno-drevo-iz-roznatega-kremena-na-roznatem-kamnitem-podstavku","status":"publish","type":"product","link":"https:\/\/lepika.si\/en\/product\/okrasno-drevo-iz-roznatega-kremena-na-roznatem-kamnitem-podstavku\/","title":{"rendered":"Okrasno drevo iz ro\u017enatega kremena na ro\u017enatem kamnitem podstavku"},"content":{"rendered":"<p data-start=\"52\" data-end=\"328\">To \u010dudovito drevo iz kristalov ni le dekoracija, ampak energijski simbol, ki v va\u0161 prostor prina\u0161a harmonijo, mir in ne\u017eno, ljube\u010do energijo. Vsak detajl je ustvarjen z ob\u010dutkom za lepoto in ravnovesje, zato drevo deluje kot most med estetiko in subtilnim energijskim vplivom.<\/p>\n<p data-start=\"330\" data-end=\"740\">Drevo je sestavljeno iz 35 kamnov ro\u017enatega kremena, ki je znan kot kamen srca. Povezan je z ljubeznijo, so\u010dutjem, sprejemanjem in notranjim mirom. Njegova ne\u017ena energija pomaga umiriti \u010dustva, odpira srce in spodbuja tople, iskrene odnose \u2013 tako do drugih kot tudi do samega sebe. Postavljeno na ro\u017enatem kamnitem podstavku deluje kot stabilna osnova, ki \u0161e dodatno poudari ob\u010dutek varnosti in prizemljenosti.<\/p>\n<p data-start=\"742\" data-end=\"1093\">Posebnost tega drevesa so njegove veje, izdelane iz pro\u017ene kovinske \u017eice. To omogo\u010da, da jih lahko oblikujete po svoji intuiciji in ob\u010dutku. Vsak lahko ustvari svojo edinstveno obliko, s \u010dimer drevo postane osebni simbol energije, namena ali \u017eelje, ki jo \u017eelite vnesti v svoj prostor. Tako drevo ni nikoli popolnoma enako \u2013 vedno nosi del va\u0161e zgodbe.<\/p>\n<p data-start=\"1095\" data-end=\"1323\">Ko ga postavite v prostor, ne\u017eno vpliva na energijo okolice. Ustvarja ob\u010dutek topline, povezanosti in notranjega ravnovesja. Idealen je za dom, salon ali katerikoli koti\u010dek, kjer \u017eelite ve\u010d miru, ljubezni in pozitivne vibracije.<\/p>\n<p data-start=\"1325\" data-end=\"1507\">To drevo ni samo vizualno privla\u010den kos, ampak tudi simbol rasti, preobrazbe in notranje poti. Spominja nas, da tako kot drevo rastemo, se razvijamo in \u0161irimo svojo energijo navzven.<\/p>","protected":false},"excerpt":{"rendered":"<p>Okrasno drevo iz ro\u017enatega kremena na ro\u017enatem kamnitem podstavku<\/p>","protected":false},"featured_media":6673,"template":"","meta":{"site-sidebar-layout":"default","site-content-layout":"","ast-site-content-layout":"default","site-content-style":"default","site-sidebar-style":"default","ast-global-header-display":"","ast-banner-title-visibility":"","ast-main-header-display":"","ast-hfb-above-header-display":"","ast-hfb-below-header-display":"","ast-hfb-mobile-header-display":"","site-post-title":"","ast-breadcrumbs-content":"","ast-featured-img":"","footer-sml-layout":"","theme-transparent-header-meta":"default","adv-header-id-meta":"","stick-header-meta":"","header-above-stick-meta":"","header-main-stick-meta":"","header-below-stick-meta":"","astra-migrate-meta-layouts":"set","ast-page-background-enabled":"default","ast-page-background-meta":{"desktop":{"background-color":"","background-image":"","background-repeat":"repeat","background-position":"center center","background-size":"auto","background-attachment":"scroll","background-type":"","background-media":"","overlay-type":"","overlay-color":"","overlay-opacity":"","overlay-gradient":""},"tablet":{"background-color":"","background-image":"","background-repeat":"repeat","background-position":"center center","background-size":"auto","background-attachment":"scroll","background-type":"","background-media":"","overlay-type":"","overlay-color":"","overlay-opacity":"","overlay-gradient":""},"mobile":{"background-color":"","background-image":"","background-repeat":"repeat","background-position":"center center","background-size":"auto","background-attachment":"scroll","background-type":"","background-media":"","overlay-type":"","overlay-color":"","overlay-opacity":"","overlay-gradient":""}},"ast-content-background-meta":{"desktop":{"background-color":"var(--ast-global-color-5)","background-image":"","background-repeat":"repeat","background-position":"center center","background-size":"auto","background-attachment":"scroll","background-type":"","background-media":"","overlay-type":"","overlay-color":"","overlay-opacity":"","overlay-gradient":""},"tablet":{"background-color":"var(--ast-global-color-5)","background-image":"","background-repeat":"repeat","background-position":"center center","background-size":"auto","background-attachment":"scroll","background-type":"","background-media":"","overlay-type":"","overlay-color":"","overlay-opacity":"","overlay-gradient":""},"mobile":{"background-color":"var(--ast-global-color-5)","background-image":"","background-repeat":"repeat","background-position":"center center","background-size":"auto","background-attachment":"scroll","background-type":"","background-media":"","overlay-type":"","overlay-color":"","overlay-opacity":"","overlay-gradient":""}}},"product_brand":[],"product_cat":[109],"product_tag":[],"class_list":{"0":"post-6672","1":"product","2":"type-product","3":"status-publish","4":"has-post-thumbnail","6":"product_cat-kristali","7":"desktop-align-left","8":"tablet-align-left","9":"mobile-align-left","11":"first","12":"instock","13":"taxable","14":"shipping-taxable","15":"purchasable","16":"product-type-simple"},"_links":{"self":[{"href":"https:\/\/lepika.si\/en\/wp-json\/wp\/v2\/product\/6672","targetHints":{"allow":["GET"]}}],"collection":[{"href":"https:\/\/lepika.si\/en\/wp-json\/wp\/v2\/product"}],"about":[{"href":"https:\/\/lepika.si\/en\/wp-json\/wp\/v2\/types\/product"}],"version-history":[{"count":1,"href":"https:\/\/lepika.si\/en\/wp-json\/wp\/v2\/product\/6672\/revisions"}],"predecessor-version":[{"id":6676,"href":"https:\/\/lepika.si\/en\/wp-json\/wp\/v2\/product\/6672\/revisions\/6676"}],"wp:featuredmedia":[{"embeddable":true,"href":"https:\/\/lepika.si\/en\/wp-json\/wp\/v2\/media\/6673"}],"wp:attachment":[{"href":"https:\/\/lepika.si\/en\/wp-json\/wp\/v2\/media?parent=6672"}],"wp:term":[{"taxonomy":"product_brand","embeddable":true,"href":"https:\/\/lepika.si\/en\/wp-json\/wp\/v2\/product_brand?post=6672"},{"taxonomy":"product_cat","embeddable":true,"href":"https:\/\/lepika.si\/en\/wp-json\/wp\/v2\/product_cat?post=6672"},{"taxonomy":"product_tag","embeddable":true,"href":"https:\/\/lepika.si\/en\/wp-json\/wp\/v2\/product_tag?post=6672"}],"curies":[{"name":"wp","href":"https:\/\/api.w.org\/{rel}","templated":true}]}}